{"id":861,"date":"2022-06-28T22:30:07","date_gmt":"2022-06-28T21:30:07","guid":{"rendered":"https:\/\/www.idolly.art\/?post_type=product&#038;p=861"},"modified":"2025-06-30T00:46:03","modified_gmt":"2025-06-29T22:46:03","slug":"sunset-walking-with-whoman","status":"publish","type":"product","link":"https:\/\/www.idolly.art\/cs\/shop\/original-fine-art\/acrylic-on-canvas\/sunset-walking-with-whoman\/","title":{"rendered":"Sunset walking with WhoMan"},"content":{"rendered":"<p>Most p\u0159es jez\u00edrko ve Stromovce, vzd\u00e1len\u00fd lesopark, z\u00e1pad slunce. Dosp\u011bl\u00fd rodi\u010d s d\u00edt\u011btem na kole.<br \/>\nAkryl na pl\u00e1tn\u011b na kartonu, 18&#215;24 cm. Signov\u00e1no na p\u0159edn\u00ed stran\u011b, Borshch 2022. Ner\u00e1mov\u00e1no.<\/p>","protected":false},"excerpt":{"rendered":"<p>Impresionistick\u00e1 a figurativn\u00ed akrylov\u00e1 malba na pl\u00e1tn\u011b.\u00a018&#215;24 cm<\/p>","protected":false},"featured_media":1433,"template":"","meta":[],"product_brand":[],"product_cat":[52,40],"product_tag":[62,61,60,51],"class_list":{"0":"post-861","1":"product","2":"type-product","3":"status-publish","4":"has-post-thumbnail","6":"product_cat-acrylic-on-canvas","7":"product_cat-original-fine-art","8":"product_tag-contemporary-art","9":"product_tag-figurative","10":"product_tag-impressionism","11":"product_tag-whoman","12":"product_shipping_class-s-canvas","14":"first","15":"instock","16":"featured","17":"shipping-taxable","18":"purchasable","19":"product-type-simple"},"jetpack_sharing_enabled":true,"jetpack_likes_enabled":true,"jetpack-related-posts":[{"id":1806,"url":"https:\/\/www.idolly.art\/cs\/shop\/original-fine-art\/oil-on-canvas\/the-contortionists-poise\/","url_meta":{"origin":861,"position":0},"title":"The Contortionist&#8217;s Poise","author":"iDolly","date":"1 \u0159\u00edjna 2024","format":false,"excerpt":"The Contortionist's Poise 30x30 cm Oil on canvas Unveiling Circus Flexibility: The Contortionist's Poise' from my latest collection inspired by the mesmerizing world of circus. At This piece echoes my childhood memories spent mastering the art of contortion - bending and twisting with dreams as fluid as my movements. Now,\u2026","rel":"","context":"Podobn\u00fd p\u0159\u00edsp\u011bvek","block_context":{"text":"Podobn\u00fd p\u0159\u00edsp\u011bvek","link":""},"img":{"alt_text":"","src":"https:\/\/www.idolly.art\/wp-content\/uploads\/2024\/10\/img_8777-jpeg.avif","width":350,"height":200,"srcset":"https:\/\/www.idolly.art\/wp-content\/uploads\/2024\/10\/img_8777-jpeg.avif 1x, https:\/\/www.idolly.art\/wp-content\/uploads\/2024\/10\/img_8777-jpeg.avif 1.5x, https:\/\/www.idolly.art\/wp-content\/uploads\/2024\/10\/img_8777-jpeg.avif 2x, https:\/\/www.idolly.art\/wp-content\/uploads\/2024\/10\/img_8777-jpeg.avif 3x"},"classes":[]},{"id":1442,"url":"https:\/\/www.idolly.art\/cs\/shop\/original-fine-art\/oil-on-canvas\/what-you-need-it-for\/","url_meta":{"origin":861,"position":1},"title":"What you need it for?","author":"iDolly","date":"15 \u00fanora 2024","format":false,"excerpt":"WhoMan painting: fantasy sc\u00e9na s ku\u0159etem a panenkou Tento obraz je fantasy sc\u00e9na vytvo\u0159en\u00e1 olejov\u00fdmi barvami na pl\u00e1tn\u011b o rozm\u011brech 95x65 cm. Zobrazuje r\u016f\u017eov\u00e9ho mu\u017ee jm\u00e9nem WhoMan, kter\u00fd dr\u017e\u00ed v ruce telefon a nat\u00e1\u010d\u00ed video. Vypad\u00e1 p\u0159ekvapen\u011b a zv\u011bdav\u011b, jako by cht\u011bl zachytit neobvykl\u00fd okam\u017eik. V pop\u0159ed\u00ed obrazu je vid\u011bt\u2026","rel":"","context":"Podobn\u00fd p\u0159\u00edsp\u011bvek","block_context":{"text":"Podobn\u00fd p\u0159\u00edsp\u011bvek","link":""},"img":{"alt_text":"","src":"https:\/\/i0.wp.com\/www.idolly.art\/wp-content\/uploads\/2024\/02\/img_4032-scaled.jpeg?resize=350%2C200&ssl=1","width":350,"height":200,"srcset":"https:\/\/i0.wp.com\/www.idolly.art\/wp-content\/uploads\/2024\/02\/img_4032-scaled.jpeg?resize=350%2C200&ssl=1 1x, https:\/\/i0.wp.com\/www.idolly.art\/wp-content\/uploads\/2024\/02\/img_4032-scaled.jpeg?resize=525%2C300&ssl=1 1.5x, https:\/\/i0.wp.com\/www.idolly.art\/wp-content\/uploads\/2024\/02\/img_4032-scaled.jpeg?resize=700%2C400&ssl=1 2x, https:\/\/i0.wp.com\/www.idolly.art\/wp-content\/uploads\/2024\/02\/img_4032-scaled.jpeg?resize=1050%2C600&ssl=1 3x, https:\/\/i0.wp.com\/www.idolly.art\/wp-content\/uploads\/2024\/02\/img_4032-scaled.jpeg?resize=1400%2C800&ssl=1 4x"},"classes":[]},{"id":1416,"url":"https:\/\/www.idolly.art\/cs\/shop\/original-fine-art\/oil-on-canvas\/did-you-found-what-you-were-looking-for\/","url_meta":{"origin":861,"position":2},"title":"Did You Found What You Were Looking For?","author":"iDolly","date":"12 \u00fanora 2024","format":false,"excerpt":"\"Did You Found What You Were Looking For?\" - toto um\u011bleck\u00e9 d\u00edlo poch\u00e1z\u00ed z nejnov\u011bj\u0161\u00ed s\u00e9rie WhoMan Matrix od mal\u00ed\u0159e Idolly.art. Obraz o\u017eivuje r\u016f\u017eov\u00e9 postavi\u010dky, p\u0159id\u00e1v\u00e1 jim re\u00e1ln\u011bj\u0161\u00ed rysy, jako by \u0161lo o dal\u0161\u00ed etap jejich evoluce. Na pl\u00e1tn\u011b je zobrazen poh\u00e1dkov\u00fd les s stromem, r\u016f\u017eov\u00e1 postavi\u010dka vyleze z kr\u00e1li\u010d\u00ed\u2026","rel":"","context":"Podobn\u00fd p\u0159\u00edsp\u011bvek","block_context":{"text":"Podobn\u00fd p\u0159\u00edsp\u011bvek","link":""},"img":{"alt_text":"","src":"https:\/\/i0.wp.com\/www.idolly.art\/wp-content\/uploads\/2024\/02\/img_3506-scaled.jpeg?resize=350%2C200&ssl=1","width":350,"height":200,"srcset":"https:\/\/i0.wp.com\/www.idolly.art\/wp-content\/uploads\/2024\/02\/img_3506-scaled.jpeg?resize=350%2C200&ssl=1 1x, https:\/\/i0.wp.com\/www.idolly.art\/wp-content\/uploads\/2024\/02\/img_3506-scaled.jpeg?resize=525%2C300&ssl=1 1.5x, https:\/\/i0.wp.com\/www.idolly.art\/wp-content\/uploads\/2024\/02\/img_3506-scaled.jpeg?resize=700%2C400&ssl=1 2x, https:\/\/i0.wp.com\/www.idolly.art\/wp-content\/uploads\/2024\/02\/img_3506-scaled.jpeg?resize=1050%2C600&ssl=1 3x, https:\/\/i0.wp.com\/www.idolly.art\/wp-content\/uploads\/2024\/02\/img_3506-scaled.jpeg?resize=1400%2C800&ssl=1 4x"},"classes":[]},{"id":728,"url":"https:\/\/www.idolly.art\/cs\/shop\/original-fine-art\/oil-on-canvas\/superbia\/","url_meta":{"origin":861,"position":3},"title":"Superbia","author":"iDolly","date":"7 ledna 2022","format":false,"excerpt":"Origin\u00e1ln\u00ed d\u00edlo, akryl a olej na pl\u00e1tn\u011b, r\u00e1m z masivn\u00edho d\u0159eva 77,7 \u00d7 77,7 cm","rel":"","context":"Podobn\u00fd p\u0159\u00edsp\u011bvek","block_context":{"text":"Podobn\u00fd p\u0159\u00edsp\u011bvek","link":""},"img":{"alt_text":"","src":"https:\/\/i0.wp.com\/www.idolly.art\/wp-content\/uploads\/2022\/01\/B4B5C6F1-2C83-46D8-9BD5-75F7C5CB4554-scaled.jpeg?resize=350%2C200&ssl=1","width":350,"height":200,"srcset":"https:\/\/i0.wp.com\/www.idolly.art\/wp-content\/uploads\/2022\/01\/B4B5C6F1-2C83-46D8-9BD5-75F7C5CB4554-scaled.jpeg?resize=350%2C200&ssl=1 1x, https:\/\/i0.wp.com\/www.idolly.art\/wp-content\/uploads\/2022\/01\/B4B5C6F1-2C83-46D8-9BD5-75F7C5CB4554-scaled.jpeg?resize=525%2C300&ssl=1 1.5x, https:\/\/i0.wp.com\/www.idolly.art\/wp-content\/uploads\/2022\/01\/B4B5C6F1-2C83-46D8-9BD5-75F7C5CB4554-scaled.jpeg?resize=700%2C400&ssl=1 2x, https:\/\/i0.wp.com\/www.idolly.art\/wp-content\/uploads\/2022\/01\/B4B5C6F1-2C83-46D8-9BD5-75F7C5CB4554-scaled.jpeg?resize=1050%2C600&ssl=1 3x, https:\/\/i0.wp.com\/www.idolly.art\/wp-content\/uploads\/2022\/01\/B4B5C6F1-2C83-46D8-9BD5-75F7C5CB4554-scaled.jpeg?resize=1400%2C800&ssl=1 4x"},"classes":[]},{"id":1424,"url":"https:\/\/www.idolly.art\/cs\/shop\/original-fine-art\/oil-on-canvas\/what-are-they-doing\/","url_meta":{"origin":861,"position":4},"title":"What Are They Doing?","author":"iDolly","date":"12 \u00fanora 2024","format":false,"excerpt":"\"What Are They Doing?\" - dal\u0161\u00ed d\u00edlo z nejnov\u011bj\u0161\u00ed s\u00e9rie od mal\u00ed\u0159e Idolly.art. Na t\u00e9to malb\u011b jsou zobrazeni Simpsonovi sed\u00edc\u00ed p\u0159ed televiz\u00ed a poprv\u00e9 na ni vstupuj\u00ed mod\u0159\u00ed lid\u00e9. Modr\u00fd Homer Simpson, Marge a Bart, r\u016f\u017eov\u00e1 Lisa a b\u00edl\u00e1 Maggie vytv\u00e1\u0159ej\u00ed \u00fa\u017easn\u00fd kontrast. Velikost obrazu je 95x65 cm, olejomalba","rel":"","context":"Podobn\u00fd p\u0159\u00edsp\u011bvek","block_context":{"text":"Podobn\u00fd p\u0159\u00edsp\u011bvek","link":""},"img":{"alt_text":"","src":"https:\/\/i0.wp.com\/www.idolly.art\/wp-content\/uploads\/2024\/02\/img_0879-2-scaled.jpeg?resize=350%2C200&ssl=1","width":350,"height":200,"srcset":"https:\/\/i0.wp.com\/www.idolly.art\/wp-content\/uploads\/2024\/02\/img_0879-2-scaled.jpeg?resize=350%2C200&ssl=1 1x, https:\/\/i0.wp.com\/www.idolly.art\/wp-content\/uploads\/2024\/02\/img_0879-2-scaled.jpeg?resize=525%2C300&ssl=1 1.5x, https:\/\/i0.wp.com\/www.idolly.art\/wp-content\/uploads\/2024\/02\/img_0879-2-scaled.jpeg?resize=700%2C400&ssl=1 2x, https:\/\/i0.wp.com\/www.idolly.art\/wp-content\/uploads\/2024\/02\/img_0879-2-scaled.jpeg?resize=1050%2C600&ssl=1 3x, https:\/\/i0.wp.com\/www.idolly.art\/wp-content\/uploads\/2024\/02\/img_0879-2-scaled.jpeg?resize=1400%2C800&ssl=1 4x"},"classes":[]},{"id":1808,"url":"https:\/\/www.idolly.art\/cs\/shop\/original-fine-art\/oil-on-canvas\/after-the-applause\/","url_meta":{"origin":861,"position":5},"title":"After the Applause","author":"iDolly","date":"1 \u0159\u00edjna 2024","format":false,"excerpt":"The painting depicts a circus scene. In the center is a tent with red and white stripes, the entrance to which is lit from within, creating a warm glow. Inside the tent you can see two figures: on the left stands your WhoMan character with indistinct facial and body features,\u2026","rel":"","context":"Podobn\u00fd p\u0159\u00edsp\u011bvek","block_context":{"text":"Podobn\u00fd p\u0159\u00edsp\u011bvek","link":""},"img":{"alt_text":"","src":"https:\/\/www.idolly.art\/wp-content\/uploads\/2024\/10\/img_8678-scaled.avif","width":350,"height":200,"srcset":"https:\/\/www.idolly.art\/wp-content\/uploads\/2024\/10\/img_8678-scaled.avif 1x, https:\/\/www.idolly.art\/wp-content\/uploads\/2024\/10\/img_8678-scaled.avif 1.5x, https:\/\/www.idolly.art\/wp-content\/uploads\/2024\/10\/img_8678-scaled.avif 2x, https:\/\/www.idolly.art\/wp-content\/uploads\/2024\/10\/img_8678-scaled.avif 3x, https:\/\/www.idolly.art\/wp-content\/uploads\/2024\/10\/img_8678-scaled.avif 4x"},"classes":[]}],"_links":{"self":[{"href":"https:\/\/www.idolly.art\/cs\/wp-json\/wp\/v2\/product\/861","targetHints":{"allow":["GET"]}}],"collection":[{"href":"https:\/\/www.idolly.art\/cs\/wp-json\/wp\/v2\/product"}],"about":[{"href":"https:\/\/www.idolly.art\/cs\/wp-json\/wp\/v2\/types\/product"}],"wp:featuredmedia":[{"embeddable":true,"href":"https:\/\/www.idolly.art\/cs\/wp-json\/wp\/v2\/media\/1433"}],"wp:attachment":[{"href":"https:\/\/www.idolly.art\/cs\/wp-json\/wp\/v2\/media?parent=861"}],"wp:term":[{"taxonomy":"product_brand","embeddable":true,"href":"https:\/\/www.idolly.art\/cs\/wp-json\/wp\/v2\/product_brand?post=861"},{"taxonomy":"product_cat","embeddable":true,"href":"https:\/\/www.idolly.art\/cs\/wp-json\/wp\/v2\/product_cat?post=861"},{"taxonomy":"product_tag","embeddable":true,"href":"https:\/\/www.idolly.art\/cs\/wp-json\/wp\/v2\/product_tag?post=861"}],"curies":[{"name":"wp","href":"https:\/\/api.w.org\/{rel}","templated":true}]}}