{"id":859,"date":"2022-06-28T22:27:26","date_gmt":"2022-06-28T21:27:26","guid":{"rendered":"https:\/\/www.idolly.art\/?post_type=product&#038;p=859"},"modified":"2025-06-30T00:46:03","modified_gmt":"2025-06-29T22:46:03","slug":"whoman-wanderer-above-the-sea-of-fog","status":"publish","type":"product","link":"https:\/\/www.idolly.art\/cs\/shop\/original-fine-art\/acrylic-on-canvas\/whoman-wanderer-above-the-sea-of-fog\/","title":{"rendered":"WhoMan Wanderer above the Sea of Fog"},"content":{"rendered":"<p>Wanderer above the Sea of Fog &#8211; Tribute Art to Original Painting by Caspar David Friedrich<\/p>","protected":false},"excerpt":{"rendered":"<p>Impresionism and figurative acrylic painting on canvas board<\/p>","protected":false},"featured_media":1672,"template":"","meta":[],"product_brand":[],"product_cat":[52,40],"product_tag":[51],"class_list":{"0":"post-859","1":"product","2":"type-product","3":"status-publish","4":"has-post-thumbnail","6":"product_cat-acrylic-on-canvas","7":"product_cat-original-fine-art","8":"product_tag-whoman","9":"product_shipping_class-s-canvas","11":"first","12":"instock","13":"featured","14":"shipping-taxable","15":"purchasable","16":"product-type-simple"},"jetpack_sharing_enabled":true,"jetpack_likes_enabled":true,"jetpack-related-posts":[{"id":1905,"url":"https:\/\/www.idolly.art\/cs\/shop\/custom-painting\/circus-2-2\/","url_meta":{"origin":859,"position":0},"title":"Custom &#8220;Circus&#8221; copy order","author":"iDolly","date":"31 \u0159\u00edjna 2024","format":false,"excerpt":"200x110 cm Oil painting","rel":"","context":"Podobn\u00fd p\u0159\u00edsp\u011bvek","block_context":{"text":"Podobn\u00fd p\u0159\u00edsp\u011bvek","link":""},"img":{"alt_text":"","src":"https:\/\/www.idolly.art\/wp-content\/uploads\/2024\/10\/img_8780-jpeg.avif","width":350,"height":200,"srcset":"https:\/\/www.idolly.art\/wp-content\/uploads\/2024\/10\/img_8780-jpeg.avif 1x, https:\/\/www.idolly.art\/wp-content\/uploads\/2024\/10\/img_8780-jpeg.avif 1.5x, https:\/\/www.idolly.art\/wp-content\/uploads\/2024\/10\/img_8780-jpeg.avif 2x, https:\/\/www.idolly.art\/wp-content\/uploads\/2024\/10\/img_8780-jpeg.avif 3x"},"classes":[]},{"id":849,"url":"https:\/\/www.idolly.art\/cs\/shop\/original-fine-art\/acrylic-on-canvas\/grotesque-as-a-mirror-of-reality-spring\/","url_meta":{"origin":859,"position":1},"title":"Grotesque as a mirror of reality Spring","author":"creator","date":"28 \u010dervna 2022","format":false,"excerpt":"Abstract and figurative expressionism acrylic painting on cotton canvas 2x2m","rel":"","context":"Podobn\u00fd p\u0159\u00edsp\u011bvek","block_context":{"text":"Podobn\u00fd p\u0159\u00edsp\u011bvek","link":""},"img":{"alt_text":"iDolly Artwork, Daria Borshch Painting, Abstract Acrylic Art, Emotional Depth in Art, Human Psyche Representation, Vibrant Art Collection, Contemporary Masterpiece, Artistic Exploration, Visual Splendor, Psychological Introspection","src":"https:\/\/i0.wp.com\/www.idolly.art\/wp-content\/uploads\/2024\/02\/img_0432.jpeg?resize=350%2C200&ssl=1","width":350,"height":200,"srcset":"https:\/\/i0.wp.com\/www.idolly.art\/wp-content\/uploads\/2024\/02\/img_0432.jpeg?resize=350%2C200&ssl=1 1x, https:\/\/i0.wp.com\/www.idolly.art\/wp-content\/uploads\/2024\/02\/img_0432.jpeg?resize=525%2C300&ssl=1 1.5x, https:\/\/i0.wp.com\/www.idolly.art\/wp-content\/uploads\/2024\/02\/img_0432.jpeg?resize=700%2C400&ssl=1 2x"},"classes":[]},{"id":1673,"url":"https:\/\/www.idolly.art\/cs\/shop\/original-fine-art\/oil-on-canvas\/campfire\/","url_meta":{"origin":859,"position":2},"title":"Campfire","author":"iDolly","date":"30 dubna 2024","format":false,"excerpt":"110x200cmoil painting on canvas This mesmerizing painting is the first work in the WhoMan series, which vividly captures the essence of the serene moments that many long for in the rush of everyday life. The scene unfolds under a starry sky that transitions from deep twilight to bright azure, enhancing\u2026","rel":"","context":"Podobn\u00fd p\u0159\u00edsp\u011bvek","block_context":{"text":"Podobn\u00fd p\u0159\u00edsp\u011bvek","link":""},"img":{"alt_text":"Group of friends enjoying a serene night around a glowing campfire under a starry sky, depicted in iDolly\u2019s vibrant acrylic painting \u2018Campfire\u2019 on a large canvas.","src":"https:\/\/i0.wp.com\/www.idolly.art\/wp-content\/uploads\/2024\/03\/IMG_5684-scaled.jpg?resize=350%2C200&ssl=1","width":350,"height":200,"srcset":"https:\/\/i0.wp.com\/www.idolly.art\/wp-content\/uploads\/2024\/03\/IMG_5684-scaled.jpg?resize=350%2C200&ssl=1 1x, https:\/\/i0.wp.com\/www.idolly.art\/wp-content\/uploads\/2024\/03\/IMG_5684-scaled.jpg?resize=525%2C300&ssl=1 1.5x, https:\/\/i0.wp.com\/www.idolly.art\/wp-content\/uploads\/2024\/03\/IMG_5684-scaled.jpg?resize=700%2C400&ssl=1 2x, https:\/\/i0.wp.com\/www.idolly.art\/wp-content\/uploads\/2024\/03\/IMG_5684-scaled.jpg?resize=1050%2C600&ssl=1 3x, https:\/\/i0.wp.com\/www.idolly.art\/wp-content\/uploads\/2024\/03\/IMG_5684-scaled.jpg?resize=1400%2C800&ssl=1 4x"},"classes":[]},{"id":2206,"url":"https:\/\/www.idolly.art\/cs\/shop\/original-fine-art\/oil-on-canvas\/happiness-30mg\/","url_meta":{"origin":859,"position":3},"title":"Happiness 30mg","author":"creator","date":"28 listopadu 2025","format":false,"excerpt":"\"Happiness. In a perfect, controlled dose. 30mg. Just enough to make you smile \u2014 or maybe to make you question it.\" This painting is called \"Happiness 30mg.\" Because we live in a world where emotions are measured, prescribed, and sometimes faked. Where smiles can be masks, and joy can feel\u2026","rel":"","context":"Podobn\u00fd p\u0159\u00edsp\u011bvek","block_context":{"text":"Podobn\u00fd p\u0159\u00edsp\u011bvek","link":""},"img":{"alt_text":"","src":"https:\/\/i0.wp.com\/www.idolly.art\/wp-content\/uploads\/2025\/11\/img_9979-scaled.webp?resize=350%2C200&ssl=1","width":350,"height":200,"srcset":"https:\/\/i0.wp.com\/www.idolly.art\/wp-content\/uploads\/2025\/11\/img_9979-scaled.webp?resize=350%2C200&ssl=1 1x, https:\/\/i0.wp.com\/www.idolly.art\/wp-content\/uploads\/2025\/11\/img_9979-scaled.webp?resize=525%2C300&ssl=1 1.5x, https:\/\/i0.wp.com\/www.idolly.art\/wp-content\/uploads\/2025\/11\/img_9979-scaled.webp?resize=700%2C400&ssl=1 2x, https:\/\/i0.wp.com\/www.idolly.art\/wp-content\/uploads\/2025\/11\/img_9979-scaled.webp?resize=1050%2C600&ssl=1 3x, https:\/\/i0.wp.com\/www.idolly.art\/wp-content\/uploads\/2025\/11\/img_9979-scaled.webp?resize=1400%2C800&ssl=1 4x"},"classes":[]},{"id":2113,"url":"https:\/\/www.idolly.art\/cs\/shop\/original-fine-art\/oil-on-canvas\/the-little-knight-painting\/","url_meta":{"origin":859,"position":4},"title":"The Little Knight","author":"creator","date":"2 \u010dervence 2025","format":false,"excerpt":"Medium: Oil on canvas Size: 200x140cm","rel":"","context":"Podobn\u00fd p\u0159\u00edsp\u011bvek","block_context":{"text":"Podobn\u00fd p\u0159\u00edsp\u011bvek","link":""},"img":{"alt_text":"","src":"https:\/\/i0.wp.com\/www.idolly.art\/wp-content\/uploads\/2025\/06\/img_2652-1-scaled.webp?resize=350%2C200&ssl=1","width":350,"height":200,"srcset":"https:\/\/i0.wp.com\/www.idolly.art\/wp-content\/uploads\/2025\/06\/img_2652-1-scaled.webp?resize=350%2C200&ssl=1 1x, https:\/\/i0.wp.com\/www.idolly.art\/wp-content\/uploads\/2025\/06\/img_2652-1-scaled.webp?resize=525%2C300&ssl=1 1.5x, https:\/\/i0.wp.com\/www.idolly.art\/wp-content\/uploads\/2025\/06\/img_2652-1-scaled.webp?resize=700%2C400&ssl=1 2x, https:\/\/i0.wp.com\/www.idolly.art\/wp-content\/uploads\/2025\/06\/img_2652-1-scaled.webp?resize=1050%2C600&ssl=1 3x, https:\/\/i0.wp.com\/www.idolly.art\/wp-content\/uploads\/2025\/06\/img_2652-1-scaled.webp?resize=1400%2C800&ssl=1 4x"},"classes":[]},{"id":2223,"url":"https:\/\/www.idolly.art\/cs\/shop\/original-fine-art\/oil-on-canvas\/choice\/","url_meta":{"origin":859,"position":5},"title":"Choice","author":"creator","date":"28 listopadu 2025","format":false,"excerpt":"\"Choice is never just about one decision. It's the weight of everything you choose \u2014 and everything you leave behind.\" This painting is called \"Choice.\" Two hands, two symbols. In one hand \u2014 a delicate vial of Felix Felicis, liquid luck. The promise of success, the thrill of risk. A\u2026","rel":"","context":"Podobn\u00fd p\u0159\u00edsp\u011bvek","block_context":{"text":"Podobn\u00fd p\u0159\u00edsp\u011bvek","link":""},"img":{"alt_text":"","src":"https:\/\/i0.wp.com\/www.idolly.art\/wp-content\/uploads\/2025\/11\/img_9473-scaled.webp?resize=350%2C200&ssl=1","width":350,"height":200,"srcset":"https:\/\/i0.wp.com\/www.idolly.art\/wp-content\/uploads\/2025\/11\/img_9473-scaled.webp?resize=350%2C200&ssl=1 1x, https:\/\/i0.wp.com\/www.idolly.art\/wp-content\/uploads\/2025\/11\/img_9473-scaled.webp?resize=525%2C300&ssl=1 1.5x, https:\/\/i0.wp.com\/www.idolly.art\/wp-content\/uploads\/2025\/11\/img_9473-scaled.webp?resize=700%2C400&ssl=1 2x, https:\/\/i0.wp.com\/www.idolly.art\/wp-content\/uploads\/2025\/11\/img_9473-scaled.webp?resize=1050%2C600&ssl=1 3x, https:\/\/i0.wp.com\/www.idolly.art\/wp-content\/uploads\/2025\/11\/img_9473-scaled.webp?resize=1400%2C800&ssl=1 4x"},"classes":[]}],"_links":{"self":[{"href":"https:\/\/www.idolly.art\/cs\/wp-json\/wp\/v2\/product\/859","targetHints":{"allow":["GET"]}}],"collection":[{"href":"https:\/\/www.idolly.art\/cs\/wp-json\/wp\/v2\/product"}],"about":[{"href":"https:\/\/www.idolly.art\/cs\/wp-json\/wp\/v2\/types\/product"}],"wp:featuredmedia":[{"embeddable":true,"href":"https:\/\/www.idolly.art\/cs\/wp-json\/wp\/v2\/media\/1672"}],"wp:attachment":[{"href":"https:\/\/www.idolly.art\/cs\/wp-json\/wp\/v2\/media?parent=859"}],"wp:term":[{"taxonomy":"product_brand","embeddable":true,"href":"https:\/\/www.idolly.art\/cs\/wp-json\/wp\/v2\/product_brand?post=859"},{"taxonomy":"product_cat","embeddable":true,"href":"https:\/\/www.idolly.art\/cs\/wp-json\/wp\/v2\/product_cat?post=859"},{"taxonomy":"product_tag","embeddable":true,"href":"https:\/\/www.idolly.art\/cs\/wp-json\/wp\/v2\/product_tag?post=859"}],"curies":[{"name":"wp","href":"https:\/\/api.w.org\/{rel}","templated":true}]}}