{"id":725,"date":"2022-01-07T12:56:18","date_gmt":"2022-01-07T11:56:18","guid":{"rendered":"https:\/\/www.idolly.art\/?post_type=product&#038;p=725"},"modified":"2025-06-30T00:46:04","modified_gmt":"2025-06-29T22:46:04","slug":"grotesque-as-a-mirror-of-reality-winter","status":"publish","type":"product","link":"https:\/\/www.idolly.art\/cs\/shop\/original-fine-art\/acrylic-on-canvas\/grotesque-as-a-mirror-of-reality-winter\/","title":{"rendered":"Grotesque as a mirror of reality Winter"},"content":{"rendered":"<p>Abstract and figurative expressionism acrylic painting on cotton canvas 2x2m<\/p>","protected":false},"excerpt":{"rendered":"<p>Abstract and figurative expressionism acrylic painting on cotton canvas 2x2m<\/p>","protected":false},"featured_media":1464,"template":"","meta":[],"product_brand":[],"product_cat":[52,40],"product_tag":[36],"class_list":{"0":"post-725","1":"product","2":"type-product","3":"status-publish","4":"has-post-thumbnail","6":"product_cat-acrylic-on-canvas","7":"product_cat-original-fine-art","8":"product_tag-grotesque","9":"product_shipping_class-xl-canvas","11":"first","12":"instock","13":"shipping-taxable","14":"purchasable","15":"product-type-simple"},"jetpack_sharing_enabled":true,"jetpack_likes_enabled":true,"jetpack-related-posts":[{"id":849,"url":"https:\/\/www.idolly.art\/cs\/shop\/original-fine-art\/acrylic-on-canvas\/grotesque-as-a-mirror-of-reality-spring\/","url_meta":{"origin":725,"position":0},"title":"Grotesque as a mirror of reality Spring","author":"creator","date":"28 \u010dervna 2022","format":false,"excerpt":"Abstract and figurative expressionism acrylic painting on cotton canvas 2x2m","rel":"","context":"Podobn\u00fd p\u0159\u00edsp\u011bvek","block_context":{"text":"Podobn\u00fd p\u0159\u00edsp\u011bvek","link":""},"img":{"alt_text":"iDolly Artwork, Daria Borshch Painting, Abstract Acrylic Art, Emotional Depth in Art, Human Psyche Representation, Vibrant Art Collection, Contemporary Masterpiece, Artistic Exploration, Visual Splendor, Psychological Introspection","src":"https:\/\/i0.wp.com\/www.idolly.art\/wp-content\/uploads\/2024\/02\/img_0432.jpeg?resize=350%2C200&ssl=1","width":350,"height":200,"srcset":"https:\/\/i0.wp.com\/www.idolly.art\/wp-content\/uploads\/2024\/02\/img_0432.jpeg?resize=350%2C200&ssl=1 1x, https:\/\/i0.wp.com\/www.idolly.art\/wp-content\/uploads\/2024\/02\/img_0432.jpeg?resize=525%2C300&ssl=1 1.5x, https:\/\/i0.wp.com\/www.idolly.art\/wp-content\/uploads\/2024\/02\/img_0432.jpeg?resize=700%2C400&ssl=1 2x"},"classes":[]},{"id":721,"url":"https:\/\/www.idolly.art\/cs\/shop\/original-fine-art\/acrylic-on-canvas\/grotesque-as-a-mirror-of-reality-summer\/","url_meta":{"origin":725,"position":1},"title":"Grotesque as a mirror of reality Summer","author":"iDolly","date":"7 ledna 2022","format":false,"excerpt":"Abstract and figurative expressionism acrylic painting on cotton canvas 2x2m","rel":"","context":"Podobn\u00fd p\u0159\u00edsp\u011bvek","block_context":{"text":"Podobn\u00fd p\u0159\u00edsp\u011bvek","link":""},"img":{"alt_text":"iDolly Artwork, Daria Borshch Painting, Abstract Acrylic Art, Emotional Depth in Art, Human Psyche Representation, Vibrant Art Collection, Contemporary Masterpiece, Artistic Exploration, Visual Splendor, Psychological Introspection","src":"https:\/\/i0.wp.com\/www.idolly.art\/wp-content\/uploads\/2024\/02\/img_0812.jpeg?resize=350%2C200&ssl=1","width":350,"height":200,"srcset":"https:\/\/i0.wp.com\/www.idolly.art\/wp-content\/uploads\/2024\/02\/img_0812.jpeg?resize=350%2C200&ssl=1 1x, https:\/\/i0.wp.com\/www.idolly.art\/wp-content\/uploads\/2024\/02\/img_0812.jpeg?resize=525%2C300&ssl=1 1.5x, https:\/\/i0.wp.com\/www.idolly.art\/wp-content\/uploads\/2024\/02\/img_0812.jpeg?resize=700%2C400&ssl=1 2x, https:\/\/i0.wp.com\/www.idolly.art\/wp-content\/uploads\/2024\/02\/img_0812.jpeg?resize=1050%2C600&ssl=1 3x, https:\/\/i0.wp.com\/www.idolly.art\/wp-content\/uploads\/2024\/02\/img_0812.jpeg?resize=1400%2C800&ssl=1 4x"},"classes":[]},{"id":851,"url":"https:\/\/www.idolly.art\/cs\/shop\/original-fine-art\/acrylic-on-canvas\/grotesque-as-a-mirror-of-reality-autumn\/","url_meta":{"origin":725,"position":2},"title":"Grotesque as a mirror of reality Autumn","author":"creator","date":"28 \u010dervna 2022","format":false,"excerpt":"Abstract and figurative expressionism acrylic painting on cotton canvas 2x2m","rel":"","context":"Podobn\u00fd p\u0159\u00edsp\u011bvek","block_context":{"text":"Podobn\u00fd p\u0159\u00edsp\u011bvek","link":""},"img":{"alt_text":"iDolly Artwork, Daria Borshch Painting, Abstract Acrylic Art, Emotional Depth in Art, Human Psyche Representation, Vibrant Art Collection, Contemporary Masterpiece, Artistic Exploration, Visual Splendor, Psychological Introspection","src":"https:\/\/i0.wp.com\/www.idolly.art\/wp-content\/uploads\/2024\/02\/img_1861.jpeg?resize=350%2C200&ssl=1","width":350,"height":200,"srcset":"https:\/\/i0.wp.com\/www.idolly.art\/wp-content\/uploads\/2024\/02\/img_1861.jpeg?resize=350%2C200&ssl=1 1x, https:\/\/i0.wp.com\/www.idolly.art\/wp-content\/uploads\/2024\/02\/img_1861.jpeg?resize=525%2C300&ssl=1 1.5x, https:\/\/i0.wp.com\/www.idolly.art\/wp-content\/uploads\/2024\/02\/img_1861.jpeg?resize=700%2C400&ssl=1 2x, https:\/\/i0.wp.com\/www.idolly.art\/wp-content\/uploads\/2024\/02\/img_1861.jpeg?resize=1050%2C600&ssl=1 3x, https:\/\/i0.wp.com\/www.idolly.art\/wp-content\/uploads\/2024\/02\/img_1861.jpeg?resize=1400%2C800&ssl=1 4x"},"classes":[]},{"id":853,"url":"https:\/\/www.idolly.art\/cs\/shop\/original-fine-art\/acrylic-on-canvas\/campfire-with-a-whoman\/","url_meta":{"origin":725,"position":3},"title":"Campfire with a WhoMan","author":"creator","date":"28 \u010dervna 2022","format":false,"excerpt":"Impresionism and figurative acrylic painting on canvas board","rel":"","context":"Podobn\u00fd p\u0159\u00edsp\u011bvek","block_context":{"text":"Podobn\u00fd p\u0159\u00edsp\u011bvek","link":""},"img":{"alt_text":"","src":"https:\/\/i0.wp.com\/www.idolly.art\/wp-content\/uploads\/2024\/02\/img_3129-scaled.jpeg?resize=350%2C200&ssl=1","width":350,"height":200,"srcset":"https:\/\/i0.wp.com\/www.idolly.art\/wp-content\/uploads\/2024\/02\/img_3129-scaled.jpeg?resize=350%2C200&ssl=1 1x, https:\/\/i0.wp.com\/www.idolly.art\/wp-content\/uploads\/2024\/02\/img_3129-scaled.jpeg?resize=525%2C300&ssl=1 1.5x, https:\/\/i0.wp.com\/www.idolly.art\/wp-content\/uploads\/2024\/02\/img_3129-scaled.jpeg?resize=700%2C400&ssl=1 2x, https:\/\/i0.wp.com\/www.idolly.art\/wp-content\/uploads\/2024\/02\/img_3129-scaled.jpeg?resize=1050%2C600&ssl=1 3x, https:\/\/i0.wp.com\/www.idolly.art\/wp-content\/uploads\/2024\/02\/img_3129-scaled.jpeg?resize=1400%2C800&ssl=1 4x"},"classes":[]},{"id":857,"url":"https:\/\/www.idolly.art\/cs\/shop\/original-fine-art\/acrylic-on-canvas\/summer-lake-with-whoman\/","url_meta":{"origin":725,"position":4},"title":"Summer lake with WhoMan","author":"creator","date":"28 \u010dervna 2022","format":false,"excerpt":"Impresionism and figurative acrylic painting on canvas board","rel":"","context":"Podobn\u00fd p\u0159\u00edsp\u011bvek","block_context":{"text":"Podobn\u00fd p\u0159\u00edsp\u011bvek","link":""},"img":{"alt_text":"","src":"https:\/\/i0.wp.com\/www.idolly.art\/wp-content\/uploads\/2024\/02\/64fafd6d-06ce-48bb-a4f4-5d0a60a28116.jpeg?resize=350%2C200&ssl=1","width":350,"height":200,"srcset":"https:\/\/i0.wp.com\/www.idolly.art\/wp-content\/uploads\/2024\/02\/64fafd6d-06ce-48bb-a4f4-5d0a60a28116.jpeg?resize=350%2C200&ssl=1 1x, https:\/\/i0.wp.com\/www.idolly.art\/wp-content\/uploads\/2024\/02\/64fafd6d-06ce-48bb-a4f4-5d0a60a28116.jpeg?resize=525%2C300&ssl=1 1.5x, https:\/\/i0.wp.com\/www.idolly.art\/wp-content\/uploads\/2024\/02\/64fafd6d-06ce-48bb-a4f4-5d0a60a28116.jpeg?resize=700%2C400&ssl=1 2x, https:\/\/i0.wp.com\/www.idolly.art\/wp-content\/uploads\/2024\/02\/64fafd6d-06ce-48bb-a4f4-5d0a60a28116.jpeg?resize=1050%2C600&ssl=1 3x, https:\/\/i0.wp.com\/www.idolly.art\/wp-content\/uploads\/2024\/02\/64fafd6d-06ce-48bb-a4f4-5d0a60a28116.jpeg?resize=1400%2C800&ssl=1 4x"},"classes":[]},{"id":859,"url":"https:\/\/www.idolly.art\/cs\/shop\/original-fine-art\/acrylic-on-canvas\/whoman-wanderer-above-the-sea-of-fog\/","url_meta":{"origin":725,"position":5},"title":"WhoMan Wanderer above the Sea of Fog","author":"creator","date":"28 \u010dervna 2022","format":false,"excerpt":"Impresionism and figurative acrylic painting on canvas board","rel":"","context":"Podobn\u00fd p\u0159\u00edsp\u011bvek","block_context":{"text":"Podobn\u00fd p\u0159\u00edsp\u011bvek","link":""},"img":{"alt_text":"","src":"https:\/\/i0.wp.com\/www.idolly.art\/wp-content\/uploads\/2022\/06\/IMG_3139-scaled.webp?resize=350%2C200&ssl=1","width":350,"height":200,"srcset":"https:\/\/i0.wp.com\/www.idolly.art\/wp-content\/uploads\/2022\/06\/IMG_3139-scaled.webp?resize=350%2C200&ssl=1 1x, https:\/\/i0.wp.com\/www.idolly.art\/wp-content\/uploads\/2022\/06\/IMG_3139-scaled.webp?resize=525%2C300&ssl=1 1.5x, https:\/\/i0.wp.com\/www.idolly.art\/wp-content\/uploads\/2022\/06\/IMG_3139-scaled.webp?resize=700%2C400&ssl=1 2x, https:\/\/i0.wp.com\/www.idolly.art\/wp-content\/uploads\/2022\/06\/IMG_3139-scaled.webp?resize=1050%2C600&ssl=1 3x, https:\/\/i0.wp.com\/www.idolly.art\/wp-content\/uploads\/2022\/06\/IMG_3139-scaled.webp?resize=1400%2C800&ssl=1 4x"},"classes":[]}],"_links":{"self":[{"href":"https:\/\/www.idolly.art\/cs\/wp-json\/wp\/v2\/product\/725","targetHints":{"allow":["GET"]}}],"collection":[{"href":"https:\/\/www.idolly.art\/cs\/wp-json\/wp\/v2\/product"}],"about":[{"href":"https:\/\/www.idolly.art\/cs\/wp-json\/wp\/v2\/types\/product"}],"wp:featuredmedia":[{"embeddable":true,"href":"https:\/\/www.idolly.art\/cs\/wp-json\/wp\/v2\/media\/1464"}],"wp:attachment":[{"href":"https:\/\/www.idolly.art\/cs\/wp-json\/wp\/v2\/media?parent=725"}],"wp:term":[{"taxonomy":"product_brand","embeddable":true,"href":"https:\/\/www.idolly.art\/cs\/wp-json\/wp\/v2\/product_brand?post=725"},{"taxonomy":"product_cat","embeddable":true,"href":"https:\/\/www.idolly.art\/cs\/wp-json\/wp\/v2\/product_cat?post=725"},{"taxonomy":"product_tag","embeddable":true,"href":"https:\/\/www.idolly.art\/cs\/wp-json\/wp\/v2\/product_tag?post=725"}],"curies":[{"name":"wp","href":"https:\/\/api.w.org\/{rel}","templated":true}]}}