{"id":719,"date":"2022-01-05T14:53:31","date_gmt":"2022-01-05T13:53:31","guid":{"rendered":"https:\/\/www.idolly.art\/?post_type=product&#038;p=719"},"modified":"2025-12-11T04:24:32","modified_gmt":"2025-12-11T03:24:32","slug":"salvador-do-mundo","status":"publish","type":"product","link":"https:\/\/www.idolly.art\/cs\/shop\/original-fine-art\/oil-on-canvas\/salvador-do-mundo\/","title":{"rendered":"Salvador do mundo"},"content":{"rendered":"<p>Painting from 2017 remastering in 2023<\/p>","protected":false},"excerpt":{"rendered":"<p>Painting from 2017 remastering in 2023<\/p>","protected":false},"featured_media":1465,"template":"","meta":[],"product_brand":[],"product_cat":[53,40],"product_tag":[],"class_list":{"0":"post-719","1":"product","2":"type-product","3":"status-publish","4":"has-post-thumbnail","6":"product_cat-oil-on-canvas","7":"product_cat-original-fine-art","8":"product_shipping_class-l-canvas","10":"first","11":"instock","12":"purchasable","13":"product-type-simple"},"jetpack_sharing_enabled":true,"jetpack_likes_enabled":true,"jetpack-related-posts":[{"id":1905,"url":"https:\/\/www.idolly.art\/cs\/shop\/custom-painting\/circus-2-2\/","url_meta":{"origin":719,"position":0},"title":"Custom &#8220;Circus&#8221; copy order","author":"iDolly","date":"31 \u0159\u00edjna 2024","format":false,"excerpt":"200x110 cm Oil painting","rel":"","context":"Podobn\u00fd p\u0159\u00edsp\u011bvek","block_context":{"text":"Podobn\u00fd p\u0159\u00edsp\u011bvek","link":""},"img":{"alt_text":"","src":"https:\/\/www.idolly.art\/wp-content\/uploads\/2024\/10\/img_8780-jpeg.avif","width":350,"height":200,"srcset":"https:\/\/www.idolly.art\/wp-content\/uploads\/2024\/10\/img_8780-jpeg.avif 1x, https:\/\/www.idolly.art\/wp-content\/uploads\/2024\/10\/img_8780-jpeg.avif 1.5x, https:\/\/www.idolly.art\/wp-content\/uploads\/2024\/10\/img_8780-jpeg.avif 2x, https:\/\/www.idolly.art\/wp-content\/uploads\/2024\/10\/img_8780-jpeg.avif 3x"},"classes":[]},{"id":1673,"url":"https:\/\/www.idolly.art\/cs\/shop\/original-fine-art\/oil-on-canvas\/campfire\/","url_meta":{"origin":719,"position":1},"title":"Campfire","author":"iDolly","date":"30 dubna 2024","format":false,"excerpt":"110x200cmoil painting on canvas This mesmerizing painting is the first work in the WhoMan series, which vividly captures the essence of the serene moments that many long for in the rush of everyday life. The scene unfolds under a starry sky that transitions from deep twilight to bright azure, enhancing\u2026","rel":"","context":"Podobn\u00fd p\u0159\u00edsp\u011bvek","block_context":{"text":"Podobn\u00fd p\u0159\u00edsp\u011bvek","link":""},"img":{"alt_text":"Group of friends enjoying a serene night around a glowing campfire under a starry sky, depicted in iDolly\u2019s vibrant acrylic painting \u2018Campfire\u2019 on a large canvas.","src":"https:\/\/i0.wp.com\/www.idolly.art\/wp-content\/uploads\/2024\/03\/IMG_5684-scaled.jpg?resize=350%2C200&ssl=1","width":350,"height":200,"srcset":"https:\/\/i0.wp.com\/www.idolly.art\/wp-content\/uploads\/2024\/03\/IMG_5684-scaled.jpg?resize=350%2C200&ssl=1 1x, https:\/\/i0.wp.com\/www.idolly.art\/wp-content\/uploads\/2024\/03\/IMG_5684-scaled.jpg?resize=525%2C300&ssl=1 1.5x, https:\/\/i0.wp.com\/www.idolly.art\/wp-content\/uploads\/2024\/03\/IMG_5684-scaled.jpg?resize=700%2C400&ssl=1 2x, https:\/\/i0.wp.com\/www.idolly.art\/wp-content\/uploads\/2024\/03\/IMG_5684-scaled.jpg?resize=1050%2C600&ssl=1 3x, https:\/\/i0.wp.com\/www.idolly.art\/wp-content\/uploads\/2024\/03\/IMG_5684-scaled.jpg?resize=1400%2C800&ssl=1 4x"},"classes":[]},{"id":1808,"url":"https:\/\/www.idolly.art\/cs\/shop\/original-fine-art\/oil-on-canvas\/after-the-applause\/","url_meta":{"origin":719,"position":2},"title":"After the Applause","author":"iDolly","date":"1 \u0159\u00edjna 2024","format":false,"excerpt":"The painting depicts a circus scene. In the center is a tent with red and white stripes, the entrance to which is lit from within, creating a warm glow. Inside the tent you can see two figures: on the left stands your WhoMan character with indistinct facial and body features,\u2026","rel":"","context":"Podobn\u00fd p\u0159\u00edsp\u011bvek","block_context":{"text":"Podobn\u00fd p\u0159\u00edsp\u011bvek","link":""},"img":{"alt_text":"","src":"https:\/\/www.idolly.art\/wp-content\/uploads\/2024\/10\/img_8678-scaled.avif","width":350,"height":200,"srcset":"https:\/\/www.idolly.art\/wp-content\/uploads\/2024\/10\/img_8678-scaled.avif 1x, https:\/\/www.idolly.art\/wp-content\/uploads\/2024\/10\/img_8678-scaled.avif 1.5x, https:\/\/www.idolly.art\/wp-content\/uploads\/2024\/10\/img_8678-scaled.avif 2x, https:\/\/www.idolly.art\/wp-content\/uploads\/2024\/10\/img_8678-scaled.avif 3x, https:\/\/www.idolly.art\/wp-content\/uploads\/2024\/10\/img_8678-scaled.avif 4x"},"classes":[]},{"id":2113,"url":"https:\/\/www.idolly.art\/cs\/shop\/original-fine-art\/oil-on-canvas\/the-little-knight-painting\/","url_meta":{"origin":719,"position":3},"title":"The Little Knight","author":"creator","date":"2 \u010dervence 2025","format":false,"excerpt":"Medium: Oil on canvas Size: 200x140cm","rel":"","context":"Podobn\u00fd p\u0159\u00edsp\u011bvek","block_context":{"text":"Podobn\u00fd p\u0159\u00edsp\u011bvek","link":""},"img":{"alt_text":"","src":"https:\/\/i0.wp.com\/www.idolly.art\/wp-content\/uploads\/2025\/06\/img_2652-1-scaled.webp?resize=350%2C200&ssl=1","width":350,"height":200,"srcset":"https:\/\/i0.wp.com\/www.idolly.art\/wp-content\/uploads\/2025\/06\/img_2652-1-scaled.webp?resize=350%2C200&ssl=1 1x, https:\/\/i0.wp.com\/www.idolly.art\/wp-content\/uploads\/2025\/06\/img_2652-1-scaled.webp?resize=525%2C300&ssl=1 1.5x, https:\/\/i0.wp.com\/www.idolly.art\/wp-content\/uploads\/2025\/06\/img_2652-1-scaled.webp?resize=700%2C400&ssl=1 2x, https:\/\/i0.wp.com\/www.idolly.art\/wp-content\/uploads\/2025\/06\/img_2652-1-scaled.webp?resize=1050%2C600&ssl=1 3x, https:\/\/i0.wp.com\/www.idolly.art\/wp-content\/uploads\/2025\/06\/img_2652-1-scaled.webp?resize=1400%2C800&ssl=1 4x"},"classes":[]},{"id":853,"url":"https:\/\/www.idolly.art\/cs\/shop\/original-fine-art\/acrylic-on-canvas\/campfire-with-a-whoman\/","url_meta":{"origin":719,"position":4},"title":"Campfire with a WhoMan","author":"creator","date":"28 \u010dervna 2022","format":false,"excerpt":"Impresionism and figurative acrylic painting on canvas board","rel":"","context":"Podobn\u00fd p\u0159\u00edsp\u011bvek","block_context":{"text":"Podobn\u00fd p\u0159\u00edsp\u011bvek","link":""},"img":{"alt_text":"","src":"https:\/\/i0.wp.com\/www.idolly.art\/wp-content\/uploads\/2024\/02\/img_3129-scaled.jpeg?resize=350%2C200&ssl=1","width":350,"height":200,"srcset":"https:\/\/i0.wp.com\/www.idolly.art\/wp-content\/uploads\/2024\/02\/img_3129-scaled.jpeg?resize=350%2C200&ssl=1 1x, https:\/\/i0.wp.com\/www.idolly.art\/wp-content\/uploads\/2024\/02\/img_3129-scaled.jpeg?resize=525%2C300&ssl=1 1.5x, https:\/\/i0.wp.com\/www.idolly.art\/wp-content\/uploads\/2024\/02\/img_3129-scaled.jpeg?resize=700%2C400&ssl=1 2x, https:\/\/i0.wp.com\/www.idolly.art\/wp-content\/uploads\/2024\/02\/img_3129-scaled.jpeg?resize=1050%2C600&ssl=1 3x, https:\/\/i0.wp.com\/www.idolly.art\/wp-content\/uploads\/2024\/02\/img_3129-scaled.jpeg?resize=1400%2C800&ssl=1 4x"},"classes":[]},{"id":857,"url":"https:\/\/www.idolly.art\/cs\/shop\/original-fine-art\/acrylic-on-canvas\/summer-lake-with-whoman\/","url_meta":{"origin":719,"position":5},"title":"Summer lake with WhoMan","author":"creator","date":"28 \u010dervna 2022","format":false,"excerpt":"Impresionism and figurative acrylic painting on canvas board","rel":"","context":"Podobn\u00fd p\u0159\u00edsp\u011bvek","block_context":{"text":"Podobn\u00fd p\u0159\u00edsp\u011bvek","link":""},"img":{"alt_text":"","src":"https:\/\/i0.wp.com\/www.idolly.art\/wp-content\/uploads\/2024\/02\/64fafd6d-06ce-48bb-a4f4-5d0a60a28116.jpeg?resize=350%2C200&ssl=1","width":350,"height":200,"srcset":"https:\/\/i0.wp.com\/www.idolly.art\/wp-content\/uploads\/2024\/02\/64fafd6d-06ce-48bb-a4f4-5d0a60a28116.jpeg?resize=350%2C200&ssl=1 1x, https:\/\/i0.wp.com\/www.idolly.art\/wp-content\/uploads\/2024\/02\/64fafd6d-06ce-48bb-a4f4-5d0a60a28116.jpeg?resize=525%2C300&ssl=1 1.5x, https:\/\/i0.wp.com\/www.idolly.art\/wp-content\/uploads\/2024\/02\/64fafd6d-06ce-48bb-a4f4-5d0a60a28116.jpeg?resize=700%2C400&ssl=1 2x, https:\/\/i0.wp.com\/www.idolly.art\/wp-content\/uploads\/2024\/02\/64fafd6d-06ce-48bb-a4f4-5d0a60a28116.jpeg?resize=1050%2C600&ssl=1 3x, https:\/\/i0.wp.com\/www.idolly.art\/wp-content\/uploads\/2024\/02\/64fafd6d-06ce-48bb-a4f4-5d0a60a28116.jpeg?resize=1400%2C800&ssl=1 4x"},"classes":[]}],"_links":{"self":[{"href":"https:\/\/www.idolly.art\/cs\/wp-json\/wp\/v2\/product\/719","targetHints":{"allow":["GET"]}}],"collection":[{"href":"https:\/\/www.idolly.art\/cs\/wp-json\/wp\/v2\/product"}],"about":[{"href":"https:\/\/www.idolly.art\/cs\/wp-json\/wp\/v2\/types\/product"}],"wp:featuredmedia":[{"embeddable":true,"href":"https:\/\/www.idolly.art\/cs\/wp-json\/wp\/v2\/media\/1465"}],"wp:attachment":[{"href":"https:\/\/www.idolly.art\/cs\/wp-json\/wp\/v2\/media?parent=719"}],"wp:term":[{"taxonomy":"product_brand","embeddable":true,"href":"https:\/\/www.idolly.art\/cs\/wp-json\/wp\/v2\/product_brand?post=719"},{"taxonomy":"product_cat","embeddable":true,"href":"https:\/\/www.idolly.art\/cs\/wp-json\/wp\/v2\/product_cat?post=719"},{"taxonomy":"product_tag","embeddable":true,"href":"https:\/\/www.idolly.art\/cs\/wp-json\/wp\/v2\/product_tag?post=719"}],"curies":[{"name":"wp","href":"https:\/\/api.w.org\/{rel}","templated":true}]}}