{"id":506,"date":"2021-10-19T18:18:05","date_gmt":"2021-10-19T17:18:05","guid":{"rendered":"https:\/\/www.idolly.art\/product\/hoodie-with-logo\/"},"modified":"2025-07-25T19:39:34","modified_gmt":"2025-07-25T17:39:34","slug":"superbia-postcard","status":"publish","type":"product","link":"https:\/\/www.idolly.art\/cs\/shop\/print-reproduction\/postcard\/superbia-postcard\/","title":{"rendered":"Superbia, Postcard 14.8cm"},"content":{"rendered":"<ul>\n<li>Square postcard of 14.8cm<\/li>\n<li>Printed on chromocboard 280 g\/m2<\/li>\n<li>The front is glossy, you can write on the back<\/li>\n<li>You could upgrade it with my personal signature<\/li>\n<li>I can fill it with wishes and send it on my behalf<\/li>\n<\/ul>","protected":false},"excerpt":{"rendered":"<p>Square postcard of 14.8cm, printed on chromocboard 280 g\/m2<\/p>","protected":false},"featured_media":1476,"template":"","meta":[],"product_brand":[],"product_cat":[42,41],"product_tag":[48],"class_list":{"0":"post-506","1":"product","2":"type-product","3":"status-publish","4":"has-post-thumbnail","6":"product_cat-postcard","7":"product_cat-print-reproduction","8":"product_tag-superbia","9":"product_shipping_class-postcard","11":"first","12":"instock","13":"shipping-taxable","14":"purchasable","15":"product-type-simple"},"jetpack_sharing_enabled":true,"jetpack_likes_enabled":true,"jetpack-related-posts":[{"id":1830,"url":"https:\/\/www.idolly.art\/cs\/shop\/print-reproduction\/postcard\/after-the-applause-poster-a3\/","url_meta":{"origin":506,"position":0},"title":"After the applause poster a3","author":"iDolly","date":"2 \u0159\u00edjna 2024","format":false,"excerpt":"Paper matt 250 g\/m2 Signed","rel":"","context":"Podobn\u00fd p\u0159\u00edsp\u011bvek","block_context":{"text":"Podobn\u00fd p\u0159\u00edsp\u011bvek","link":""},"img":{"alt_text":"","src":"https:\/\/www.idolly.art\/wp-content\/uploads\/2024\/10\/img_8961-scaled.avif","width":350,"height":200,"srcset":"https:\/\/www.idolly.art\/wp-content\/uploads\/2024\/10\/img_8961-scaled.avif 1x, https:\/\/www.idolly.art\/wp-content\/uploads\/2024\/10\/img_8961-scaled.avif 1.5x, https:\/\/www.idolly.art\/wp-content\/uploads\/2024\/10\/img_8961-scaled.avif 2x, https:\/\/www.idolly.art\/wp-content\/uploads\/2024\/10\/img_8961-scaled.avif 3x, https:\/\/www.idolly.art\/wp-content\/uploads\/2024\/10\/img_8961-scaled.avif 4x"},"classes":[]},{"id":2160,"url":"https:\/\/www.idolly.art\/cs\/shop\/print-reproduction\/postcard\/postcard-the-little-knight-a5-not-signed\/","url_meta":{"origin":506,"position":1},"title":"Postcard \u201cThe little knight\u201d A5 not signed","author":"creator","date":"5 srpna 2025","format":false,"excerpt":"Size: A5 (14,8 \u00d7 21 cm) Paper: 300 g\/m\u00b2 premium card stock. Details: Small but meaningful \u2014 perfect to send as a gift, frame it, or collect your own piece of The Little Knight. Not hand signed","rel":"","context":"Podobn\u00fd p\u0159\u00edsp\u011bvek","block_context":{"text":"Podobn\u00fd p\u0159\u00edsp\u011bvek","link":""},"img":{"alt_text":"","src":"https:\/\/i0.wp.com\/www.idolly.art\/wp-content\/uploads\/2025\/07\/img_0730-scaled.webp?resize=350%2C200&ssl=1","width":350,"height":200,"srcset":"https:\/\/i0.wp.com\/www.idolly.art\/wp-content\/uploads\/2025\/07\/img_0730-scaled.webp?resize=350%2C200&ssl=1 1x, https:\/\/i0.wp.com\/www.idolly.art\/wp-content\/uploads\/2025\/07\/img_0730-scaled.webp?resize=525%2C300&ssl=1 1.5x, https:\/\/i0.wp.com\/www.idolly.art\/wp-content\/uploads\/2025\/07\/img_0730-scaled.webp?resize=700%2C400&ssl=1 2x, https:\/\/i0.wp.com\/www.idolly.art\/wp-content\/uploads\/2025\/07\/img_0730-scaled.webp?resize=1050%2C600&ssl=1 3x, https:\/\/i0.wp.com\/www.idolly.art\/wp-content\/uploads\/2025\/07\/img_0730-scaled.webp?resize=1400%2C800&ssl=1 4x"},"classes":[]},{"id":1504,"url":"https:\/\/www.idolly.art\/cs\/shop\/print-reproduction\/postcard\/postcard-circus\/","url_meta":{"origin":506,"position":2},"title":"Circus &#8211; Postcard","author":"iDolly","date":"20 \u00fanora 2024","format":false,"excerpt":"","rel":"","context":"Podobn\u00fd p\u0159\u00edsp\u011bvek","block_context":{"text":"Podobn\u00fd p\u0159\u00edsp\u011bvek","link":""},"img":{"alt_text":"","src":"https:\/\/i0.wp.com\/www.idolly.art\/wp-content\/uploads\/2024\/02\/img_3484_jpg-scaled.jpeg?resize=350%2C200&ssl=1","width":350,"height":200,"srcset":"https:\/\/i0.wp.com\/www.idolly.art\/wp-content\/uploads\/2024\/02\/img_3484_jpg-scaled.jpeg?resize=350%2C200&ssl=1 1x, https:\/\/i0.wp.com\/www.idolly.art\/wp-content\/uploads\/2024\/02\/img_3484_jpg-scaled.jpeg?resize=525%2C300&ssl=1 1.5x, https:\/\/i0.wp.com\/www.idolly.art\/wp-content\/uploads\/2024\/02\/img_3484_jpg-scaled.jpeg?resize=700%2C400&ssl=1 2x, https:\/\/i0.wp.com\/www.idolly.art\/wp-content\/uploads\/2024\/02\/img_3484_jpg-scaled.jpeg?resize=1050%2C600&ssl=1 3x, https:\/\/i0.wp.com\/www.idolly.art\/wp-content\/uploads\/2024\/02\/img_3484_jpg-scaled.jpeg?resize=1400%2C800&ssl=1 4x"},"classes":[]},{"id":1489,"url":"https:\/\/www.idolly.art\/cs\/shop\/print-reproduction\/postcard\/postcard-trick-or-treat\/","url_meta":{"origin":506,"position":3},"title":"Trick or treat? &#8211; Postcard","author":"iDolly","date":"20 \u00fanora 2024","format":false,"excerpt":"","rel":"","context":"Podobn\u00fd p\u0159\u00edsp\u011bvek","block_context":{"text":"Podobn\u00fd p\u0159\u00edsp\u011bvek","link":""},"img":{"alt_text":"","src":"https:\/\/i0.wp.com\/www.idolly.art\/wp-content\/uploads\/2024\/02\/img_3470-1-scaled.jpeg?resize=350%2C200&ssl=1","width":350,"height":200,"srcset":"https:\/\/i0.wp.com\/www.idolly.art\/wp-content\/uploads\/2024\/02\/img_3470-1-scaled.jpeg?resize=350%2C200&ssl=1 1x, https:\/\/i0.wp.com\/www.idolly.art\/wp-content\/uploads\/2024\/02\/img_3470-1-scaled.jpeg?resize=525%2C300&ssl=1 1.5x, https:\/\/i0.wp.com\/www.idolly.art\/wp-content\/uploads\/2024\/02\/img_3470-1-scaled.jpeg?resize=700%2C400&ssl=1 2x, https:\/\/i0.wp.com\/www.idolly.art\/wp-content\/uploads\/2024\/02\/img_3470-1-scaled.jpeg?resize=1050%2C600&ssl=1 3x, https:\/\/i0.wp.com\/www.idolly.art\/wp-content\/uploads\/2024\/02\/img_3470-1-scaled.jpeg?resize=1400%2C800&ssl=1 4x"},"classes":[]},{"id":1501,"url":"https:\/\/www.idolly.art\/cs\/shop\/print-reproduction\/postcard\/postcard-where-is-the-place-of-your-power\/","url_meta":{"origin":506,"position":4},"title":"Where is the place of your power &#8211; Postcard","author":"iDolly","date":"20 \u00fanora 2024","format":false,"excerpt":"","rel":"","context":"Podobn\u00fd p\u0159\u00edsp\u011bvek","block_context":{"text":"Podobn\u00fd p\u0159\u00edsp\u011bvek","link":""},"img":{"alt_text":"","src":"https:\/\/i0.wp.com\/www.idolly.art\/wp-content\/uploads\/2024\/02\/img_2385-scaled.jpeg?resize=350%2C200&ssl=1","width":350,"height":200,"srcset":"https:\/\/i0.wp.com\/www.idolly.art\/wp-content\/uploads\/2024\/02\/img_2385-scaled.jpeg?resize=350%2C200&ssl=1 1x, https:\/\/i0.wp.com\/www.idolly.art\/wp-content\/uploads\/2024\/02\/img_2385-scaled.jpeg?resize=525%2C300&ssl=1 1.5x, https:\/\/i0.wp.com\/www.idolly.art\/wp-content\/uploads\/2024\/02\/img_2385-scaled.jpeg?resize=700%2C400&ssl=1 2x, https:\/\/i0.wp.com\/www.idolly.art\/wp-content\/uploads\/2024\/02\/img_2385-scaled.jpeg?resize=1050%2C600&ssl=1 3x, https:\/\/i0.wp.com\/www.idolly.art\/wp-content\/uploads\/2024\/02\/img_2385-scaled.jpeg?resize=1400%2C800&ssl=1 4x"},"classes":[]},{"id":1498,"url":"https:\/\/www.idolly.art\/cs\/shop\/print-reproduction\/postcard\/postcard-what-would-you-choose\/","url_meta":{"origin":506,"position":5},"title":"What would you choose? &#8211; Postcard","author":"iDolly","date":"20 \u00fanora 2024","format":false,"excerpt":"","rel":"","context":"Podobn\u00fd p\u0159\u00edsp\u011bvek","block_context":{"text":"Podobn\u00fd p\u0159\u00edsp\u011bvek","link":""},"img":{"alt_text":"","src":"https:\/\/i0.wp.com\/www.idolly.art\/wp-content\/uploads\/2024\/02\/img_3383-scaled.jpeg?resize=350%2C200&ssl=1","width":350,"height":200,"srcset":"https:\/\/i0.wp.com\/www.idolly.art\/wp-content\/uploads\/2024\/02\/img_3383-scaled.jpeg?resize=350%2C200&ssl=1 1x, https:\/\/i0.wp.com\/www.idolly.art\/wp-content\/uploads\/2024\/02\/img_3383-scaled.jpeg?resize=525%2C300&ssl=1 1.5x, https:\/\/i0.wp.com\/www.idolly.art\/wp-content\/uploads\/2024\/02\/img_3383-scaled.jpeg?resize=700%2C400&ssl=1 2x, https:\/\/i0.wp.com\/www.idolly.art\/wp-content\/uploads\/2024\/02\/img_3383-scaled.jpeg?resize=1050%2C600&ssl=1 3x, https:\/\/i0.wp.com\/www.idolly.art\/wp-content\/uploads\/2024\/02\/img_3383-scaled.jpeg?resize=1400%2C800&ssl=1 4x"},"classes":[]}],"_links":{"self":[{"href":"https:\/\/www.idolly.art\/cs\/wp-json\/wp\/v2\/product\/506","targetHints":{"allow":["GET"]}}],"collection":[{"href":"https:\/\/www.idolly.art\/cs\/wp-json\/wp\/v2\/product"}],"about":[{"href":"https:\/\/www.idolly.art\/cs\/wp-json\/wp\/v2\/types\/product"}],"wp:featuredmedia":[{"embeddable":true,"href":"https:\/\/www.idolly.art\/cs\/wp-json\/wp\/v2\/media\/1476"}],"wp:attachment":[{"href":"https:\/\/www.idolly.art\/cs\/wp-json\/wp\/v2\/media?parent=506"}],"wp:term":[{"taxonomy":"product_brand","embeddable":true,"href":"https:\/\/www.idolly.art\/cs\/wp-json\/wp\/v2\/product_brand?post=506"},{"taxonomy":"product_cat","embeddable":true,"href":"https:\/\/www.idolly.art\/cs\/wp-json\/wp\/v2\/product_cat?post=506"},{"taxonomy":"product_tag","embeddable":true,"href":"https:\/\/www.idolly.art\/cs\/wp-json\/wp\/v2\/product_tag?post=506"}],"curies":[{"name":"wp","href":"https:\/\/api.w.org\/{rel}","templated":true}]}}