{"id":2236,"date":"2025-11-28T17:36:22","date_gmt":"2025-11-28T16:36:22","guid":{"rendered":"https:\/\/www.idolly.art\/shop\/uncategorized\/eggflower\/"},"modified":"2025-12-11T04:24:31","modified_gmt":"2025-12-11T03:24:31","slug":"eggflower","status":"publish","type":"product","link":"https:\/\/www.idolly.art\/cs\/shop\/original-fine-art\/oil-on-canvas\/eggflower\/","title":{"rendered":"Eggflower big"},"content":{"rendered":"<p>30cm oil painting<\/p>","protected":false},"excerpt":{"rendered":"<p>30cm oil painting<\/p>","protected":false},"featured_media":2235,"template":"","meta":[],"product_brand":[],"product_cat":[53,40],"product_tag":[],"class_list":{"0":"post-2236","1":"product","2":"type-product","3":"status-publish","4":"has-post-thumbnail","6":"product_cat-oil-on-canvas","7":"product_cat-original-fine-art","8":"product_shipping_class-s-canvas","10":"first","11":"instock","12":"shipping-taxable","13":"purchasable","14":"product-type-simple"},"jetpack_sharing_enabled":true,"jetpack_likes_enabled":true,"jetpack-related-posts":[{"id":2239,"url":"https:\/\/www.idolly.art\/cs\/shop\/original-fine-art\/oil-on-canvas\/eggflower-small\/","url_meta":{"origin":2236,"position":0},"title":"Eggflower small","author":"creator","date":"28 listopadu 2025","format":false,"excerpt":"15 cm oil painting","rel":"","context":"Podobn\u00fd p\u0159\u00edsp\u011bvek","block_context":{"text":"Podobn\u00fd p\u0159\u00edsp\u011bvek","link":""},"img":{"alt_text":"","src":"https:\/\/i0.wp.com\/www.idolly.art\/wp-content\/uploads\/2025\/11\/img_9499-1-scaled.webp?resize=350%2C200&ssl=1","width":350,"height":200,"srcset":"https:\/\/i0.wp.com\/www.idolly.art\/wp-content\/uploads\/2025\/11\/img_9499-1-scaled.webp?resize=350%2C200&ssl=1 1x, https:\/\/i0.wp.com\/www.idolly.art\/wp-content\/uploads\/2025\/11\/img_9499-1-scaled.webp?resize=525%2C300&ssl=1 1.5x, https:\/\/i0.wp.com\/www.idolly.art\/wp-content\/uploads\/2025\/11\/img_9499-1-scaled.webp?resize=700%2C400&ssl=1 2x, https:\/\/i0.wp.com\/www.idolly.art\/wp-content\/uploads\/2025\/11\/img_9499-1-scaled.webp?resize=1050%2C600&ssl=1 3x, https:\/\/i0.wp.com\/www.idolly.art\/wp-content\/uploads\/2025\/11\/img_9499-1-scaled.webp?resize=1400%2C800&ssl=1 4x"},"classes":[]},{"id":2232,"url":"https:\/\/www.idolly.art\/cs\/shop\/original-fine-art\/oil-on-canvas\/attention\/","url_meta":{"origin":2236,"position":1},"title":"Attention","author":"creator","date":"28 listopadu 2025","format":false,"excerpt":"30cm oil painting","rel":"","context":"Podobn\u00fd p\u0159\u00edsp\u011bvek","block_context":{"text":"Podobn\u00fd p\u0159\u00edsp\u011bvek","link":""},"img":{"alt_text":"","src":"https:\/\/i0.wp.com\/www.idolly.art\/wp-content\/uploads\/2025\/11\/img_9517-scaled.webp?resize=350%2C200&ssl=1","width":350,"height":200,"srcset":"https:\/\/i0.wp.com\/www.idolly.art\/wp-content\/uploads\/2025\/11\/img_9517-scaled.webp?resize=350%2C200&ssl=1 1x, https:\/\/i0.wp.com\/www.idolly.art\/wp-content\/uploads\/2025\/11\/img_9517-scaled.webp?resize=525%2C300&ssl=1 1.5x, https:\/\/i0.wp.com\/www.idolly.art\/wp-content\/uploads\/2025\/11\/img_9517-scaled.webp?resize=700%2C400&ssl=1 2x, https:\/\/i0.wp.com\/www.idolly.art\/wp-content\/uploads\/2025\/11\/img_9517-scaled.webp?resize=1050%2C600&ssl=1 3x, https:\/\/i0.wp.com\/www.idolly.art\/wp-content\/uploads\/2025\/11\/img_9517-scaled.webp?resize=1400%2C800&ssl=1 4x"},"classes":[]},{"id":2113,"url":"https:\/\/www.idolly.art\/cs\/shop\/original-fine-art\/oil-on-canvas\/the-little-knight-painting\/","url_meta":{"origin":2236,"position":2},"title":"The Little Knight","author":"creator","date":"2 \u010dervence 2025","format":false,"excerpt":"Medium: Oil on canvas Size: 200x140cm","rel":"","context":"Podobn\u00fd p\u0159\u00edsp\u011bvek","block_context":{"text":"Podobn\u00fd p\u0159\u00edsp\u011bvek","link":""},"img":{"alt_text":"","src":"https:\/\/i0.wp.com\/www.idolly.art\/wp-content\/uploads\/2025\/06\/img_2652-1-scaled.webp?resize=350%2C200&ssl=1","width":350,"height":200,"srcset":"https:\/\/i0.wp.com\/www.idolly.art\/wp-content\/uploads\/2025\/06\/img_2652-1-scaled.webp?resize=350%2C200&ssl=1 1x, https:\/\/i0.wp.com\/www.idolly.art\/wp-content\/uploads\/2025\/06\/img_2652-1-scaled.webp?resize=525%2C300&ssl=1 1.5x, https:\/\/i0.wp.com\/www.idolly.art\/wp-content\/uploads\/2025\/06\/img_2652-1-scaled.webp?resize=700%2C400&ssl=1 2x, https:\/\/i0.wp.com\/www.idolly.art\/wp-content\/uploads\/2025\/06\/img_2652-1-scaled.webp?resize=1050%2C600&ssl=1 3x, https:\/\/i0.wp.com\/www.idolly.art\/wp-content\/uploads\/2025\/06\/img_2652-1-scaled.webp?resize=1400%2C800&ssl=1 4x"},"classes":[]},{"id":1796,"url":"https:\/\/www.idolly.art\/cs\/shop\/original-fine-art\/oil-on-canvas\/the-canine-conundrum\/","url_meta":{"origin":2236,"position":3},"title":"The Canine Conundrum","author":"iDolly","date":"30 z\u00e1\u0159\u00ed 2024","format":false,"excerpt":"This painting is part of my new circus series, where the WhoMan figure continues to make an appearance. The faceless crowd, like silent spectators, watches as the elegant poodle performs its act, balancing on a colorful ball. The red and white striped background evokes the feeling of being under the\u2026","rel":"","context":"Podobn\u00fd p\u0159\u00edsp\u011bvek","block_context":{"text":"Podobn\u00fd p\u0159\u00edsp\u011bvek","link":""},"img":{"alt_text":"","src":"https:\/\/www.idolly.art\/wp-content\/uploads\/2024\/09\/img_8687-scaled.avif","width":350,"height":200,"srcset":"https:\/\/www.idolly.art\/wp-content\/uploads\/2024\/09\/img_8687-scaled.avif 1x, https:\/\/www.idolly.art\/wp-content\/uploads\/2024\/09\/img_8687-scaled.avif 1.5x, https:\/\/www.idolly.art\/wp-content\/uploads\/2024\/09\/img_8687-scaled.avif 2x, https:\/\/www.idolly.art\/wp-content\/uploads\/2024\/09\/img_8687-scaled.avif 3x, https:\/\/www.idolly.art\/wp-content\/uploads\/2024\/09\/img_8687-scaled.avif 4x"},"classes":[]},{"id":2206,"url":"https:\/\/www.idolly.art\/cs\/shop\/original-fine-art\/oil-on-canvas\/happiness-30mg\/","url_meta":{"origin":2236,"position":4},"title":"Happiness 30mg","author":"creator","date":"28 listopadu 2025","format":false,"excerpt":"\"Happiness. In a perfect, controlled dose. 30mg. Just enough to make you smile \u2014 or maybe to make you question it.\" This painting is called \"Happiness 30mg.\" Because we live in a world where emotions are measured, prescribed, and sometimes faked. Where smiles can be masks, and joy can feel\u2026","rel":"","context":"Podobn\u00fd p\u0159\u00edsp\u011bvek","block_context":{"text":"Podobn\u00fd p\u0159\u00edsp\u011bvek","link":""},"img":{"alt_text":"","src":"https:\/\/i0.wp.com\/www.idolly.art\/wp-content\/uploads\/2025\/11\/img_9979-scaled.webp?resize=350%2C200&ssl=1","width":350,"height":200,"srcset":"https:\/\/i0.wp.com\/www.idolly.art\/wp-content\/uploads\/2025\/11\/img_9979-scaled.webp?resize=350%2C200&ssl=1 1x, https:\/\/i0.wp.com\/www.idolly.art\/wp-content\/uploads\/2025\/11\/img_9979-scaled.webp?resize=525%2C300&ssl=1 1.5x, https:\/\/i0.wp.com\/www.idolly.art\/wp-content\/uploads\/2025\/11\/img_9979-scaled.webp?resize=700%2C400&ssl=1 2x, https:\/\/i0.wp.com\/www.idolly.art\/wp-content\/uploads\/2025\/11\/img_9979-scaled.webp?resize=1050%2C600&ssl=1 3x, https:\/\/i0.wp.com\/www.idolly.art\/wp-content\/uploads\/2025\/11\/img_9979-scaled.webp?resize=1400%2C800&ssl=1 4x"},"classes":[]},{"id":2223,"url":"https:\/\/www.idolly.art\/cs\/shop\/original-fine-art\/oil-on-canvas\/choice\/","url_meta":{"origin":2236,"position":5},"title":"Choice","author":"creator","date":"28 listopadu 2025","format":false,"excerpt":"\"Choice is never just about one decision. It's the weight of everything you choose \u2014 and everything you leave behind.\" This painting is called \"Choice.\" Two hands, two symbols. In one hand \u2014 a delicate vial of Felix Felicis, liquid luck. The promise of success, the thrill of risk. A\u2026","rel":"","context":"Podobn\u00fd p\u0159\u00edsp\u011bvek","block_context":{"text":"Podobn\u00fd p\u0159\u00edsp\u011bvek","link":""},"img":{"alt_text":"","src":"https:\/\/i0.wp.com\/www.idolly.art\/wp-content\/uploads\/2025\/11\/img_9473-scaled.webp?resize=350%2C200&ssl=1","width":350,"height":200,"srcset":"https:\/\/i0.wp.com\/www.idolly.art\/wp-content\/uploads\/2025\/11\/img_9473-scaled.webp?resize=350%2C200&ssl=1 1x, https:\/\/i0.wp.com\/www.idolly.art\/wp-content\/uploads\/2025\/11\/img_9473-scaled.webp?resize=525%2C300&ssl=1 1.5x, https:\/\/i0.wp.com\/www.idolly.art\/wp-content\/uploads\/2025\/11\/img_9473-scaled.webp?resize=700%2C400&ssl=1 2x, https:\/\/i0.wp.com\/www.idolly.art\/wp-content\/uploads\/2025\/11\/img_9473-scaled.webp?resize=1050%2C600&ssl=1 3x, https:\/\/i0.wp.com\/www.idolly.art\/wp-content\/uploads\/2025\/11\/img_9473-scaled.webp?resize=1400%2C800&ssl=1 4x"},"classes":[]}],"_links":{"self":[{"href":"https:\/\/www.idolly.art\/cs\/wp-json\/wp\/v2\/product\/2236","targetHints":{"allow":["GET"]}}],"collection":[{"href":"https:\/\/www.idolly.art\/cs\/wp-json\/wp\/v2\/product"}],"about":[{"href":"https:\/\/www.idolly.art\/cs\/wp-json\/wp\/v2\/types\/product"}],"wp:featuredmedia":[{"embeddable":true,"href":"https:\/\/www.idolly.art\/cs\/wp-json\/wp\/v2\/media\/2235"}],"wp:attachment":[{"href":"https:\/\/www.idolly.art\/cs\/wp-json\/wp\/v2\/media?parent=2236"}],"wp:term":[{"taxonomy":"product_brand","embeddable":true,"href":"https:\/\/www.idolly.art\/cs\/wp-json\/wp\/v2\/product_brand?post=2236"},{"taxonomy":"product_cat","embeddable":true,"href":"https:\/\/www.idolly.art\/cs\/wp-json\/wp\/v2\/product_cat?post=2236"},{"taxonomy":"product_tag","embeddable":true,"href":"https:\/\/www.idolly.art\/cs\/wp-json\/wp\/v2\/product_tag?post=2236"}],"curies":[{"name":"wp","href":"https:\/\/api.w.org\/{rel}","templated":true}]}}