{"id":2228,"date":"2025-11-28T17:09:00","date_gmt":"2025-11-28T16:09:00","guid":{"rendered":"https:\/\/www.idolly.art\/shop\/uncategorized\/balance-2\/"},"modified":"2025-12-11T04:24:31","modified_gmt":"2025-12-11T03:24:31","slug":"balance-2","status":"publish","type":"product","link":"https:\/\/www.idolly.art\/cs\/shop\/original-fine-art\/acrylic-on-canvas\/balance-2\/","title":{"rendered":"Balance"},"content":{"rendered":"<p>Two bodies, one rhythm.<\/p>\n<p>A mirror. A dialogue. A game.<\/p>\n<p>These two figures bend, reflect, and complete each other &#8211; like opposites that secretly understand.<\/p>\n<p>Acrylic on canvas<\/p>\n<p>50&#215;50 cm each<\/p>\n<p>These are available now, before I possibly revisit them in another series.<\/p>\n<p>So if they speak to you \u2014 this is your moment.<\/p>\n<p>Shipping worldwide. Local pickup in Prague also available.<\/p>","protected":false},"excerpt":{"rendered":"<p>Two bodies, one rhythm. A mirror. A dialogue. A game. These two figures bend, reflect, and complete each other &#8211; like opposites that secretly understand. Acrylic on canvas 50&#215;50 cm each These are available now, before I possibly revisit them in another series. So if they speak to you \u2014 this is your moment. Shipping [&hellip;]<\/p>","protected":false},"featured_media":2225,"template":"","meta":[],"product_brand":[],"product_cat":[52,40],"product_tag":[],"class_list":{"0":"post-2228","1":"product","2":"type-product","3":"status-publish","4":"has-post-thumbnail","6":"product_cat-acrylic-on-canvas","7":"product_cat-original-fine-art","8":"product_shipping_class-l-canvas","10":"first","11":"instock","12":"purchasable","13":"product-type-simple"},"jetpack_sharing_enabled":true,"jetpack_likes_enabled":true,"jetpack-related-posts":[{"id":2223,"url":"https:\/\/www.idolly.art\/cs\/shop\/original-fine-art\/oil-on-canvas\/choice\/","url_meta":{"origin":2228,"position":0},"title":"Choice","author":"creator","date":"28 listopadu 2025","format":false,"excerpt":"\"Choice is never just about one decision. It's the weight of everything you choose \u2014 and everything you leave behind.\" This painting is called \"Choice.\" Two hands, two symbols. In one hand \u2014 a delicate vial of Felix Felicis, liquid luck. The promise of success, the thrill of risk. A\u2026","rel":"","context":"Podobn\u00fd p\u0159\u00edsp\u011bvek","block_context":{"text":"Podobn\u00fd p\u0159\u00edsp\u011bvek","link":""},"img":{"alt_text":"","src":"https:\/\/i0.wp.com\/www.idolly.art\/wp-content\/uploads\/2025\/11\/img_9473-scaled.webp?resize=350%2C200&ssl=1","width":350,"height":200,"srcset":"https:\/\/i0.wp.com\/www.idolly.art\/wp-content\/uploads\/2025\/11\/img_9473-scaled.webp?resize=350%2C200&ssl=1 1x, https:\/\/i0.wp.com\/www.idolly.art\/wp-content\/uploads\/2025\/11\/img_9473-scaled.webp?resize=525%2C300&ssl=1 1.5x, https:\/\/i0.wp.com\/www.idolly.art\/wp-content\/uploads\/2025\/11\/img_9473-scaled.webp?resize=700%2C400&ssl=1 2x, https:\/\/i0.wp.com\/www.idolly.art\/wp-content\/uploads\/2025\/11\/img_9473-scaled.webp?resize=1050%2C600&ssl=1 3x, https:\/\/i0.wp.com\/www.idolly.art\/wp-content\/uploads\/2025\/11\/img_9473-scaled.webp?resize=1400%2C800&ssl=1 4x"},"classes":[]},{"id":2206,"url":"https:\/\/www.idolly.art\/cs\/shop\/original-fine-art\/oil-on-canvas\/happiness-30mg\/","url_meta":{"origin":2228,"position":1},"title":"Happiness 30mg","author":"creator","date":"28 listopadu 2025","format":false,"excerpt":"\"Happiness. In a perfect, controlled dose. 30mg. Just enough to make you smile \u2014 or maybe to make you question it.\" This painting is called \"Happiness 30mg.\" Because we live in a world where emotions are measured, prescribed, and sometimes faked. Where smiles can be masks, and joy can feel\u2026","rel":"","context":"Podobn\u00fd p\u0159\u00edsp\u011bvek","block_context":{"text":"Podobn\u00fd p\u0159\u00edsp\u011bvek","link":""},"img":{"alt_text":"","src":"https:\/\/i0.wp.com\/www.idolly.art\/wp-content\/uploads\/2025\/11\/img_9979-scaled.webp?resize=350%2C200&ssl=1","width":350,"height":200,"srcset":"https:\/\/i0.wp.com\/www.idolly.art\/wp-content\/uploads\/2025\/11\/img_9979-scaled.webp?resize=350%2C200&ssl=1 1x, https:\/\/i0.wp.com\/www.idolly.art\/wp-content\/uploads\/2025\/11\/img_9979-scaled.webp?resize=525%2C300&ssl=1 1.5x, https:\/\/i0.wp.com\/www.idolly.art\/wp-content\/uploads\/2025\/11\/img_9979-scaled.webp?resize=700%2C400&ssl=1 2x, https:\/\/i0.wp.com\/www.idolly.art\/wp-content\/uploads\/2025\/11\/img_9979-scaled.webp?resize=1050%2C600&ssl=1 3x, https:\/\/i0.wp.com\/www.idolly.art\/wp-content\/uploads\/2025\/11\/img_9979-scaled.webp?resize=1400%2C800&ssl=1 4x"},"classes":[]},{"id":1808,"url":"https:\/\/www.idolly.art\/cs\/shop\/original-fine-art\/oil-on-canvas\/after-the-applause\/","url_meta":{"origin":2228,"position":2},"title":"After the Applause","author":"iDolly","date":"1 \u0159\u00edjna 2024","format":false,"excerpt":"The painting depicts a circus scene. In the center is a tent with red and white stripes, the entrance to which is lit from within, creating a warm glow. Inside the tent you can see two figures: on the left stands your WhoMan character with indistinct facial and body features,\u2026","rel":"","context":"Podobn\u00fd p\u0159\u00edsp\u011bvek","block_context":{"text":"Podobn\u00fd p\u0159\u00edsp\u011bvek","link":""},"img":{"alt_text":"","src":"https:\/\/www.idolly.art\/wp-content\/uploads\/2024\/10\/img_8678-scaled.avif","width":350,"height":200,"srcset":"https:\/\/www.idolly.art\/wp-content\/uploads\/2024\/10\/img_8678-scaled.avif 1x, https:\/\/www.idolly.art\/wp-content\/uploads\/2024\/10\/img_8678-scaled.avif 1.5x, https:\/\/www.idolly.art\/wp-content\/uploads\/2024\/10\/img_8678-scaled.avif 2x, https:\/\/www.idolly.art\/wp-content\/uploads\/2024\/10\/img_8678-scaled.avif 3x, https:\/\/www.idolly.art\/wp-content\/uploads\/2024\/10\/img_8678-scaled.avif 4x"},"classes":[]}],"_links":{"self":[{"href":"https:\/\/www.idolly.art\/cs\/wp-json\/wp\/v2\/product\/2228","targetHints":{"allow":["GET"]}}],"collection":[{"href":"https:\/\/www.idolly.art\/cs\/wp-json\/wp\/v2\/product"}],"about":[{"href":"https:\/\/www.idolly.art\/cs\/wp-json\/wp\/v2\/types\/product"}],"wp:featuredmedia":[{"embeddable":true,"href":"https:\/\/www.idolly.art\/cs\/wp-json\/wp\/v2\/media\/2225"}],"wp:attachment":[{"href":"https:\/\/www.idolly.art\/cs\/wp-json\/wp\/v2\/media?parent=2228"}],"wp:term":[{"taxonomy":"product_brand","embeddable":true,"href":"https:\/\/www.idolly.art\/cs\/wp-json\/wp\/v2\/product_brand?post=2228"},{"taxonomy":"product_cat","embeddable":true,"href":"https:\/\/www.idolly.art\/cs\/wp-json\/wp\/v2\/product_cat?post=2228"},{"taxonomy":"product_tag","embeddable":true,"href":"https:\/\/www.idolly.art\/cs\/wp-json\/wp\/v2\/product_tag?post=2228"}],"curies":[{"name":"wp","href":"https:\/\/api.w.org\/{rel}","templated":true}]}}