{"id":2223,"date":"2025-11-28T17:03:37","date_gmt":"2025-11-28T16:03:37","guid":{"rendered":"https:\/\/www.idolly.art\/shop\/uncategorized\/choice\/"},"modified":"2025-12-11T04:24:31","modified_gmt":"2025-12-11T03:24:31","slug":"choice","status":"publish","type":"product","link":"https:\/\/www.idolly.art\/cs\/shop\/original-fine-art\/oil-on-canvas\/choice\/","title":{"rendered":"Choice"},"content":{"rendered":"<p>&#8220;Choice is never just about one decision.<\/p>\n<p>It&#8217;s the weight of everything you choose \u2014 and everything you leave behind.&#8221;<\/p>\n<p>This painting is called &#8220;Choice.&#8221;<\/p>\n<p>Two hands, two symbols.<\/p>\n<p>In one hand \u2014 a delicate vial of Felix Felicis, liquid luck.<\/p>\n<p>The promise of success, the thrill of risk.<\/p>\n<p>A reminder that sometimes, luck is just another choice.<\/p>\n<p>In the other \u2014 a skull.<\/p>\n<p>Not just a symbol of death, but a reminder of time.<\/p>\n<p>A warning that the safest choice is often just another kind of fear.<\/p>\n<p>So which will you choose?<\/p>\n<p>The rush of luck, or the comfort of certainty?<\/p>\n<p>The thrill of what could be, or the peace of what is?<\/p>\n<p>Details:<\/p>\n<p>Medium: Oil on canvas<\/p>\n<p>Size: 40 x 40 cm<\/p>\n<p>Based in Prague &#8211; ships worldwide.<\/p>\n<p>contemporary art, conceptual art, choice art, Felix Felicis art, skull painting, oil painting, modern art for sale, prague artist, symbolic art, philosophical art, art with meaning<\/p>","protected":false},"excerpt":{"rendered":"<p>&#8220;Choice is never just about one decision. It&#8217;s the weight of everything you choose \u2014 and everything you leave behind.&#8221; This painting is called &#8220;Choice.&#8221; Two hands, two symbols. In one hand \u2014 a delicate vial of Felix Felicis, liquid luck. The promise of success, the thrill of risk. A reminder that sometimes, luck is [&hellip;]<\/p>","protected":false},"featured_media":2222,"template":"","meta":[],"product_brand":[],"product_cat":[53,40],"product_tag":[],"class_list":{"0":"post-2223","1":"product","2":"type-product","3":"status-publish","4":"has-post-thumbnail","6":"product_cat-oil-on-canvas","7":"product_cat-original-fine-art","8":"product_shipping_class-m-canvas","10":"first","11":"instock","12":"purchasable","13":"product-type-simple"},"jetpack_sharing_enabled":true,"jetpack_likes_enabled":true,"jetpack-related-posts":[{"id":2206,"url":"https:\/\/www.idolly.art\/cs\/shop\/original-fine-art\/oil-on-canvas\/happiness-30mg\/","url_meta":{"origin":2223,"position":0},"title":"Happiness 30mg","author":"creator","date":"28 listopadu 2025","format":false,"excerpt":"\"Happiness. In a perfect, controlled dose. 30mg. Just enough to make you smile \u2014 or maybe to make you question it.\" This painting is called \"Happiness 30mg.\" Because we live in a world where emotions are measured, prescribed, and sometimes faked. Where smiles can be masks, and joy can feel\u2026","rel":"","context":"Podobn\u00fd p\u0159\u00edsp\u011bvek","block_context":{"text":"Podobn\u00fd p\u0159\u00edsp\u011bvek","link":""},"img":{"alt_text":"","src":"https:\/\/i0.wp.com\/www.idolly.art\/wp-content\/uploads\/2025\/11\/img_9979-scaled.webp?resize=350%2C200&ssl=1","width":350,"height":200,"srcset":"https:\/\/i0.wp.com\/www.idolly.art\/wp-content\/uploads\/2025\/11\/img_9979-scaled.webp?resize=350%2C200&ssl=1 1x, https:\/\/i0.wp.com\/www.idolly.art\/wp-content\/uploads\/2025\/11\/img_9979-scaled.webp?resize=525%2C300&ssl=1 1.5x, https:\/\/i0.wp.com\/www.idolly.art\/wp-content\/uploads\/2025\/11\/img_9979-scaled.webp?resize=700%2C400&ssl=1 2x, https:\/\/i0.wp.com\/www.idolly.art\/wp-content\/uploads\/2025\/11\/img_9979-scaled.webp?resize=1050%2C600&ssl=1 3x, https:\/\/i0.wp.com\/www.idolly.art\/wp-content\/uploads\/2025\/11\/img_9979-scaled.webp?resize=1400%2C800&ssl=1 4x"},"classes":[]},{"id":2217,"url":"https:\/\/www.idolly.art\/cs\/shop\/original-fine-art\/oil-on-canvas\/whoman\/","url_meta":{"origin":2223,"position":1},"title":"Whoman","author":"creator","date":"28 listopadu 2025","format":false,"excerpt":"WhoMan (abstract) framed Oil on canvas, 50x60 cm You won't find a face here - but maybe you'll find a mood you've felt before. Something swirling and still. Open and twisted. Confused, but strangely complete. This is Whoman as energy. A person you can't describe. A feeling you can't explain\u2026","rel":"","context":"Podobn\u00fd p\u0159\u00edsp\u011bvek","block_context":{"text":"Podobn\u00fd p\u0159\u00edsp\u011bvek","link":""},"img":{"alt_text":"","src":"https:\/\/i0.wp.com\/www.idolly.art\/wp-content\/uploads\/2025\/11\/img_9453-scaled.webp?resize=350%2C200&ssl=1","width":350,"height":200,"srcset":"https:\/\/i0.wp.com\/www.idolly.art\/wp-content\/uploads\/2025\/11\/img_9453-scaled.webp?resize=350%2C200&ssl=1 1x, https:\/\/i0.wp.com\/www.idolly.art\/wp-content\/uploads\/2025\/11\/img_9453-scaled.webp?resize=525%2C300&ssl=1 1.5x, https:\/\/i0.wp.com\/www.idolly.art\/wp-content\/uploads\/2025\/11\/img_9453-scaled.webp?resize=700%2C400&ssl=1 2x, https:\/\/i0.wp.com\/www.idolly.art\/wp-content\/uploads\/2025\/11\/img_9453-scaled.webp?resize=1050%2C600&ssl=1 3x, https:\/\/i0.wp.com\/www.idolly.art\/wp-content\/uploads\/2025\/11\/img_9453-scaled.webp?resize=1400%2C800&ssl=1 4x"},"classes":[]},{"id":2036,"url":"https:\/\/www.idolly.art\/cs\/shop\/original-fine-art\/oil-on-canvas\/the-jocker\/","url_meta":{"origin":2223,"position":2},"title":"The Jocker","author":"creator","date":"30 \u010dervna 2025","format":false,"excerpt":"The Jocker \u2014 our hidden ace in the pocket. This painting (160 \u00d7 110 cm, oil on canvas) is special to me \u2014 it\u2019s the first piece where my faceless figure, the golden little human, appeared. A symbol of the self that stays bright no matter what costume or mask\u2026","rel":"","context":"Podobn\u00fd p\u0159\u00edsp\u011bvek","block_context":{"text":"Podobn\u00fd p\u0159\u00edsp\u011bvek","link":""},"img":{"alt_text":"","src":"https:\/\/i0.wp.com\/www.idolly.art\/wp-content\/uploads\/2025\/06\/img_0706.webp?resize=350%2C200&ssl=1","width":350,"height":200,"srcset":"https:\/\/i0.wp.com\/www.idolly.art\/wp-content\/uploads\/2025\/06\/img_0706.webp?resize=350%2C200&ssl=1 1x, https:\/\/i0.wp.com\/www.idolly.art\/wp-content\/uploads\/2025\/06\/img_0706.webp?resize=525%2C300&ssl=1 1.5x, https:\/\/i0.wp.com\/www.idolly.art\/wp-content\/uploads\/2025\/06\/img_0706.webp?resize=700%2C400&ssl=1 2x"},"classes":[]},{"id":2209,"url":"https:\/\/www.idolly.art\/cs\/shop\/original-fine-art\/oil-on-canvas\/the-doll\/","url_meta":{"origin":2223,"position":3},"title":"The Doll","author":"creator","date":"28 listopadu 2025","format":false,"excerpt":"Title: iDolly \u2013 The Doll Medium: Oil on canvas Size: 20 \u00d7 30 cm This painting captures the essence of my artistic alter ego \u2014 a small, unsettlingly sweet doll dressed in a glossy red costume with pointed ears and a delicate white ruff. Her wide, glassy eyes look directly\u2026","rel":"","context":"Podobn\u00fd p\u0159\u00edsp\u011bvek","block_context":{"text":"Podobn\u00fd p\u0159\u00edsp\u011bvek","link":""},"img":{"alt_text":"","src":"https:\/\/i0.wp.com\/www.idolly.art\/wp-content\/uploads\/2025\/11\/img_9482-scaled.webp?resize=350%2C200&ssl=1","width":350,"height":200,"srcset":"https:\/\/i0.wp.com\/www.idolly.art\/wp-content\/uploads\/2025\/11\/img_9482-scaled.webp?resize=350%2C200&ssl=1 1x, https:\/\/i0.wp.com\/www.idolly.art\/wp-content\/uploads\/2025\/11\/img_9482-scaled.webp?resize=525%2C300&ssl=1 1.5x, https:\/\/i0.wp.com\/www.idolly.art\/wp-content\/uploads\/2025\/11\/img_9482-scaled.webp?resize=700%2C400&ssl=1 2x, https:\/\/i0.wp.com\/www.idolly.art\/wp-content\/uploads\/2025\/11\/img_9482-scaled.webp?resize=1050%2C600&ssl=1 3x, https:\/\/i0.wp.com\/www.idolly.art\/wp-content\/uploads\/2025\/11\/img_9482-scaled.webp?resize=1400%2C800&ssl=1 4x"},"classes":[]},{"id":1792,"url":"https:\/\/www.idolly.art\/cs\/shop\/original-fine-art\/oil-on-canvas\/guardian-of-the-field\/","url_meta":{"origin":2223,"position":4},"title":"Guardian of the field","author":"iDolly","date":"30 z\u00e1\u0159\u00ed 2024","format":false,"excerpt":"For me, chickens and roosters are a symbol of freedom, even if just for a moment. The green hue of the rooster reflects that sense of transformation. It\u2019s not a natural color; it\u2019s filtered, as though I\u2019m trying to make the world more beautiful through the lens of my own\u2026","rel":"","context":"Podobn\u00fd p\u0159\u00edsp\u011bvek","block_context":{"text":"Podobn\u00fd p\u0159\u00edsp\u011bvek","link":""},"img":{"alt_text":"","src":"https:\/\/www.idolly.art\/wp-content\/uploads\/2024\/09\/img_8680-scaled.avif","width":350,"height":200,"srcset":"https:\/\/www.idolly.art\/wp-content\/uploads\/2024\/09\/img_8680-scaled.avif 1x, https:\/\/www.idolly.art\/wp-content\/uploads\/2024\/09\/img_8680-scaled.avif 1.5x, https:\/\/www.idolly.art\/wp-content\/uploads\/2024\/09\/img_8680-scaled.avif 2x, https:\/\/www.idolly.art\/wp-content\/uploads\/2024\/09\/img_8680-scaled.avif 3x, https:\/\/www.idolly.art\/wp-content\/uploads\/2024\/09\/img_8680-scaled.avif 4x"},"classes":[]},{"id":1796,"url":"https:\/\/www.idolly.art\/cs\/shop\/original-fine-art\/oil-on-canvas\/the-canine-conundrum\/","url_meta":{"origin":2223,"position":5},"title":"The Canine Conundrum","author":"iDolly","date":"30 z\u00e1\u0159\u00ed 2024","format":false,"excerpt":"This painting is part of my new circus series, where the WhoMan figure continues to make an appearance. The faceless crowd, like silent spectators, watches as the elegant poodle performs its act, balancing on a colorful ball. The red and white striped background evokes the feeling of being under the\u2026","rel":"","context":"Podobn\u00fd p\u0159\u00edsp\u011bvek","block_context":{"text":"Podobn\u00fd p\u0159\u00edsp\u011bvek","link":""},"img":{"alt_text":"","src":"https:\/\/www.idolly.art\/wp-content\/uploads\/2024\/09\/img_8687-scaled.avif","width":350,"height":200,"srcset":"https:\/\/www.idolly.art\/wp-content\/uploads\/2024\/09\/img_8687-scaled.avif 1x, https:\/\/www.idolly.art\/wp-content\/uploads\/2024\/09\/img_8687-scaled.avif 1.5x, https:\/\/www.idolly.art\/wp-content\/uploads\/2024\/09\/img_8687-scaled.avif 2x, https:\/\/www.idolly.art\/wp-content\/uploads\/2024\/09\/img_8687-scaled.avif 3x, https:\/\/www.idolly.art\/wp-content\/uploads\/2024\/09\/img_8687-scaled.avif 4x"},"classes":[]}],"_links":{"self":[{"href":"https:\/\/www.idolly.art\/cs\/wp-json\/wp\/v2\/product\/2223","targetHints":{"allow":["GET"]}}],"collection":[{"href":"https:\/\/www.idolly.art\/cs\/wp-json\/wp\/v2\/product"}],"about":[{"href":"https:\/\/www.idolly.art\/cs\/wp-json\/wp\/v2\/types\/product"}],"wp:featuredmedia":[{"embeddable":true,"href":"https:\/\/www.idolly.art\/cs\/wp-json\/wp\/v2\/media\/2222"}],"wp:attachment":[{"href":"https:\/\/www.idolly.art\/cs\/wp-json\/wp\/v2\/media?parent=2223"}],"wp:term":[{"taxonomy":"product_brand","embeddable":true,"href":"https:\/\/www.idolly.art\/cs\/wp-json\/wp\/v2\/product_brand?post=2223"},{"taxonomy":"product_cat","embeddable":true,"href":"https:\/\/www.idolly.art\/cs\/wp-json\/wp\/v2\/product_cat?post=2223"},{"taxonomy":"product_tag","embeddable":true,"href":"https:\/\/www.idolly.art\/cs\/wp-json\/wp\/v2\/product_tag?post=2223"}],"curies":[{"name":"wp","href":"https:\/\/api.w.org\/{rel}","templated":true}]}}