{"id":2211,"date":"2025-11-28T16:45:00","date_gmt":"2025-11-28T15:45:00","guid":{"rendered":"https:\/\/www.idolly.art\/shop\/uncategorized\/ride-to-nowhere\/"},"modified":"2025-12-11T04:24:31","modified_gmt":"2025-12-11T03:24:31","slug":"ride-to-nowhere","status":"publish","type":"product","link":"https:\/\/www.idolly.art\/cs\/shop\/original-fine-art\/oil-on-canvas\/ride-to-nowhere\/","title":{"rendered":"Ride to Nowhere"},"content":{"rendered":"<p>Oil on canvas, 50&#215;50 cm Price: 12,000 CZK\/500$<\/p>\n<p>Where are we heading? What are we running towards?<\/p>\n<p>This #painting reflects the inner state of an emigrant. You leave to change your life, but along the way you lose your anchor. In the place where you were born, things are no longer the same. And in the place where you live, you will never truly<\/p>\n<p>And so, a new #identity appears &#8211; a #citizen of the world.<\/p>\n<p>Someone forever in between, always on the road, always searching.<\/p>\n<p>There is no final destination on this journey, and perhaps that&#8217;s the point.<\/p>","protected":false},"excerpt":{"rendered":"<p>Oil on canvas, 50&#215;50 cm Price: 12,000 CZK\/500$ Where are we heading? What are we running towards? This #painting reflects the inner state of an emigrant. You leave to change your life, but along the way you lose your anchor. In the place where you were born, things are no longer the same. And in [&hellip;]<\/p>","protected":false},"featured_media":2210,"template":"","meta":[],"product_brand":[],"product_cat":[53,40],"product_tag":[],"class_list":{"0":"post-2211","1":"product","2":"type-product","3":"status-publish","4":"has-post-thumbnail","6":"product_cat-oil-on-canvas","7":"product_cat-original-fine-art","8":"product_shipping_class-m-canvas","10":"first","11":"instock","12":"purchasable","13":"product-type-simple"},"jetpack_sharing_enabled":true,"jetpack_likes_enabled":true,"jetpack-related-posts":[{"id":1501,"url":"https:\/\/www.idolly.art\/cs\/shop\/print-reproduction\/postcard\/postcard-where-is-the-place-of-your-power\/","url_meta":{"origin":2211,"position":0},"title":"Where is the place of your power &#8211; Postcard","author":"iDolly","date":"20 \u00fanora 2024","format":false,"excerpt":"","rel":"","context":"Podobn\u00fd p\u0159\u00edsp\u011bvek","block_context":{"text":"Podobn\u00fd p\u0159\u00edsp\u011bvek","link":""},"img":{"alt_text":"","src":"https:\/\/i0.wp.com\/www.idolly.art\/wp-content\/uploads\/2024\/02\/img_2385-scaled.jpeg?resize=350%2C200&ssl=1","width":350,"height":200,"srcset":"https:\/\/i0.wp.com\/www.idolly.art\/wp-content\/uploads\/2024\/02\/img_2385-scaled.jpeg?resize=350%2C200&ssl=1 1x, https:\/\/i0.wp.com\/www.idolly.art\/wp-content\/uploads\/2024\/02\/img_2385-scaled.jpeg?resize=525%2C300&ssl=1 1.5x, https:\/\/i0.wp.com\/www.idolly.art\/wp-content\/uploads\/2024\/02\/img_2385-scaled.jpeg?resize=700%2C400&ssl=1 2x, https:\/\/i0.wp.com\/www.idolly.art\/wp-content\/uploads\/2024\/02\/img_2385-scaled.jpeg?resize=1050%2C600&ssl=1 3x, https:\/\/i0.wp.com\/www.idolly.art\/wp-content\/uploads\/2024\/02\/img_2385-scaled.jpeg?resize=1400%2C800&ssl=1 4x"},"classes":[]},{"id":2055,"url":"https:\/\/www.idolly.art\/cs\/shop\/original-fine-art\/oil-on-canvas\/pink-bubble-whoman\/","url_meta":{"origin":2211,"position":1},"title":"Pink Bubble Whoman","author":"creator","date":"30 \u010dervna 2025","format":false,"excerpt":"Bubble Whoman is a series of three round paintings \u2014 soft, airy, like pink chewing gum bubbles frozen in time. Their diameters \u2014 50 cm, 30 cm, and 20 cm \u2014 speak of three sizes, three moments, three gentle reminders that my faceless Whoman figures live here too, hidden inside\u2026","rel":"","context":"Podobn\u00fd p\u0159\u00edsp\u011bvek","block_context":{"text":"Podobn\u00fd p\u0159\u00edsp\u011bvek","link":""},"img":{"alt_text":"","src":"https:\/\/i0.wp.com\/www.idolly.art\/wp-content\/uploads\/2025\/06\/img_9520-scaled.webp?resize=350%2C200&ssl=1","width":350,"height":200,"srcset":"https:\/\/i0.wp.com\/www.idolly.art\/wp-content\/uploads\/2025\/06\/img_9520-scaled.webp?resize=350%2C200&ssl=1 1x, https:\/\/i0.wp.com\/www.idolly.art\/wp-content\/uploads\/2025\/06\/img_9520-scaled.webp?resize=525%2C300&ssl=1 1.5x, https:\/\/i0.wp.com\/www.idolly.art\/wp-content\/uploads\/2025\/06\/img_9520-scaled.webp?resize=700%2C400&ssl=1 2x, https:\/\/i0.wp.com\/www.idolly.art\/wp-content\/uploads\/2025\/06\/img_9520-scaled.webp?resize=1050%2C600&ssl=1 3x, https:\/\/i0.wp.com\/www.idolly.art\/wp-content\/uploads\/2025\/06\/img_9520-scaled.webp?resize=1400%2C800&ssl=1 4x"},"classes":[]},{"id":2113,"url":"https:\/\/www.idolly.art\/cs\/shop\/original-fine-art\/oil-on-canvas\/the-little-knight-painting\/","url_meta":{"origin":2211,"position":2},"title":"The Little Knight","author":"creator","date":"2 \u010dervence 2025","format":false,"excerpt":"Medium: Oil on canvas Size: 200x140cm","rel":"","context":"Podobn\u00fd p\u0159\u00edsp\u011bvek","block_context":{"text":"Podobn\u00fd p\u0159\u00edsp\u011bvek","link":""},"img":{"alt_text":"","src":"https:\/\/i0.wp.com\/www.idolly.art\/wp-content\/uploads\/2025\/06\/img_2652-1-scaled.webp?resize=350%2C200&ssl=1","width":350,"height":200,"srcset":"https:\/\/i0.wp.com\/www.idolly.art\/wp-content\/uploads\/2025\/06\/img_2652-1-scaled.webp?resize=350%2C200&ssl=1 1x, https:\/\/i0.wp.com\/www.idolly.art\/wp-content\/uploads\/2025\/06\/img_2652-1-scaled.webp?resize=525%2C300&ssl=1 1.5x, https:\/\/i0.wp.com\/www.idolly.art\/wp-content\/uploads\/2025\/06\/img_2652-1-scaled.webp?resize=700%2C400&ssl=1 2x, https:\/\/i0.wp.com\/www.idolly.art\/wp-content\/uploads\/2025\/06\/img_2652-1-scaled.webp?resize=1050%2C600&ssl=1 3x, https:\/\/i0.wp.com\/www.idolly.art\/wp-content\/uploads\/2025\/06\/img_2652-1-scaled.webp?resize=1400%2C800&ssl=1 4x"},"classes":[]},{"id":2050,"url":"https:\/\/www.idolly.art\/cs\/shop\/print-reproduction\/poster\/the-little-knight\/","url_meta":{"origin":2211,"position":3},"title":"The Little Knight &#8211; hand-signed limited prints","author":"creator","date":"30 \u010dervna 2025","format":false,"excerpt":"The Little Knight is a window into my son\u2019s world \u2014 and into an age-old question of what it means to grow up as a boy, a future man, a protector. In this painting, he stands barefoot yet armored, in the middle of his room \u2014 his kingdom. Around him:\u2026","rel":"","context":"Podobn\u00fd p\u0159\u00edsp\u011bvek","block_context":{"text":"Podobn\u00fd p\u0159\u00edsp\u011bvek","link":""},"img":{"alt_text":"","src":"https:\/\/i0.wp.com\/www.idolly.art\/wp-content\/uploads\/2025\/06\/img_2652-1-scaled.webp?resize=350%2C200&ssl=1","width":350,"height":200,"srcset":"https:\/\/i0.wp.com\/www.idolly.art\/wp-content\/uploads\/2025\/06\/img_2652-1-scaled.webp?resize=350%2C200&ssl=1 1x, https:\/\/i0.wp.com\/www.idolly.art\/wp-content\/uploads\/2025\/06\/img_2652-1-scaled.webp?resize=525%2C300&ssl=1 1.5x, https:\/\/i0.wp.com\/www.idolly.art\/wp-content\/uploads\/2025\/06\/img_2652-1-scaled.webp?resize=700%2C400&ssl=1 2x, https:\/\/i0.wp.com\/www.idolly.art\/wp-content\/uploads\/2025\/06\/img_2652-1-scaled.webp?resize=1050%2C600&ssl=1 3x, https:\/\/i0.wp.com\/www.idolly.art\/wp-content\/uploads\/2025\/06\/img_2652-1-scaled.webp?resize=1400%2C800&ssl=1 4x"},"classes":[]},{"id":1802,"url":"https:\/\/www.idolly.art\/cs\/shop\/original-fine-art\/oil-on-canvas\/circus-mirage\/","url_meta":{"origin":2211,"position":4},"title":"Circus Mirage","author":"iDolly","date":"1 \u0159\u00edjna 2024","format":false,"excerpt":"Circus Mirage 15\u0441m In this painting, a vibrant circus tent stands alone in a sun-drenched landscape, its red and white stripes contrasting against the bright blue sky. The tent symbolizes a space of wonder, performance, and illusion. For me, the circus represents a place where identities shift, where roles are\u2026","rel":"","context":"Podobn\u00fd p\u0159\u00edsp\u011bvek","block_context":{"text":"Podobn\u00fd p\u0159\u00edsp\u011bvek","link":""},"img":{"alt_text":"","src":"https:\/\/www.idolly.art\/wp-content\/uploads\/2024\/10\/img_8781-jpeg.avif","width":350,"height":200,"srcset":"https:\/\/www.idolly.art\/wp-content\/uploads\/2024\/10\/img_8781-jpeg.avif 1x, https:\/\/www.idolly.art\/wp-content\/uploads\/2024\/10\/img_8781-jpeg.avif 1.5x, https:\/\/www.idolly.art\/wp-content\/uploads\/2024\/10\/img_8781-jpeg.avif 2x, https:\/\/www.idolly.art\/wp-content\/uploads\/2024\/10\/img_8781-jpeg.avif 3x"},"classes":[]},{"id":1808,"url":"https:\/\/www.idolly.art\/cs\/shop\/original-fine-art\/oil-on-canvas\/after-the-applause\/","url_meta":{"origin":2211,"position":5},"title":"After the Applause","author":"iDolly","date":"1 \u0159\u00edjna 2024","format":false,"excerpt":"The painting depicts a circus scene. In the center is a tent with red and white stripes, the entrance to which is lit from within, creating a warm glow. Inside the tent you can see two figures: on the left stands your WhoMan character with indistinct facial and body features,\u2026","rel":"","context":"Podobn\u00fd p\u0159\u00edsp\u011bvek","block_context":{"text":"Podobn\u00fd p\u0159\u00edsp\u011bvek","link":""},"img":{"alt_text":"","src":"https:\/\/www.idolly.art\/wp-content\/uploads\/2024\/10\/img_8678-scaled.avif","width":350,"height":200,"srcset":"https:\/\/www.idolly.art\/wp-content\/uploads\/2024\/10\/img_8678-scaled.avif 1x, https:\/\/www.idolly.art\/wp-content\/uploads\/2024\/10\/img_8678-scaled.avif 1.5x, https:\/\/www.idolly.art\/wp-content\/uploads\/2024\/10\/img_8678-scaled.avif 2x, https:\/\/www.idolly.art\/wp-content\/uploads\/2024\/10\/img_8678-scaled.avif 3x, https:\/\/www.idolly.art\/wp-content\/uploads\/2024\/10\/img_8678-scaled.avif 4x"},"classes":[]}],"_links":{"self":[{"href":"https:\/\/www.idolly.art\/cs\/wp-json\/wp\/v2\/product\/2211","targetHints":{"allow":["GET"]}}],"collection":[{"href":"https:\/\/www.idolly.art\/cs\/wp-json\/wp\/v2\/product"}],"about":[{"href":"https:\/\/www.idolly.art\/cs\/wp-json\/wp\/v2\/types\/product"}],"wp:featuredmedia":[{"embeddable":true,"href":"https:\/\/www.idolly.art\/cs\/wp-json\/wp\/v2\/media\/2210"}],"wp:attachment":[{"href":"https:\/\/www.idolly.art\/cs\/wp-json\/wp\/v2\/media?parent=2211"}],"wp:term":[{"taxonomy":"product_brand","embeddable":true,"href":"https:\/\/www.idolly.art\/cs\/wp-json\/wp\/v2\/product_brand?post=2211"},{"taxonomy":"product_cat","embeddable":true,"href":"https:\/\/www.idolly.art\/cs\/wp-json\/wp\/v2\/product_cat?post=2211"},{"taxonomy":"product_tag","embeddable":true,"href":"https:\/\/www.idolly.art\/cs\/wp-json\/wp\/v2\/product_tag?post=2211"}],"curies":[{"name":"wp","href":"https:\/\/api.w.org\/{rel}","templated":true}]}}