{"id":2206,"date":"2025-11-28T14:37:16","date_gmt":"2025-11-28T13:37:16","guid":{"rendered":"https:\/\/www.idolly.art\/shop\/uncategorized\/happiness-30mg\/"},"modified":"2025-12-16T03:17:54","modified_gmt":"2025-12-16T02:17:54","slug":"happiness-30mg","status":"publish","type":"product","link":"https:\/\/www.idolly.art\/cs\/shop\/original-fine-art\/oil-on-canvas\/happiness-30mg\/","title":{"rendered":"Happiness 30mg"},"content":{"rendered":"<p>&#8220;Happiness. In a perfect, controlled dose.<\/p>\n<p>30mg. Just enough to make you smile \u2014 or maybe to make you question it.&#8221;<\/p>\n<p>This painting is called &#8220;Happiness 30mg.&#8221;<\/p>\n<p>Because we live in a world where emotions are measured, prescribed, and sometimes faked.<\/p>\n<p>Where smiles can be masks, and joy can feel like a product.<\/p>\n<p>But this one \u2014 this is pure yellow, thick and bright.<\/p>\n<p>The color of sunshine. The shape of a pill.<\/p>\n<p>But also&#8230; maybe a warning.<\/p>\n<p>Medium: Oil on canvas<\/p>\n<p>Size: 30 cm diameter<\/p>\n<p>Available<\/p>\n<p>Based in Prague &#8211; ships worldwide.<\/p>\n<p>contemporary art, conceptual art, emotional art, pop art, yellow painting, smiley face, happiness art, mental health art, modern art for sale, prague artist, art for collectors, small art for sale, oil painting<\/p>","protected":false},"excerpt":{"rendered":"<p>&#8220;Happiness. In a perfect, controlled dose. 30mg. Just enough to make you smile \u2014 or maybe to make you question it.&#8221; This painting is called &#8220;Happiness 30mg.&#8221; Because we live in a world where emotions are measured, prescribed, and sometimes faked. Where smiles can be masks, and joy can feel like a product. But this [&hellip;]<\/p>","protected":false},"featured_media":2204,"template":"","meta":[],"product_brand":[],"product_cat":[53,40],"product_tag":[],"class_list":{"0":"post-2206","1":"product","2":"type-product","3":"status-publish","4":"has-post-thumbnail","6":"product_cat-oil-on-canvas","7":"product_cat-original-fine-art","8":"product_shipping_class-s-canvas","10":"first","11":"instock","12":"purchasable","13":"product-type-simple"},"jetpack_sharing_enabled":true,"jetpack_likes_enabled":true,"jetpack-related-posts":[{"id":2217,"url":"https:\/\/www.idolly.art\/cs\/shop\/original-fine-art\/oil-on-canvas\/whoman\/","url_meta":{"origin":2206,"position":0},"title":"Whoman","author":"creator","date":"28 listopadu 2025","format":false,"excerpt":"WhoMan (abstract) framed Oil on canvas, 50x60 cm You won't find a face here - but maybe you'll find a mood you've felt before. Something swirling and still. Open and twisted. Confused, but strangely complete. This is Whoman as energy. A person you can't describe. A feeling you can't explain\u2026","rel":"","context":"Podobn\u00fd p\u0159\u00edsp\u011bvek","block_context":{"text":"Podobn\u00fd p\u0159\u00edsp\u011bvek","link":""},"img":{"alt_text":"","src":"https:\/\/i0.wp.com\/www.idolly.art\/wp-content\/uploads\/2025\/11\/img_9453-scaled.webp?resize=350%2C200&ssl=1","width":350,"height":200,"srcset":"https:\/\/i0.wp.com\/www.idolly.art\/wp-content\/uploads\/2025\/11\/img_9453-scaled.webp?resize=350%2C200&ssl=1 1x, https:\/\/i0.wp.com\/www.idolly.art\/wp-content\/uploads\/2025\/11\/img_9453-scaled.webp?resize=525%2C300&ssl=1 1.5x, https:\/\/i0.wp.com\/www.idolly.art\/wp-content\/uploads\/2025\/11\/img_9453-scaled.webp?resize=700%2C400&ssl=1 2x, https:\/\/i0.wp.com\/www.idolly.art\/wp-content\/uploads\/2025\/11\/img_9453-scaled.webp?resize=1050%2C600&ssl=1 3x, https:\/\/i0.wp.com\/www.idolly.art\/wp-content\/uploads\/2025\/11\/img_9453-scaled.webp?resize=1400%2C800&ssl=1 4x"},"classes":[]},{"id":2223,"url":"https:\/\/www.idolly.art\/cs\/shop\/original-fine-art\/oil-on-canvas\/choice\/","url_meta":{"origin":2206,"position":1},"title":"Choice","author":"creator","date":"28 listopadu 2025","format":false,"excerpt":"\"Choice is never just about one decision. It's the weight of everything you choose \u2014 and everything you leave behind.\" This painting is called \"Choice.\" Two hands, two symbols. In one hand \u2014 a delicate vial of Felix Felicis, liquid luck. The promise of success, the thrill of risk. A\u2026","rel":"","context":"Podobn\u00fd p\u0159\u00edsp\u011bvek","block_context":{"text":"Podobn\u00fd p\u0159\u00edsp\u011bvek","link":""},"img":{"alt_text":"","src":"https:\/\/i0.wp.com\/www.idolly.art\/wp-content\/uploads\/2025\/11\/img_9473-scaled.webp?resize=350%2C200&ssl=1","width":350,"height":200,"srcset":"https:\/\/i0.wp.com\/www.idolly.art\/wp-content\/uploads\/2025\/11\/img_9473-scaled.webp?resize=350%2C200&ssl=1 1x, https:\/\/i0.wp.com\/www.idolly.art\/wp-content\/uploads\/2025\/11\/img_9473-scaled.webp?resize=525%2C300&ssl=1 1.5x, https:\/\/i0.wp.com\/www.idolly.art\/wp-content\/uploads\/2025\/11\/img_9473-scaled.webp?resize=700%2C400&ssl=1 2x, https:\/\/i0.wp.com\/www.idolly.art\/wp-content\/uploads\/2025\/11\/img_9473-scaled.webp?resize=1050%2C600&ssl=1 3x, https:\/\/i0.wp.com\/www.idolly.art\/wp-content\/uploads\/2025\/11\/img_9473-scaled.webp?resize=1400%2C800&ssl=1 4x"},"classes":[]},{"id":849,"url":"https:\/\/www.idolly.art\/cs\/shop\/original-fine-art\/acrylic-on-canvas\/grotesque-as-a-mirror-of-reality-spring\/","url_meta":{"origin":2206,"position":2},"title":"Grotesque as a mirror of reality Spring","author":"creator","date":"28 \u010dervna 2022","format":false,"excerpt":"Abstract and figurative expressionism acrylic painting on cotton canvas 2x2m","rel":"","context":"Podobn\u00fd p\u0159\u00edsp\u011bvek","block_context":{"text":"Podobn\u00fd p\u0159\u00edsp\u011bvek","link":""},"img":{"alt_text":"iDolly Artwork, Daria Borshch Painting, Abstract Acrylic Art, Emotional Depth in Art, Human Psyche Representation, Vibrant Art Collection, Contemporary Masterpiece, Artistic Exploration, Visual Splendor, Psychological Introspection","src":"https:\/\/i0.wp.com\/www.idolly.art\/wp-content\/uploads\/2024\/02\/img_0432.jpeg?resize=350%2C200&ssl=1","width":350,"height":200,"srcset":"https:\/\/i0.wp.com\/www.idolly.art\/wp-content\/uploads\/2024\/02\/img_0432.jpeg?resize=350%2C200&ssl=1 1x, https:\/\/i0.wp.com\/www.idolly.art\/wp-content\/uploads\/2024\/02\/img_0432.jpeg?resize=525%2C300&ssl=1 1.5x, https:\/\/i0.wp.com\/www.idolly.art\/wp-content\/uploads\/2024\/02\/img_0432.jpeg?resize=700%2C400&ssl=1 2x"},"classes":[]},{"id":1483,"url":"https:\/\/www.idolly.art\/cs\/shop\/original-fine-art\/oil-on-canvas\/trick-or-treat\/","url_meta":{"origin":2206,"position":3},"title":"Trick or treat?","author":"iDolly","date":"20 \u00fanora 2024","format":false,"excerpt":"40x30 oil painting","rel":"","context":"Podobn\u00fd p\u0159\u00edsp\u011bvek","block_context":{"text":"Podobn\u00fd p\u0159\u00edsp\u011bvek","link":""},"img":{"alt_text":"","src":"https:\/\/i0.wp.com\/www.idolly.art\/wp-content\/uploads\/2024\/02\/img_4394-scaled.jpeg?resize=350%2C200&ssl=1","width":350,"height":200,"srcset":"https:\/\/i0.wp.com\/www.idolly.art\/wp-content\/uploads\/2024\/02\/img_4394-scaled.jpeg?resize=350%2C200&ssl=1 1x, https:\/\/i0.wp.com\/www.idolly.art\/wp-content\/uploads\/2024\/02\/img_4394-scaled.jpeg?resize=525%2C300&ssl=1 1.5x, https:\/\/i0.wp.com\/www.idolly.art\/wp-content\/uploads\/2024\/02\/img_4394-scaled.jpeg?resize=700%2C400&ssl=1 2x, https:\/\/i0.wp.com\/www.idolly.art\/wp-content\/uploads\/2024\/02\/img_4394-scaled.jpeg?resize=1050%2C600&ssl=1 3x, https:\/\/i0.wp.com\/www.idolly.art\/wp-content\/uploads\/2024\/02\/img_4394-scaled.jpeg?resize=1400%2C800&ssl=1 4x"},"classes":[]},{"id":2232,"url":"https:\/\/www.idolly.art\/cs\/shop\/original-fine-art\/oil-on-canvas\/attention\/","url_meta":{"origin":2206,"position":4},"title":"Attention","author":"creator","date":"28 listopadu 2025","format":false,"excerpt":"30cm oil painting","rel":"","context":"Podobn\u00fd p\u0159\u00edsp\u011bvek","block_context":{"text":"Podobn\u00fd p\u0159\u00edsp\u011bvek","link":""},"img":{"alt_text":"","src":"https:\/\/i0.wp.com\/www.idolly.art\/wp-content\/uploads\/2025\/11\/img_9517-scaled.webp?resize=350%2C200&ssl=1","width":350,"height":200,"srcset":"https:\/\/i0.wp.com\/www.idolly.art\/wp-content\/uploads\/2025\/11\/img_9517-scaled.webp?resize=350%2C200&ssl=1 1x, https:\/\/i0.wp.com\/www.idolly.art\/wp-content\/uploads\/2025\/11\/img_9517-scaled.webp?resize=525%2C300&ssl=1 1.5x, https:\/\/i0.wp.com\/www.idolly.art\/wp-content\/uploads\/2025\/11\/img_9517-scaled.webp?resize=700%2C400&ssl=1 2x, https:\/\/i0.wp.com\/www.idolly.art\/wp-content\/uploads\/2025\/11\/img_9517-scaled.webp?resize=1050%2C600&ssl=1 3x, https:\/\/i0.wp.com\/www.idolly.art\/wp-content\/uploads\/2025\/11\/img_9517-scaled.webp?resize=1400%2C800&ssl=1 4x"},"classes":[]},{"id":2236,"url":"https:\/\/www.idolly.art\/cs\/shop\/original-fine-art\/oil-on-canvas\/eggflower\/","url_meta":{"origin":2206,"position":5},"title":"Eggflower big","author":"creator","date":"28 listopadu 2025","format":false,"excerpt":"30cm oil painting","rel":"","context":"Podobn\u00fd p\u0159\u00edsp\u011bvek","block_context":{"text":"Podobn\u00fd p\u0159\u00edsp\u011bvek","link":""},"img":{"alt_text":"","src":"https:\/\/i0.wp.com\/www.idolly.art\/wp-content\/uploads\/2025\/11\/img_9502-scaled.webp?resize=350%2C200&ssl=1","width":350,"height":200,"srcset":"https:\/\/i0.wp.com\/www.idolly.art\/wp-content\/uploads\/2025\/11\/img_9502-scaled.webp?resize=350%2C200&ssl=1 1x, https:\/\/i0.wp.com\/www.idolly.art\/wp-content\/uploads\/2025\/11\/img_9502-scaled.webp?resize=525%2C300&ssl=1 1.5x, https:\/\/i0.wp.com\/www.idolly.art\/wp-content\/uploads\/2025\/11\/img_9502-scaled.webp?resize=700%2C400&ssl=1 2x, https:\/\/i0.wp.com\/www.idolly.art\/wp-content\/uploads\/2025\/11\/img_9502-scaled.webp?resize=1050%2C600&ssl=1 3x, https:\/\/i0.wp.com\/www.idolly.art\/wp-content\/uploads\/2025\/11\/img_9502-scaled.webp?resize=1400%2C800&ssl=1 4x"},"classes":[]}],"_links":{"self":[{"href":"https:\/\/www.idolly.art\/cs\/wp-json\/wp\/v2\/product\/2206","targetHints":{"allow":["GET"]}}],"collection":[{"href":"https:\/\/www.idolly.art\/cs\/wp-json\/wp\/v2\/product"}],"about":[{"href":"https:\/\/www.idolly.art\/cs\/wp-json\/wp\/v2\/types\/product"}],"wp:featuredmedia":[{"embeddable":true,"href":"https:\/\/www.idolly.art\/cs\/wp-json\/wp\/v2\/media\/2204"}],"wp:attachment":[{"href":"https:\/\/www.idolly.art\/cs\/wp-json\/wp\/v2\/media?parent=2206"}],"wp:term":[{"taxonomy":"product_brand","embeddable":true,"href":"https:\/\/www.idolly.art\/cs\/wp-json\/wp\/v2\/product_brand?post=2206"},{"taxonomy":"product_cat","embeddable":true,"href":"https:\/\/www.idolly.art\/cs\/wp-json\/wp\/v2\/product_cat?post=2206"},{"taxonomy":"product_tag","embeddable":true,"href":"https:\/\/www.idolly.art\/cs\/wp-json\/wp\/v2\/product_tag?post=2206"}],"curies":[{"name":"wp","href":"https:\/\/api.w.org\/{rel}","templated":true}]}}