{"id":2160,"date":"2025-08-05T23:07:45","date_gmt":"2025-08-05T21:07:45","guid":{"rendered":"https:\/\/www.idolly.art\/shop\/uncategorized\/postcard-the-little-knight-a5-not-signed\/"},"modified":"2025-12-11T04:24:31","modified_gmt":"2025-12-11T03:24:31","slug":"postcard-the-little-knight-a5-not-signed","status":"publish","type":"product","link":"https:\/\/www.idolly.art\/cs\/shop\/print-reproduction\/postcard\/postcard-the-little-knight-a5-not-signed\/","title":{"rendered":"Postcard \u201cThe little knight\u201d A5 not signed"},"content":{"rendered":"<p>Size: A5 (14,8 \u00d7 21 cm)<\/p>\n<p>Paper: 300 g\/m\u00b2 premium card stock.<\/p>\n<p>Details: Small but meaningful \u2014 perfect to send as a gift, frame it, or collect your own piece of The Little Knight.<\/p>\n<p>Not hand signed<\/p>","protected":false},"excerpt":{"rendered":"<p>Size: A5 (14,8 \u00d7 21 cm) Paper: 300 g\/m\u00b2 premium card stock. Details: Small but meaningful \u2014 perfect to send as a gift, frame it, or collect your own piece of The Little Knight. Not hand signed<\/p>","protected":false},"featured_media":2081,"template":"","meta":[],"product_brand":[],"product_cat":[42],"product_tag":[],"class_list":{"0":"post-2160","1":"product","2":"type-product","3":"status-publish","4":"has-post-thumbnail","6":"product_cat-postcard","7":"product_shipping_class-postcard","9":"first","10":"instock","11":"featured","12":"purchasable","13":"product-type-simple"},"jetpack_sharing_enabled":true,"jetpack_likes_enabled":true,"jetpack-related-posts":[{"id":2050,"url":"https:\/\/www.idolly.art\/cs\/shop\/print-reproduction\/poster\/the-little-knight\/","url_meta":{"origin":2160,"position":0},"title":"The Little Knight &#8211; hand-signed limited prints","author":"creator","date":"30 \u010dervna 2025","format":false,"excerpt":"The Little Knight is a window into my son\u2019s world \u2014 and into an age-old question of what it means to grow up as a boy, a future man, a protector. In this painting, he stands barefoot yet armored, in the middle of his room \u2014 his kingdom. Around him:\u2026","rel":"","context":"Podobn\u00fd p\u0159\u00edsp\u011bvek","block_context":{"text":"Podobn\u00fd p\u0159\u00edsp\u011bvek","link":""},"img":{"alt_text":"","src":"https:\/\/i0.wp.com\/www.idolly.art\/wp-content\/uploads\/2025\/06\/img_2652-1-scaled.webp?resize=350%2C200&ssl=1","width":350,"height":200,"srcset":"https:\/\/i0.wp.com\/www.idolly.art\/wp-content\/uploads\/2025\/06\/img_2652-1-scaled.webp?resize=350%2C200&ssl=1 1x, https:\/\/i0.wp.com\/www.idolly.art\/wp-content\/uploads\/2025\/06\/img_2652-1-scaled.webp?resize=525%2C300&ssl=1 1.5x, https:\/\/i0.wp.com\/www.idolly.art\/wp-content\/uploads\/2025\/06\/img_2652-1-scaled.webp?resize=700%2C400&ssl=1 2x, https:\/\/i0.wp.com\/www.idolly.art\/wp-content\/uploads\/2025\/06\/img_2652-1-scaled.webp?resize=1050%2C600&ssl=1 3x, https:\/\/i0.wp.com\/www.idolly.art\/wp-content\/uploads\/2025\/06\/img_2652-1-scaled.webp?resize=1400%2C800&ssl=1 4x"},"classes":[]},{"id":2113,"url":"https:\/\/www.idolly.art\/cs\/shop\/original-fine-art\/oil-on-canvas\/the-little-knight-painting\/","url_meta":{"origin":2160,"position":1},"title":"The Little Knight","author":"creator","date":"2 \u010dervence 2025","format":false,"excerpt":"Medium: Oil on canvas Size: 200x140cm","rel":"","context":"Podobn\u00fd p\u0159\u00edsp\u011bvek","block_context":{"text":"Podobn\u00fd p\u0159\u00edsp\u011bvek","link":""},"img":{"alt_text":"","src":"https:\/\/i0.wp.com\/www.idolly.art\/wp-content\/uploads\/2025\/06\/img_2652-1-scaled.webp?resize=350%2C200&ssl=1","width":350,"height":200,"srcset":"https:\/\/i0.wp.com\/www.idolly.art\/wp-content\/uploads\/2025\/06\/img_2652-1-scaled.webp?resize=350%2C200&ssl=1 1x, https:\/\/i0.wp.com\/www.idolly.art\/wp-content\/uploads\/2025\/06\/img_2652-1-scaled.webp?resize=525%2C300&ssl=1 1.5x, https:\/\/i0.wp.com\/www.idolly.art\/wp-content\/uploads\/2025\/06\/img_2652-1-scaled.webp?resize=700%2C400&ssl=1 2x, https:\/\/i0.wp.com\/www.idolly.art\/wp-content\/uploads\/2025\/06\/img_2652-1-scaled.webp?resize=1050%2C600&ssl=1 3x, https:\/\/i0.wp.com\/www.idolly.art\/wp-content\/uploads\/2025\/06\/img_2652-1-scaled.webp?resize=1400%2C800&ssl=1 4x"},"classes":[]},{"id":1826,"url":"https:\/\/www.idolly.art\/cs\/shop\/print-reproduction\/poster\/guardian-of-the-field-poster-a3\/","url_meta":{"origin":2160,"position":2},"title":"Guardian of the field &#8211; A3 Poster","author":"iDolly","date":"2 \u0159\u00edjna 2024","format":false,"excerpt":"Paper matt 250 g\/m2 Signed","rel":"","context":"Podobn\u00fd p\u0159\u00edsp\u011bvek","block_context":{"text":"Podobn\u00fd p\u0159\u00edsp\u011bvek","link":""},"img":{"alt_text":"","src":"https:\/\/www.idolly.art\/wp-content\/uploads\/2024\/10\/img_8964-scaled.avif","width":350,"height":200,"srcset":"https:\/\/www.idolly.art\/wp-content\/uploads\/2024\/10\/img_8964-scaled.avif 1x, https:\/\/www.idolly.art\/wp-content\/uploads\/2024\/10\/img_8964-scaled.avif 1.5x, https:\/\/www.idolly.art\/wp-content\/uploads\/2024\/10\/img_8964-scaled.avif 2x, https:\/\/www.idolly.art\/wp-content\/uploads\/2024\/10\/img_8964-scaled.avif 3x, https:\/\/www.idolly.art\/wp-content\/uploads\/2024\/10\/img_8964-scaled.avif 4x"},"classes":[]},{"id":1835,"url":"https:\/\/www.idolly.art\/cs\/shop\/print-reproduction\/poster\/specter-in-the-henhouse-poster-a3\/","url_meta":{"origin":2160,"position":3},"title":"Specter in the Henhouse \u2013 A3 Poster","author":"iDolly","date":"2 \u0159\u00edjna 2024","format":false,"excerpt":"Paper matt 250 g\/m2 Signed","rel":"","context":"Podobn\u00fd p\u0159\u00edsp\u011bvek","block_context":{"text":"Podobn\u00fd p\u0159\u00edsp\u011bvek","link":""},"img":{"alt_text":"","src":"https:\/\/www.idolly.art\/wp-content\/uploads\/2024\/10\/img_8960-1-scaled.avif","width":350,"height":200,"srcset":"https:\/\/www.idolly.art\/wp-content\/uploads\/2024\/10\/img_8960-1-scaled.avif 1x, https:\/\/www.idolly.art\/wp-content\/uploads\/2024\/10\/img_8960-1-scaled.avif 1.5x, https:\/\/www.idolly.art\/wp-content\/uploads\/2024\/10\/img_8960-1-scaled.avif 2x, https:\/\/www.idolly.art\/wp-content\/uploads\/2024\/10\/img_8960-1-scaled.avif 3x, https:\/\/www.idolly.art\/wp-content\/uploads\/2024\/10\/img_8960-1-scaled.avif 4x"},"classes":[]},{"id":1837,"url":"https:\/\/www.idolly.art\/cs\/shop\/print-reproduction\/poster\/circus-secret-poster-a3\/","url_meta":{"origin":2160,"position":4},"title":"Circus secret \u2013 A3 Poster","author":"iDolly","date":"2 \u0159\u00edjna 2024","format":false,"excerpt":"Paper matt 250 g\/m2 Signed","rel":"","context":"Podobn\u00fd p\u0159\u00edsp\u011bvek","block_context":{"text":"Podobn\u00fd p\u0159\u00edsp\u011bvek","link":""},"img":{"alt_text":"","src":"https:\/\/www.idolly.art\/wp-content\/uploads\/2024\/10\/img_8954-scaled.avif","width":350,"height":200,"srcset":"https:\/\/www.idolly.art\/wp-content\/uploads\/2024\/10\/img_8954-scaled.avif 1x, https:\/\/www.idolly.art\/wp-content\/uploads\/2024\/10\/img_8954-scaled.avif 1.5x, https:\/\/www.idolly.art\/wp-content\/uploads\/2024\/10\/img_8954-scaled.avif 2x, https:\/\/www.idolly.art\/wp-content\/uploads\/2024\/10\/img_8954-scaled.avif 3x, https:\/\/www.idolly.art\/wp-content\/uploads\/2024\/10\/img_8954-scaled.avif 4x"},"classes":[]},{"id":1839,"url":"https:\/\/www.idolly.art\/cs\/shop\/print-reproduction\/poster\/the-contortionists-poise-poster-a3\/","url_meta":{"origin":2160,"position":5},"title":"The Contortionist&#8217;s Poise \u2013 A3 Poster","author":"iDolly","date":"2 \u0159\u00edjna 2024","format":false,"excerpt":"Paper matt 250 g\/m2 Signed","rel":"","context":"Podobn\u00fd p\u0159\u00edsp\u011bvek","block_context":{"text":"Podobn\u00fd p\u0159\u00edsp\u011bvek","link":""},"img":{"alt_text":"","src":"https:\/\/www.idolly.art\/wp-content\/uploads\/2024\/10\/img_8957-scaled.avif","width":350,"height":200,"srcset":"https:\/\/www.idolly.art\/wp-content\/uploads\/2024\/10\/img_8957-scaled.avif 1x, https:\/\/www.idolly.art\/wp-content\/uploads\/2024\/10\/img_8957-scaled.avif 1.5x, https:\/\/www.idolly.art\/wp-content\/uploads\/2024\/10\/img_8957-scaled.avif 2x, https:\/\/www.idolly.art\/wp-content\/uploads\/2024\/10\/img_8957-scaled.avif 3x, https:\/\/www.idolly.art\/wp-content\/uploads\/2024\/10\/img_8957-scaled.avif 4x"},"classes":[]}],"_links":{"self":[{"href":"https:\/\/www.idolly.art\/cs\/wp-json\/wp\/v2\/product\/2160","targetHints":{"allow":["GET"]}}],"collection":[{"href":"https:\/\/www.idolly.art\/cs\/wp-json\/wp\/v2\/product"}],"about":[{"href":"https:\/\/www.idolly.art\/cs\/wp-json\/wp\/v2\/types\/product"}],"wp:featuredmedia":[{"embeddable":true,"href":"https:\/\/www.idolly.art\/cs\/wp-json\/wp\/v2\/media\/2081"}],"wp:attachment":[{"href":"https:\/\/www.idolly.art\/cs\/wp-json\/wp\/v2\/media?parent=2160"}],"wp:term":[{"taxonomy":"product_brand","embeddable":true,"href":"https:\/\/www.idolly.art\/cs\/wp-json\/wp\/v2\/product_brand?post=2160"},{"taxonomy":"product_cat","embeddable":true,"href":"https:\/\/www.idolly.art\/cs\/wp-json\/wp\/v2\/product_cat?post=2160"},{"taxonomy":"product_tag","embeddable":true,"href":"https:\/\/www.idolly.art\/cs\/wp-json\/wp\/v2\/product_tag?post=2160"}],"curies":[{"name":"wp","href":"https:\/\/api.w.org\/{rel}","templated":true}]}}