{"id":1847,"date":"2024-10-02T15:44:35","date_gmt":"2024-10-02T13:44:35","guid":{"rendered":"https:\/\/www.idolly.art\/shop\/uncategorized\/the-silent-rider-poster-a3\/"},"modified":"2025-07-25T19:29:39","modified_gmt":"2025-07-25T17:29:39","slug":"the-silent-rider-poster-a3","status":"publish","type":"product","link":"https:\/\/www.idolly.art\/cs\/shop\/print-reproduction\/poster\/the-silent-rider-poster-a3\/","title":{"rendered":"The Silent Rider \u2013 A3 Poster"},"content":{"rendered":"<p>Paper matt 250 g\/m2<\/p>\n<p>Signed<\/p>","protected":false},"excerpt":{"rendered":"<p>Paper matt 250 g\/m2 Signed<\/p>","protected":false},"featured_media":1846,"template":"","meta":[],"product_brand":[],"product_cat":[64,41],"product_tag":[],"class_list":{"0":"post-1847","1":"product","2":"type-product","3":"status-publish","4":"has-post-thumbnail","6":"product_cat-poster","7":"product_cat-print-reproduction","8":"product_shipping_class-poster-a2","10":"first","11":"instock","12":"shipping-taxable","13":"purchasable","14":"product-type-simple"},"jetpack_sharing_enabled":true,"jetpack_likes_enabled":true,"jetpack-related-posts":[{"id":1828,"url":"https:\/\/www.idolly.art\/cs\/shop\/print-reproduction\/poster\/hens-silent-specter-poster-a3\/","url_meta":{"origin":1847,"position":0},"title":"Hen\u2019s Silent Specter poster A3","author":"iDolly","date":"2 \u0159\u00edjna 2024","format":false,"excerpt":"Signed Paper matt 250 g\/m2","rel":"","context":"Podobn\u00fd p\u0159\u00edsp\u011bvek","block_context":{"text":"Podobn\u00fd p\u0159\u00edsp\u011bvek","link":""},"img":{"alt_text":"","src":"https:\/\/www.idolly.art\/wp-content\/uploads\/2024\/10\/img_8958-scaled.avif","width":350,"height":200,"srcset":"https:\/\/www.idolly.art\/wp-content\/uploads\/2024\/10\/img_8958-scaled.avif 1x, https:\/\/www.idolly.art\/wp-content\/uploads\/2024\/10\/img_8958-scaled.avif 1.5x, https:\/\/www.idolly.art\/wp-content\/uploads\/2024\/10\/img_8958-scaled.avif 2x, https:\/\/www.idolly.art\/wp-content\/uploads\/2024\/10\/img_8958-scaled.avif 3x, https:\/\/www.idolly.art\/wp-content\/uploads\/2024\/10\/img_8958-scaled.avif 4x"},"classes":[]},{"id":1826,"url":"https:\/\/www.idolly.art\/cs\/shop\/print-reproduction\/poster\/guardian-of-the-field-poster-a3\/","url_meta":{"origin":1847,"position":1},"title":"Guardian of the field &#8211; A3 Poster","author":"iDolly","date":"2 \u0159\u00edjna 2024","format":false,"excerpt":"Paper matt 250 g\/m2 Signed","rel":"","context":"Podobn\u00fd p\u0159\u00edsp\u011bvek","block_context":{"text":"Podobn\u00fd p\u0159\u00edsp\u011bvek","link":""},"img":{"alt_text":"","src":"https:\/\/www.idolly.art\/wp-content\/uploads\/2024\/10\/img_8964-scaled.avif","width":350,"height":200,"srcset":"https:\/\/www.idolly.art\/wp-content\/uploads\/2024\/10\/img_8964-scaled.avif 1x, https:\/\/www.idolly.art\/wp-content\/uploads\/2024\/10\/img_8964-scaled.avif 1.5x, https:\/\/www.idolly.art\/wp-content\/uploads\/2024\/10\/img_8964-scaled.avif 2x, https:\/\/www.idolly.art\/wp-content\/uploads\/2024\/10\/img_8964-scaled.avif 3x, https:\/\/www.idolly.art\/wp-content\/uploads\/2024\/10\/img_8964-scaled.avif 4x"},"classes":[]},{"id":1835,"url":"https:\/\/www.idolly.art\/cs\/shop\/print-reproduction\/poster\/specter-in-the-henhouse-poster-a3\/","url_meta":{"origin":1847,"position":2},"title":"Specter in the Henhouse \u2013 A3 Poster","author":"iDolly","date":"2 \u0159\u00edjna 2024","format":false,"excerpt":"Paper matt 250 g\/m2 Signed","rel":"","context":"Podobn\u00fd p\u0159\u00edsp\u011bvek","block_context":{"text":"Podobn\u00fd p\u0159\u00edsp\u011bvek","link":""},"img":{"alt_text":"","src":"https:\/\/www.idolly.art\/wp-content\/uploads\/2024\/10\/img_8960-1-scaled.avif","width":350,"height":200,"srcset":"https:\/\/www.idolly.art\/wp-content\/uploads\/2024\/10\/img_8960-1-scaled.avif 1x, https:\/\/www.idolly.art\/wp-content\/uploads\/2024\/10\/img_8960-1-scaled.avif 1.5x, https:\/\/www.idolly.art\/wp-content\/uploads\/2024\/10\/img_8960-1-scaled.avif 2x, https:\/\/www.idolly.art\/wp-content\/uploads\/2024\/10\/img_8960-1-scaled.avif 3x, https:\/\/www.idolly.art\/wp-content\/uploads\/2024\/10\/img_8960-1-scaled.avif 4x"},"classes":[]},{"id":1837,"url":"https:\/\/www.idolly.art\/cs\/shop\/print-reproduction\/poster\/circus-secret-poster-a3\/","url_meta":{"origin":1847,"position":3},"title":"Circus secret \u2013 A3 Poster","author":"iDolly","date":"2 \u0159\u00edjna 2024","format":false,"excerpt":"Paper matt 250 g\/m2 Signed","rel":"","context":"Podobn\u00fd p\u0159\u00edsp\u011bvek","block_context":{"text":"Podobn\u00fd p\u0159\u00edsp\u011bvek","link":""},"img":{"alt_text":"","src":"https:\/\/www.idolly.art\/wp-content\/uploads\/2024\/10\/img_8954-scaled.avif","width":350,"height":200,"srcset":"https:\/\/www.idolly.art\/wp-content\/uploads\/2024\/10\/img_8954-scaled.avif 1x, https:\/\/www.idolly.art\/wp-content\/uploads\/2024\/10\/img_8954-scaled.avif 1.5x, https:\/\/www.idolly.art\/wp-content\/uploads\/2024\/10\/img_8954-scaled.avif 2x, https:\/\/www.idolly.art\/wp-content\/uploads\/2024\/10\/img_8954-scaled.avif 3x, https:\/\/www.idolly.art\/wp-content\/uploads\/2024\/10\/img_8954-scaled.avif 4x"},"classes":[]},{"id":1839,"url":"https:\/\/www.idolly.art\/cs\/shop\/print-reproduction\/poster\/the-contortionists-poise-poster-a3\/","url_meta":{"origin":1847,"position":4},"title":"The Contortionist&#8217;s Poise \u2013 A3 Poster","author":"iDolly","date":"2 \u0159\u00edjna 2024","format":false,"excerpt":"Paper matt 250 g\/m2 Signed","rel":"","context":"Podobn\u00fd p\u0159\u00edsp\u011bvek","block_context":{"text":"Podobn\u00fd p\u0159\u00edsp\u011bvek","link":""},"img":{"alt_text":"","src":"https:\/\/www.idolly.art\/wp-content\/uploads\/2024\/10\/img_8957-scaled.avif","width":350,"height":200,"srcset":"https:\/\/www.idolly.art\/wp-content\/uploads\/2024\/10\/img_8957-scaled.avif 1x, https:\/\/www.idolly.art\/wp-content\/uploads\/2024\/10\/img_8957-scaled.avif 1.5x, https:\/\/www.idolly.art\/wp-content\/uploads\/2024\/10\/img_8957-scaled.avif 2x, https:\/\/www.idolly.art\/wp-content\/uploads\/2024\/10\/img_8957-scaled.avif 3x, https:\/\/www.idolly.art\/wp-content\/uploads\/2024\/10\/img_8957-scaled.avif 4x"},"classes":[]},{"id":1849,"url":"https:\/\/www.idolly.art\/cs\/shop\/print-reproduction\/poster\/the-canine-conundrum-poster-a3\/","url_meta":{"origin":1847,"position":5},"title":"The Canine Conundrum &#8211; A3 Poster","author":"iDolly","date":"2 \u0159\u00edjna 2024","format":false,"excerpt":"Paper matt 250 g\/m2 Signed","rel":"","context":"Podobn\u00fd p\u0159\u00edsp\u011bvek","block_context":{"text":"Podobn\u00fd p\u0159\u00edsp\u011bvek","link":""},"img":{"alt_text":"","src":"https:\/\/www.idolly.art\/wp-content\/uploads\/2024\/10\/img_8965-scaled.avif","width":350,"height":200,"srcset":"https:\/\/www.idolly.art\/wp-content\/uploads\/2024\/10\/img_8965-scaled.avif 1x, https:\/\/www.idolly.art\/wp-content\/uploads\/2024\/10\/img_8965-scaled.avif 1.5x, https:\/\/www.idolly.art\/wp-content\/uploads\/2024\/10\/img_8965-scaled.avif 2x, https:\/\/www.idolly.art\/wp-content\/uploads\/2024\/10\/img_8965-scaled.avif 3x, https:\/\/www.idolly.art\/wp-content\/uploads\/2024\/10\/img_8965-scaled.avif 4x"},"classes":[]}],"_links":{"self":[{"href":"https:\/\/www.idolly.art\/cs\/wp-json\/wp\/v2\/product\/1847","targetHints":{"allow":["GET"]}}],"collection":[{"href":"https:\/\/www.idolly.art\/cs\/wp-json\/wp\/v2\/product"}],"about":[{"href":"https:\/\/www.idolly.art\/cs\/wp-json\/wp\/v2\/types\/product"}],"wp:featuredmedia":[{"embeddable":true,"href":"https:\/\/www.idolly.art\/cs\/wp-json\/wp\/v2\/media\/1846"}],"wp:attachment":[{"href":"https:\/\/www.idolly.art\/cs\/wp-json\/wp\/v2\/media?parent=1847"}],"wp:term":[{"taxonomy":"product_brand","embeddable":true,"href":"https:\/\/www.idolly.art\/cs\/wp-json\/wp\/v2\/product_brand?post=1847"},{"taxonomy":"product_cat","embeddable":true,"href":"https:\/\/www.idolly.art\/cs\/wp-json\/wp\/v2\/product_cat?post=1847"},{"taxonomy":"product_tag","embeddable":true,"href":"https:\/\/www.idolly.art\/cs\/wp-json\/wp\/v2\/product_tag?post=1847"}],"curies":[{"name":"wp","href":"https:\/\/api.w.org\/{rel}","templated":true}]}}