{"id":1800,"date":"2024-09-30T23:08:08","date_gmt":"2024-09-30T21:08:08","guid":{"rendered":"https:\/\/www.idolly.art\/shop\/uncategorized\/hens-silent-specter\/"},"modified":"2025-12-11T04:24:32","modified_gmt":"2025-12-11T03:24:32","slug":"hens-silent-specter","status":"publish","type":"product","link":"https:\/\/www.idolly.art\/cs\/shop\/original-fine-art\/oil-on-canvas\/hens-silent-specter\/","title":{"rendered":"Hen\u2019s Silent Specter"},"content":{"rendered":"<p>Hen\u2019s Silent Specter 30\u044530cm<\/p>\n<p>This painting portrays a faceless human figure, part of my WhoMan series, perched delicately on a white hen. The contrast between the vivid pink figure and the grayscale world surrounding them emphasizes their otherworldly presence. For me, chickens symbolize a temporary freedom, a momentary escape from the constraints of everyday life. The hen stands grounded, embodying this fleeting sense of liberation, while the faceless figure suggests a mysterious and intimate connection with nature.<\/p>\n<p>Tich\u00fd p\u0159\u00edzrak slepice<\/p>\n<p>Tento obraz zobrazuje lidskou postavu bez tv\u00e1\u0159e, sou\u010d\u00e1st m\u00e9 s\u00e9rie WhoMan, kter\u00e1 jemn\u011b sed\u00ed na b\u00edl\u00e9 slepici. Kontrast mezi \u017eiv\u011b r\u016f\u017eovou postavou a okoln\u00edm sv\u011btem v odst\u00ednech \u0161edi zd\u016fraz\u0148uje jejich nadpozemskou p\u0159\u00edtomnost. Slepice pro m\u011b symbolizuj\u00ed do\u010dasnou svobodu, chvilkov\u00fd \u00fanik z omezen\u00ed ka\u017edodenn\u00edho \u017eivota. Slepice stoj\u00ed p\u0159i zemi a zt\u011bles\u0148uje tento prchav\u00fd pocit osvobozen\u00ed, zat\u00edmco postava bez tv\u00e1\u0159e nazna\u010duje tajemn\u00e9 a d\u016fv\u011brn\u00e9 spojen\u00ed s p\u0159\u00edrodou.<\/p>","protected":false},"excerpt":{"rendered":"<p>Hen\u2019s Silent Specter 30\u044530cm This painting portrays a faceless human figure, part of my WhoMan series, perched delicately on a white hen. The contrast between the vivid pink figure and the grayscale world surrounding them emphasizes their otherworldly presence. For me, chickens symbolize a temporary freedom, a momentary escape from the constraints of everyday life. [&hellip;]<\/p>","protected":false},"featured_media":1799,"template":"","meta":[],"product_brand":[],"product_cat":[53],"product_tag":[],"class_list":{"0":"post-1800","1":"product","2":"type-product","3":"status-publish","4":"has-post-thumbnail","6":"product_cat-oil-on-canvas","7":"product_shipping_class-s-canvas","9":"first","10":"instock","11":"purchasable","12":"product-type-simple"},"jetpack_sharing_enabled":true,"jetpack_likes_enabled":true,"jetpack-related-posts":[{"id":1794,"url":"https:\/\/www.idolly.art\/cs\/shop\/original-fine-art\/oil-on-canvas\/specter-in-the-henhouse\/","url_meta":{"origin":1800,"position":0},"title":"Specter in the Henhouse","author":"iDolly","date":"30 z\u00e1\u0159\u00ed 2024","format":false,"excerpt":"\u201cSpecter in the Henhouse\u201d (oil on canvas, 30 cm) In \u201cSpecter in the Henhouse,\u201d the WhoMan sits on the white hen, representing a subtle balance between presence and absence. The hen, a symbol of freedom\u2014though temporary\u2014is grounded in reality, while the figure hovers in a realm of ambiguity. This contrast\u2026","rel":"","context":"Podobn\u00fd p\u0159\u00edsp\u011bvek","block_context":{"text":"Podobn\u00fd p\u0159\u00edsp\u011bvek","link":""},"img":{"alt_text":"","src":"https:\/\/www.idolly.art\/wp-content\/uploads\/2024\/09\/img_8681-scaled.avif","width":350,"height":200,"srcset":"https:\/\/www.idolly.art\/wp-content\/uploads\/2024\/09\/img_8681-scaled.avif 1x, https:\/\/www.idolly.art\/wp-content\/uploads\/2024\/09\/img_8681-scaled.avif 1.5x, https:\/\/www.idolly.art\/wp-content\/uploads\/2024\/09\/img_8681-scaled.avif 2x, https:\/\/www.idolly.art\/wp-content\/uploads\/2024\/09\/img_8681-scaled.avif 3x, https:\/\/www.idolly.art\/wp-content\/uploads\/2024\/09\/img_8681-scaled.avif 4x"},"classes":[]},{"id":1828,"url":"https:\/\/www.idolly.art\/cs\/shop\/print-reproduction\/poster\/hens-silent-specter-poster-a3\/","url_meta":{"origin":1800,"position":1},"title":"Hen\u2019s Silent Specter poster A3","author":"iDolly","date":"2 \u0159\u00edjna 2024","format":false,"excerpt":"Signed Paper matt 250 g\/m2","rel":"","context":"Podobn\u00fd p\u0159\u00edsp\u011bvek","block_context":{"text":"Podobn\u00fd p\u0159\u00edsp\u011bvek","link":""},"img":{"alt_text":"","src":"https:\/\/www.idolly.art\/wp-content\/uploads\/2024\/10\/img_8958-scaled.avif","width":350,"height":200,"srcset":"https:\/\/www.idolly.art\/wp-content\/uploads\/2024\/10\/img_8958-scaled.avif 1x, https:\/\/www.idolly.art\/wp-content\/uploads\/2024\/10\/img_8958-scaled.avif 1.5x, https:\/\/www.idolly.art\/wp-content\/uploads\/2024\/10\/img_8958-scaled.avif 2x, https:\/\/www.idolly.art\/wp-content\/uploads\/2024\/10\/img_8958-scaled.avif 3x, https:\/\/www.idolly.art\/wp-content\/uploads\/2024\/10\/img_8958-scaled.avif 4x"},"classes":[]},{"id":1796,"url":"https:\/\/www.idolly.art\/cs\/shop\/original-fine-art\/oil-on-canvas\/the-canine-conundrum\/","url_meta":{"origin":1800,"position":2},"title":"The Canine Conundrum","author":"iDolly","date":"30 z\u00e1\u0159\u00ed 2024","format":false,"excerpt":"This painting is part of my new circus series, where the WhoMan figure continues to make an appearance. The faceless crowd, like silent spectators, watches as the elegant poodle performs its act, balancing on a colorful ball. The red and white striped background evokes the feeling of being under the\u2026","rel":"","context":"Podobn\u00fd p\u0159\u00edsp\u011bvek","block_context":{"text":"Podobn\u00fd p\u0159\u00edsp\u011bvek","link":""},"img":{"alt_text":"","src":"https:\/\/www.idolly.art\/wp-content\/uploads\/2024\/09\/img_8687-scaled.avif","width":350,"height":200,"srcset":"https:\/\/www.idolly.art\/wp-content\/uploads\/2024\/09\/img_8687-scaled.avif 1x, https:\/\/www.idolly.art\/wp-content\/uploads\/2024\/09\/img_8687-scaled.avif 1.5x, https:\/\/www.idolly.art\/wp-content\/uploads\/2024\/09\/img_8687-scaled.avif 2x, https:\/\/www.idolly.art\/wp-content\/uploads\/2024\/09\/img_8687-scaled.avif 3x, https:\/\/www.idolly.art\/wp-content\/uploads\/2024\/09\/img_8687-scaled.avif 4x"},"classes":[]},{"id":1820,"url":"https:\/\/www.idolly.art\/cs\/shop\/original-fine-art\/oil-on-canvas\/the-silent-rider\/","url_meta":{"origin":1800,"position":3},"title":"The Silent Rider","author":"iDolly","date":"2 \u0159\u00edjna 2024","format":false,"excerpt":"In \u201cThe Silent Rider,\u201d a faceless white figure sits astride a majestic brown rooster, blending the boundaries between human and animal. The simplicity of the figure contrasts with the vibrant, realistic depiction of the rooster, creating a surreal and symbolic scene. The bright blue sky and green grass emphasize a\u2026","rel":"","context":"Podobn\u00fd p\u0159\u00edsp\u011bvek","block_context":{"text":"Podobn\u00fd p\u0159\u00edsp\u011bvek","link":""},"img":{"alt_text":"","src":"https:\/\/www.idolly.art\/wp-content\/uploads\/2024\/10\/img_8676-scaled.avif","width":350,"height":200,"srcset":"https:\/\/www.idolly.art\/wp-content\/uploads\/2024\/10\/img_8676-scaled.avif 1x, https:\/\/www.idolly.art\/wp-content\/uploads\/2024\/10\/img_8676-scaled.avif 1.5x, https:\/\/www.idolly.art\/wp-content\/uploads\/2024\/10\/img_8676-scaled.avif 2x, https:\/\/www.idolly.art\/wp-content\/uploads\/2024\/10\/img_8676-scaled.avif 3x, https:\/\/www.idolly.art\/wp-content\/uploads\/2024\/10\/img_8676-scaled.avif 4x"},"classes":[]},{"id":1442,"url":"https:\/\/www.idolly.art\/cs\/shop\/original-fine-art\/oil-on-canvas\/what-you-need-it-for\/","url_meta":{"origin":1800,"position":4},"title":"What you need it for?","author":"iDolly","date":"15 \u00fanora 2024","format":false,"excerpt":"WhoMan painting: fantasy sc\u00e9na s ku\u0159etem a panenkou Tento obraz je fantasy sc\u00e9na vytvo\u0159en\u00e1 olejov\u00fdmi barvami na pl\u00e1tn\u011b o rozm\u011brech 95x65 cm. Zobrazuje r\u016f\u017eov\u00e9ho mu\u017ee jm\u00e9nem WhoMan, kter\u00fd dr\u017e\u00ed v ruce telefon a nat\u00e1\u010d\u00ed video. Vypad\u00e1 p\u0159ekvapen\u011b a zv\u011bdav\u011b, jako by cht\u011bl zachytit neobvykl\u00fd okam\u017eik. V pop\u0159ed\u00ed obrazu je vid\u011bt\u2026","rel":"","context":"Podobn\u00fd p\u0159\u00edsp\u011bvek","block_context":{"text":"Podobn\u00fd p\u0159\u00edsp\u011bvek","link":""},"img":{"alt_text":"","src":"https:\/\/i0.wp.com\/www.idolly.art\/wp-content\/uploads\/2024\/02\/img_4032-scaled.jpeg?resize=350%2C200&ssl=1","width":350,"height":200,"srcset":"https:\/\/i0.wp.com\/www.idolly.art\/wp-content\/uploads\/2024\/02\/img_4032-scaled.jpeg?resize=350%2C200&ssl=1 1x, https:\/\/i0.wp.com\/www.idolly.art\/wp-content\/uploads\/2024\/02\/img_4032-scaled.jpeg?resize=525%2C300&ssl=1 1.5x, https:\/\/i0.wp.com\/www.idolly.art\/wp-content\/uploads\/2024\/02\/img_4032-scaled.jpeg?resize=700%2C400&ssl=1 2x, https:\/\/i0.wp.com\/www.idolly.art\/wp-content\/uploads\/2024\/02\/img_4032-scaled.jpeg?resize=1050%2C600&ssl=1 3x, https:\/\/i0.wp.com\/www.idolly.art\/wp-content\/uploads\/2024\/02\/img_4032-scaled.jpeg?resize=1400%2C800&ssl=1 4x"},"classes":[]},{"id":2055,"url":"https:\/\/www.idolly.art\/cs\/shop\/original-fine-art\/oil-on-canvas\/pink-bubble-whoman\/","url_meta":{"origin":1800,"position":5},"title":"Pink Bubble Whoman","author":"creator","date":"30 \u010dervna 2025","format":false,"excerpt":"Bubble Whoman is a series of three round paintings \u2014 soft, airy, like pink chewing gum bubbles frozen in time. Their diameters \u2014 50 cm, 30 cm, and 20 cm \u2014 speak of three sizes, three moments, three gentle reminders that my faceless Whoman figures live here too, hidden inside\u2026","rel":"","context":"Podobn\u00fd p\u0159\u00edsp\u011bvek","block_context":{"text":"Podobn\u00fd p\u0159\u00edsp\u011bvek","link":""},"img":{"alt_text":"","src":"https:\/\/i0.wp.com\/www.idolly.art\/wp-content\/uploads\/2025\/06\/img_9520-scaled.webp?resize=350%2C200&ssl=1","width":350,"height":200,"srcset":"https:\/\/i0.wp.com\/www.idolly.art\/wp-content\/uploads\/2025\/06\/img_9520-scaled.webp?resize=350%2C200&ssl=1 1x, https:\/\/i0.wp.com\/www.idolly.art\/wp-content\/uploads\/2025\/06\/img_9520-scaled.webp?resize=525%2C300&ssl=1 1.5x, https:\/\/i0.wp.com\/www.idolly.art\/wp-content\/uploads\/2025\/06\/img_9520-scaled.webp?resize=700%2C400&ssl=1 2x, https:\/\/i0.wp.com\/www.idolly.art\/wp-content\/uploads\/2025\/06\/img_9520-scaled.webp?resize=1050%2C600&ssl=1 3x, https:\/\/i0.wp.com\/www.idolly.art\/wp-content\/uploads\/2025\/06\/img_9520-scaled.webp?resize=1400%2C800&ssl=1 4x"},"classes":[]}],"_links":{"self":[{"href":"https:\/\/www.idolly.art\/cs\/wp-json\/wp\/v2\/product\/1800","targetHints":{"allow":["GET"]}}],"collection":[{"href":"https:\/\/www.idolly.art\/cs\/wp-json\/wp\/v2\/product"}],"about":[{"href":"https:\/\/www.idolly.art\/cs\/wp-json\/wp\/v2\/types\/product"}],"wp:featuredmedia":[{"embeddable":true,"href":"https:\/\/www.idolly.art\/cs\/wp-json\/wp\/v2\/media\/1799"}],"wp:attachment":[{"href":"https:\/\/www.idolly.art\/cs\/wp-json\/wp\/v2\/media?parent=1800"}],"wp:term":[{"taxonomy":"product_brand","embeddable":true,"href":"https:\/\/www.idolly.art\/cs\/wp-json\/wp\/v2\/product_brand?post=1800"},{"taxonomy":"product_cat","embeddable":true,"href":"https:\/\/www.idolly.art\/cs\/wp-json\/wp\/v2\/product_cat?post=1800"},{"taxonomy":"product_tag","embeddable":true,"href":"https:\/\/www.idolly.art\/cs\/wp-json\/wp\/v2\/product_tag?post=1800"}],"curies":[{"name":"wp","href":"https:\/\/api.w.org\/{rel}","templated":true}]}}