{"id":1513,"date":"2024-02-20T01:21:46","date_gmt":"2024-02-20T00:21:46","guid":{"rendered":"https:\/\/www.idolly.art\/produkt\/poster-a3-did-you-find-what-you-were-looking-for\/"},"modified":"2025-07-25T19:22:56","modified_gmt":"2025-07-25T17:22:56","slug":"poster-a3-did-you-find-what-you-were-looking-for","status":"publish","type":"product","link":"https:\/\/www.idolly.art\/cs\/shop\/print-reproduction\/poster\/poster-a3-did-you-find-what-you-were-looking-for\/","title":{"rendered":"Did you find what you were looking for? &#8211; A3 Poster"},"content":{"rendered":"","protected":false},"excerpt":{"rendered":"","protected":false},"featured_media":1509,"template":"","meta":[],"product_brand":[],"product_cat":[64,41],"product_tag":[62,61,51],"class_list":{"0":"post-1513","1":"product","2":"type-product","3":"status-publish","4":"has-post-thumbnail","6":"product_cat-poster","7":"product_cat-print-reproduction","8":"product_tag-contemporary-art","9":"product_tag-figurative","10":"product_tag-whoman","11":"product_shipping_class-poster-a2","13":"first","14":"instock","15":"featured","16":"shipping-taxable","17":"purchasable","18":"product-type-simple"},"jetpack_sharing_enabled":true,"jetpack_likes_enabled":true,"jetpack-related-posts":[{"id":1508,"url":"https:\/\/www.idolly.art\/cs\/shop\/print-reproduction\/poster\/poster-a3-what-are-they-doing\/","url_meta":{"origin":1513,"position":0},"title":"What are they doing? &#8211; A3 Poster","author":"iDolly","date":"20 \u00fanora 2024","format":false,"excerpt":"","rel":"","context":"Podobn\u00fd p\u0159\u00edsp\u011bvek","block_context":{"text":"Podobn\u00fd p\u0159\u00edsp\u011bvek","link":""},"img":{"alt_text":"","src":"https:\/\/i0.wp.com\/www.idolly.art\/wp-content\/uploads\/2024\/02\/img_4383-scaled.jpeg?resize=350%2C200&ssl=1","width":350,"height":200,"srcset":"https:\/\/i0.wp.com\/www.idolly.art\/wp-content\/uploads\/2024\/02\/img_4383-scaled.jpeg?resize=350%2C200&ssl=1 1x, https:\/\/i0.wp.com\/www.idolly.art\/wp-content\/uploads\/2024\/02\/img_4383-scaled.jpeg?resize=525%2C300&ssl=1 1.5x, https:\/\/i0.wp.com\/www.idolly.art\/wp-content\/uploads\/2024\/02\/img_4383-scaled.jpeg?resize=700%2C400&ssl=1 2x, https:\/\/i0.wp.com\/www.idolly.art\/wp-content\/uploads\/2024\/02\/img_4383-scaled.jpeg?resize=1050%2C600&ssl=1 3x, https:\/\/i0.wp.com\/www.idolly.art\/wp-content\/uploads\/2024\/02\/img_4383-scaled.jpeg?resize=1400%2C800&ssl=1 4x"},"classes":[]},{"id":1517,"url":"https:\/\/www.idolly.art\/cs\/shop\/print-reproduction\/poster\/poster-a3-what-is-the-next-stop\/","url_meta":{"origin":1513,"position":1},"title":"What is The next stop? &#8211; A3 Poster","author":"iDolly","date":"20 \u00fanora 2024","format":false,"excerpt":"","rel":"","context":"Podobn\u00fd p\u0159\u00edsp\u011bvek","block_context":{"text":"Podobn\u00fd p\u0159\u00edsp\u011bvek","link":""},"img":{"alt_text":"","src":"https:\/\/i0.wp.com\/www.idolly.art\/wp-content\/uploads\/2024\/02\/img_4384-scaled.jpeg?resize=350%2C200&ssl=1","width":350,"height":200,"srcset":"https:\/\/i0.wp.com\/www.idolly.art\/wp-content\/uploads\/2024\/02\/img_4384-scaled.jpeg?resize=350%2C200&ssl=1 1x, https:\/\/i0.wp.com\/www.idolly.art\/wp-content\/uploads\/2024\/02\/img_4384-scaled.jpeg?resize=525%2C300&ssl=1 1.5x, https:\/\/i0.wp.com\/www.idolly.art\/wp-content\/uploads\/2024\/02\/img_4384-scaled.jpeg?resize=700%2C400&ssl=1 2x, https:\/\/i0.wp.com\/www.idolly.art\/wp-content\/uploads\/2024\/02\/img_4384-scaled.jpeg?resize=1050%2C600&ssl=1 3x, https:\/\/i0.wp.com\/www.idolly.art\/wp-content\/uploads\/2024\/02\/img_4384-scaled.jpeg?resize=1400%2C800&ssl=1 4x"},"classes":[]},{"id":1480,"url":"https:\/\/www.idolly.art\/cs\/shop\/print-reproduction\/poster\/poster-a3-trick-or-treat\/","url_meta":{"origin":1513,"position":2},"title":"Trick or treat? &#8211; A3 Poster","author":"iDolly","date":"19 \u00fanora 2024","format":false,"excerpt":"Poster a3, 300g photo paper","rel":"","context":"Podobn\u00fd p\u0159\u00edsp\u011bvek","block_context":{"text":"Podobn\u00fd p\u0159\u00edsp\u011bvek","link":""},"img":{"alt_text":"","src":"https:\/\/i0.wp.com\/www.idolly.art\/wp-content\/uploads\/2024\/02\/img_4380-scaled.jpeg?resize=350%2C200&ssl=1","width":350,"height":200,"srcset":"https:\/\/i0.wp.com\/www.idolly.art\/wp-content\/uploads\/2024\/02\/img_4380-scaled.jpeg?resize=350%2C200&ssl=1 1x, https:\/\/i0.wp.com\/www.idolly.art\/wp-content\/uploads\/2024\/02\/img_4380-scaled.jpeg?resize=525%2C300&ssl=1 1.5x, https:\/\/i0.wp.com\/www.idolly.art\/wp-content\/uploads\/2024\/02\/img_4380-scaled.jpeg?resize=700%2C400&ssl=1 2x, https:\/\/i0.wp.com\/www.idolly.art\/wp-content\/uploads\/2024\/02\/img_4380-scaled.jpeg?resize=1050%2C600&ssl=1 3x, https:\/\/i0.wp.com\/www.idolly.art\/wp-content\/uploads\/2024\/02\/img_4380-scaled.jpeg?resize=1400%2C800&ssl=1 4x"},"classes":[]},{"id":1416,"url":"https:\/\/www.idolly.art\/cs\/shop\/original-fine-art\/oil-on-canvas\/did-you-found-what-you-were-looking-for\/","url_meta":{"origin":1513,"position":3},"title":"Did You Found What You Were Looking For?","author":"iDolly","date":"12 \u00fanora 2024","format":false,"excerpt":"\"Did You Found What You Were Looking For?\" - toto um\u011bleck\u00e9 d\u00edlo poch\u00e1z\u00ed z nejnov\u011bj\u0161\u00ed s\u00e9rie WhoMan Matrix od mal\u00ed\u0159e Idolly.art. Obraz o\u017eivuje r\u016f\u017eov\u00e9 postavi\u010dky, p\u0159id\u00e1v\u00e1 jim re\u00e1ln\u011bj\u0161\u00ed rysy, jako by \u0161lo o dal\u0161\u00ed etap jejich evoluce. Na pl\u00e1tn\u011b je zobrazen poh\u00e1dkov\u00fd les s stromem, r\u016f\u017eov\u00e1 postavi\u010dka vyleze z kr\u00e1li\u010d\u00ed\u2026","rel":"","context":"Podobn\u00fd p\u0159\u00edsp\u011bvek","block_context":{"text":"Podobn\u00fd p\u0159\u00edsp\u011bvek","link":""},"img":{"alt_text":"","src":"https:\/\/i0.wp.com\/www.idolly.art\/wp-content\/uploads\/2024\/02\/img_3506-scaled.jpeg?resize=350%2C200&ssl=1","width":350,"height":200,"srcset":"https:\/\/i0.wp.com\/www.idolly.art\/wp-content\/uploads\/2024\/02\/img_3506-scaled.jpeg?resize=350%2C200&ssl=1 1x, https:\/\/i0.wp.com\/www.idolly.art\/wp-content\/uploads\/2024\/02\/img_3506-scaled.jpeg?resize=525%2C300&ssl=1 1.5x, https:\/\/i0.wp.com\/www.idolly.art\/wp-content\/uploads\/2024\/02\/img_3506-scaled.jpeg?resize=700%2C400&ssl=1 2x, https:\/\/i0.wp.com\/www.idolly.art\/wp-content\/uploads\/2024\/02\/img_3506-scaled.jpeg?resize=1050%2C600&ssl=1 3x, https:\/\/i0.wp.com\/www.idolly.art\/wp-content\/uploads\/2024\/02\/img_3506-scaled.jpeg?resize=1400%2C800&ssl=1 4x"},"classes":[]},{"id":1826,"url":"https:\/\/www.idolly.art\/cs\/shop\/print-reproduction\/poster\/guardian-of-the-field-poster-a3\/","url_meta":{"origin":1513,"position":4},"title":"Guardian of the field &#8211; A3 Poster","author":"iDolly","date":"2 \u0159\u00edjna 2024","format":false,"excerpt":"Paper matt 250 g\/m2 Signed","rel":"","context":"Podobn\u00fd p\u0159\u00edsp\u011bvek","block_context":{"text":"Podobn\u00fd p\u0159\u00edsp\u011bvek","link":""},"img":{"alt_text":"","src":"https:\/\/www.idolly.art\/wp-content\/uploads\/2024\/10\/img_8964-scaled.avif","width":350,"height":200,"srcset":"https:\/\/www.idolly.art\/wp-content\/uploads\/2024\/10\/img_8964-scaled.avif 1x, https:\/\/www.idolly.art\/wp-content\/uploads\/2024\/10\/img_8964-scaled.avif 1.5x, https:\/\/www.idolly.art\/wp-content\/uploads\/2024\/10\/img_8964-scaled.avif 2x, https:\/\/www.idolly.art\/wp-content\/uploads\/2024\/10\/img_8964-scaled.avif 3x, https:\/\/www.idolly.art\/wp-content\/uploads\/2024\/10\/img_8964-scaled.avif 4x"},"classes":[]},{"id":1835,"url":"https:\/\/www.idolly.art\/cs\/shop\/print-reproduction\/poster\/specter-in-the-henhouse-poster-a3\/","url_meta":{"origin":1513,"position":5},"title":"Specter in the Henhouse \u2013 A3 Poster","author":"iDolly","date":"2 \u0159\u00edjna 2024","format":false,"excerpt":"Paper matt 250 g\/m2 Signed","rel":"","context":"Podobn\u00fd p\u0159\u00edsp\u011bvek","block_context":{"text":"Podobn\u00fd p\u0159\u00edsp\u011bvek","link":""},"img":{"alt_text":"","src":"https:\/\/www.idolly.art\/wp-content\/uploads\/2024\/10\/img_8960-1-scaled.avif","width":350,"height":200,"srcset":"https:\/\/www.idolly.art\/wp-content\/uploads\/2024\/10\/img_8960-1-scaled.avif 1x, https:\/\/www.idolly.art\/wp-content\/uploads\/2024\/10\/img_8960-1-scaled.avif 1.5x, https:\/\/www.idolly.art\/wp-content\/uploads\/2024\/10\/img_8960-1-scaled.avif 2x, https:\/\/www.idolly.art\/wp-content\/uploads\/2024\/10\/img_8960-1-scaled.avif 3x, https:\/\/www.idolly.art\/wp-content\/uploads\/2024\/10\/img_8960-1-scaled.avif 4x"},"classes":[]}],"_links":{"self":[{"href":"https:\/\/www.idolly.art\/cs\/wp-json\/wp\/v2\/product\/1513","targetHints":{"allow":["GET"]}}],"collection":[{"href":"https:\/\/www.idolly.art\/cs\/wp-json\/wp\/v2\/product"}],"about":[{"href":"https:\/\/www.idolly.art\/cs\/wp-json\/wp\/v2\/types\/product"}],"wp:featuredmedia":[{"embeddable":true,"href":"https:\/\/www.idolly.art\/cs\/wp-json\/wp\/v2\/media\/1509"}],"wp:attachment":[{"href":"https:\/\/www.idolly.art\/cs\/wp-json\/wp\/v2\/media?parent=1513"}],"wp:term":[{"taxonomy":"product_brand","embeddable":true,"href":"https:\/\/www.idolly.art\/cs\/wp-json\/wp\/v2\/product_brand?post=1513"},{"taxonomy":"product_cat","embeddable":true,"href":"https:\/\/www.idolly.art\/cs\/wp-json\/wp\/v2\/product_cat?post=1513"},{"taxonomy":"product_tag","embeddable":true,"href":"https:\/\/www.idolly.art\/cs\/wp-json\/wp\/v2\/product_tag?post=1513"}],"curies":[{"name":"wp","href":"https:\/\/api.w.org\/{rel}","templated":true}]}}