{"id":1504,"date":"2024-02-20T00:57:16","date_gmt":"2024-02-19T23:57:16","guid":{"rendered":"https:\/\/www.idolly.art\/produkt\/postcard-circus\/"},"modified":"2025-07-25T19:21:01","modified_gmt":"2025-07-25T17:21:01","slug":"postcard-circus","status":"publish","type":"product","link":"https:\/\/www.idolly.art\/cs\/shop\/print-reproduction\/postcard\/postcard-circus\/","title":{"rendered":"Circus &#8211; Postcard"},"content":{"rendered":"","protected":false},"excerpt":{"rendered":"","protected":false},"featured_media":1503,"template":"","meta":[],"product_brand":[],"product_cat":[42,41],"product_tag":[],"class_list":{"0":"post-1504","1":"product","2":"type-product","3":"status-publish","4":"has-post-thumbnail","6":"product_cat-postcard","7":"product_cat-print-reproduction","8":"product_shipping_class-postcard","10":"first","11":"instock","12":"purchasable","13":"product-type-simple"},"jetpack_sharing_enabled":true,"jetpack_likes_enabled":true,"jetpack-related-posts":[{"id":1489,"url":"https:\/\/www.idolly.art\/cs\/shop\/print-reproduction\/postcard\/postcard-trick-or-treat\/","url_meta":{"origin":1504,"position":0},"title":"Trick or treat? &#8211; Postcard","author":"iDolly","date":"20 \u00fanora 2024","format":false,"excerpt":"","rel":"","context":"Podobn\u00fd p\u0159\u00edsp\u011bvek","block_context":{"text":"Podobn\u00fd p\u0159\u00edsp\u011bvek","link":""},"img":{"alt_text":"","src":"https:\/\/i0.wp.com\/www.idolly.art\/wp-content\/uploads\/2024\/02\/img_3470-1-scaled.jpeg?resize=350%2C200&ssl=1","width":350,"height":200,"srcset":"https:\/\/i0.wp.com\/www.idolly.art\/wp-content\/uploads\/2024\/02\/img_3470-1-scaled.jpeg?resize=350%2C200&ssl=1 1x, https:\/\/i0.wp.com\/www.idolly.art\/wp-content\/uploads\/2024\/02\/img_3470-1-scaled.jpeg?resize=525%2C300&ssl=1 1.5x, https:\/\/i0.wp.com\/www.idolly.art\/wp-content\/uploads\/2024\/02\/img_3470-1-scaled.jpeg?resize=700%2C400&ssl=1 2x, https:\/\/i0.wp.com\/www.idolly.art\/wp-content\/uploads\/2024\/02\/img_3470-1-scaled.jpeg?resize=1050%2C600&ssl=1 3x, https:\/\/i0.wp.com\/www.idolly.art\/wp-content\/uploads\/2024\/02\/img_3470-1-scaled.jpeg?resize=1400%2C800&ssl=1 4x"},"classes":[]},{"id":1501,"url":"https:\/\/www.idolly.art\/cs\/shop\/print-reproduction\/postcard\/postcard-where-is-the-place-of-your-power\/","url_meta":{"origin":1504,"position":1},"title":"Where is the place of your power &#8211; Postcard","author":"iDolly","date":"20 \u00fanora 2024","format":false,"excerpt":"","rel":"","context":"Podobn\u00fd p\u0159\u00edsp\u011bvek","block_context":{"text":"Podobn\u00fd p\u0159\u00edsp\u011bvek","link":""},"img":{"alt_text":"","src":"https:\/\/i0.wp.com\/www.idolly.art\/wp-content\/uploads\/2024\/02\/img_2385-scaled.jpeg?resize=350%2C200&ssl=1","width":350,"height":200,"srcset":"https:\/\/i0.wp.com\/www.idolly.art\/wp-content\/uploads\/2024\/02\/img_2385-scaled.jpeg?resize=350%2C200&ssl=1 1x, https:\/\/i0.wp.com\/www.idolly.art\/wp-content\/uploads\/2024\/02\/img_2385-scaled.jpeg?resize=525%2C300&ssl=1 1.5x, https:\/\/i0.wp.com\/www.idolly.art\/wp-content\/uploads\/2024\/02\/img_2385-scaled.jpeg?resize=700%2C400&ssl=1 2x, https:\/\/i0.wp.com\/www.idolly.art\/wp-content\/uploads\/2024\/02\/img_2385-scaled.jpeg?resize=1050%2C600&ssl=1 3x, https:\/\/i0.wp.com\/www.idolly.art\/wp-content\/uploads\/2024\/02\/img_2385-scaled.jpeg?resize=1400%2C800&ssl=1 4x"},"classes":[]},{"id":1498,"url":"https:\/\/www.idolly.art\/cs\/shop\/print-reproduction\/postcard\/postcard-what-would-you-choose\/","url_meta":{"origin":1504,"position":2},"title":"What would you choose? &#8211; Postcard","author":"iDolly","date":"20 \u00fanora 2024","format":false,"excerpt":"","rel":"","context":"Podobn\u00fd p\u0159\u00edsp\u011bvek","block_context":{"text":"Podobn\u00fd p\u0159\u00edsp\u011bvek","link":""},"img":{"alt_text":"","src":"https:\/\/i0.wp.com\/www.idolly.art\/wp-content\/uploads\/2024\/02\/img_3383-scaled.jpeg?resize=350%2C200&ssl=1","width":350,"height":200,"srcset":"https:\/\/i0.wp.com\/www.idolly.art\/wp-content\/uploads\/2024\/02\/img_3383-scaled.jpeg?resize=350%2C200&ssl=1 1x, https:\/\/i0.wp.com\/www.idolly.art\/wp-content\/uploads\/2024\/02\/img_3383-scaled.jpeg?resize=525%2C300&ssl=1 1.5x, https:\/\/i0.wp.com\/www.idolly.art\/wp-content\/uploads\/2024\/02\/img_3383-scaled.jpeg?resize=700%2C400&ssl=1 2x, https:\/\/i0.wp.com\/www.idolly.art\/wp-content\/uploads\/2024\/02\/img_3383-scaled.jpeg?resize=1050%2C600&ssl=1 3x, https:\/\/i0.wp.com\/www.idolly.art\/wp-content\/uploads\/2024\/02\/img_3383-scaled.jpeg?resize=1400%2C800&ssl=1 4x"},"classes":[]},{"id":506,"url":"https:\/\/www.idolly.art\/cs\/shop\/print-reproduction\/postcard\/superbia-postcard\/","url_meta":{"origin":1504,"position":3},"title":"Superbia, Postcard 14.8cm","author":"creator","date":"19 \u0159\u00edjna 2021","format":false,"excerpt":"Square postcard of 14.8cm, printed on chromocboard 280 g\/m2","rel":"","context":"Podobn\u00fd p\u0159\u00edsp\u011bvek","block_context":{"text":"Podobn\u00fd p\u0159\u00edsp\u011bvek","link":""},"img":{"alt_text":"","src":"https:\/\/i0.wp.com\/www.idolly.art\/wp-content\/uploads\/2024\/02\/img_4403-1-scaled.jpeg?resize=350%2C200&ssl=1","width":350,"height":200,"srcset":"https:\/\/i0.wp.com\/www.idolly.art\/wp-content\/uploads\/2024\/02\/img_4403-1-scaled.jpeg?resize=350%2C200&ssl=1 1x, https:\/\/i0.wp.com\/www.idolly.art\/wp-content\/uploads\/2024\/02\/img_4403-1-scaled.jpeg?resize=525%2C300&ssl=1 1.5x, https:\/\/i0.wp.com\/www.idolly.art\/wp-content\/uploads\/2024\/02\/img_4403-1-scaled.jpeg?resize=700%2C400&ssl=1 2x, https:\/\/i0.wp.com\/www.idolly.art\/wp-content\/uploads\/2024\/02\/img_4403-1-scaled.jpeg?resize=1050%2C600&ssl=1 3x, https:\/\/i0.wp.com\/www.idolly.art\/wp-content\/uploads\/2024\/02\/img_4403-1-scaled.jpeg?resize=1400%2C800&ssl=1 4x"},"classes":[]},{"id":1495,"url":"https:\/\/www.idolly.art\/cs\/shop\/print-reproduction\/postcard\/postcard-what-does-this-mean\/","url_meta":{"origin":1504,"position":4},"title":"What does this mean? &#8211; Postcard","author":"iDolly","date":"20 \u00fanora 2024","format":false,"excerpt":"","rel":"","context":"Podobn\u00fd p\u0159\u00edsp\u011bvek","block_context":{"text":"Podobn\u00fd p\u0159\u00edsp\u011bvek","link":""},"img":{"alt_text":"","src":"https:\/\/i0.wp.com\/www.idolly.art\/wp-content\/uploads\/2024\/02\/img_3372-scaled.jpeg?resize=350%2C200&ssl=1","width":350,"height":200,"srcset":"https:\/\/i0.wp.com\/www.idolly.art\/wp-content\/uploads\/2024\/02\/img_3372-scaled.jpeg?resize=350%2C200&ssl=1 1x, https:\/\/i0.wp.com\/www.idolly.art\/wp-content\/uploads\/2024\/02\/img_3372-scaled.jpeg?resize=525%2C300&ssl=1 1.5x, https:\/\/i0.wp.com\/www.idolly.art\/wp-content\/uploads\/2024\/02\/img_3372-scaled.jpeg?resize=700%2C400&ssl=1 2x, https:\/\/i0.wp.com\/www.idolly.art\/wp-content\/uploads\/2024\/02\/img_3372-scaled.jpeg?resize=1050%2C600&ssl=1 3x, https:\/\/i0.wp.com\/www.idolly.art\/wp-content\/uploads\/2024\/02\/img_3372-scaled.jpeg?resize=1400%2C800&ssl=1 4x"},"classes":[]},{"id":2160,"url":"https:\/\/www.idolly.art\/cs\/shop\/print-reproduction\/postcard\/postcard-the-little-knight-a5-not-signed\/","url_meta":{"origin":1504,"position":5},"title":"Postcard \u201cThe little knight\u201d A5 not signed","author":"creator","date":"5 srpna 2025","format":false,"excerpt":"Size: A5 (14,8 \u00d7 21 cm) Paper: 300 g\/m\u00b2 premium card stock. Details: Small but meaningful \u2014 perfect to send as a gift, frame it, or collect your own piece of The Little Knight. Not hand signed","rel":"","context":"Podobn\u00fd p\u0159\u00edsp\u011bvek","block_context":{"text":"Podobn\u00fd p\u0159\u00edsp\u011bvek","link":""},"img":{"alt_text":"","src":"https:\/\/i0.wp.com\/www.idolly.art\/wp-content\/uploads\/2025\/07\/img_0730-scaled.webp?resize=350%2C200&ssl=1","width":350,"height":200,"srcset":"https:\/\/i0.wp.com\/www.idolly.art\/wp-content\/uploads\/2025\/07\/img_0730-scaled.webp?resize=350%2C200&ssl=1 1x, https:\/\/i0.wp.com\/www.idolly.art\/wp-content\/uploads\/2025\/07\/img_0730-scaled.webp?resize=525%2C300&ssl=1 1.5x, https:\/\/i0.wp.com\/www.idolly.art\/wp-content\/uploads\/2025\/07\/img_0730-scaled.webp?resize=700%2C400&ssl=1 2x, https:\/\/i0.wp.com\/www.idolly.art\/wp-content\/uploads\/2025\/07\/img_0730-scaled.webp?resize=1050%2C600&ssl=1 3x, https:\/\/i0.wp.com\/www.idolly.art\/wp-content\/uploads\/2025\/07\/img_0730-scaled.webp?resize=1400%2C800&ssl=1 4x"},"classes":[]}],"_links":{"self":[{"href":"https:\/\/www.idolly.art\/cs\/wp-json\/wp\/v2\/product\/1504","targetHints":{"allow":["GET"]}}],"collection":[{"href":"https:\/\/www.idolly.art\/cs\/wp-json\/wp\/v2\/product"}],"about":[{"href":"https:\/\/www.idolly.art\/cs\/wp-json\/wp\/v2\/types\/product"}],"wp:featuredmedia":[{"embeddable":true,"href":"https:\/\/www.idolly.art\/cs\/wp-json\/wp\/v2\/media\/1503"}],"wp:attachment":[{"href":"https:\/\/www.idolly.art\/cs\/wp-json\/wp\/v2\/media?parent=1504"}],"wp:term":[{"taxonomy":"product_brand","embeddable":true,"href":"https:\/\/www.idolly.art\/cs\/wp-json\/wp\/v2\/product_brand?post=1504"},{"taxonomy":"product_cat","embeddable":true,"href":"https:\/\/www.idolly.art\/cs\/wp-json\/wp\/v2\/product_cat?post=1504"},{"taxonomy":"product_tag","embeddable":true,"href":"https:\/\/www.idolly.art\/cs\/wp-json\/wp\/v2\/product_tag?post=1504"}],"curies":[{"name":"wp","href":"https:\/\/api.w.org\/{rel}","templated":true}]}}