{"id":1498,"date":"2024-02-20T00:23:56","date_gmt":"2024-02-19T23:23:56","guid":{"rendered":"https:\/\/www.idolly.art\/produkt\/postcard-what-would-you-choose\/"},"modified":"2025-07-25T19:24:04","modified_gmt":"2025-07-25T17:24:04","slug":"postcard-what-would-you-choose","status":"publish","type":"product","link":"https:\/\/www.idolly.art\/cs\/shop\/print-reproduction\/postcard\/postcard-what-would-you-choose\/","title":{"rendered":"What would you choose? &#8211; Postcard"},"content":{"rendered":"","protected":false},"excerpt":{"rendered":"","protected":false},"featured_media":1496,"template":"","meta":[],"product_brand":[],"product_cat":[42,41],"product_tag":[],"class_list":{"0":"post-1498","1":"product","2":"type-product","3":"status-publish","4":"has-post-thumbnail","6":"product_cat-postcard","7":"product_cat-print-reproduction","8":"product_shipping_class-postcard","10":"first","11":"instock","12":"shipping-taxable","13":"purchasable","14":"product-type-simple"},"jetpack_sharing_enabled":true,"jetpack_likes_enabled":true,"jetpack-related-posts":[{"id":1495,"url":"https:\/\/www.idolly.art\/cs\/shop\/print-reproduction\/postcard\/postcard-what-does-this-mean\/","url_meta":{"origin":1498,"position":0},"title":"What does this mean? &#8211; Postcard","author":"iDolly","date":"20 \u00fanora 2024","format":false,"excerpt":"","rel":"","context":"Podobn\u00fd p\u0159\u00edsp\u011bvek","block_context":{"text":"Podobn\u00fd p\u0159\u00edsp\u011bvek","link":""},"img":{"alt_text":"","src":"https:\/\/i0.wp.com\/www.idolly.art\/wp-content\/uploads\/2024\/02\/img_3372-scaled.jpeg?resize=350%2C200&ssl=1","width":350,"height":200,"srcset":"https:\/\/i0.wp.com\/www.idolly.art\/wp-content\/uploads\/2024\/02\/img_3372-scaled.jpeg?resize=350%2C200&ssl=1 1x, https:\/\/i0.wp.com\/www.idolly.art\/wp-content\/uploads\/2024\/02\/img_3372-scaled.jpeg?resize=525%2C300&ssl=1 1.5x, https:\/\/i0.wp.com\/www.idolly.art\/wp-content\/uploads\/2024\/02\/img_3372-scaled.jpeg?resize=700%2C400&ssl=1 2x, https:\/\/i0.wp.com\/www.idolly.art\/wp-content\/uploads\/2024\/02\/img_3372-scaled.jpeg?resize=1050%2C600&ssl=1 3x, https:\/\/i0.wp.com\/www.idolly.art\/wp-content\/uploads\/2024\/02\/img_3372-scaled.jpeg?resize=1400%2C800&ssl=1 4x"},"classes":[]},{"id":506,"url":"https:\/\/www.idolly.art\/cs\/shop\/print-reproduction\/postcard\/superbia-postcard\/","url_meta":{"origin":1498,"position":1},"title":"Superbia, Postcard 14.8cm","author":"creator","date":"19 \u0159\u00edjna 2021","format":false,"excerpt":"Square postcard of 14.8cm, printed on chromocboard 280 g\/m2","rel":"","context":"Podobn\u00fd p\u0159\u00edsp\u011bvek","block_context":{"text":"Podobn\u00fd p\u0159\u00edsp\u011bvek","link":""},"img":{"alt_text":"","src":"https:\/\/i0.wp.com\/www.idolly.art\/wp-content\/uploads\/2024\/02\/img_4403-1-scaled.jpeg?resize=350%2C200&ssl=1","width":350,"height":200,"srcset":"https:\/\/i0.wp.com\/www.idolly.art\/wp-content\/uploads\/2024\/02\/img_4403-1-scaled.jpeg?resize=350%2C200&ssl=1 1x, https:\/\/i0.wp.com\/www.idolly.art\/wp-content\/uploads\/2024\/02\/img_4403-1-scaled.jpeg?resize=525%2C300&ssl=1 1.5x, https:\/\/i0.wp.com\/www.idolly.art\/wp-content\/uploads\/2024\/02\/img_4403-1-scaled.jpeg?resize=700%2C400&ssl=1 2x, https:\/\/i0.wp.com\/www.idolly.art\/wp-content\/uploads\/2024\/02\/img_4403-1-scaled.jpeg?resize=1050%2C600&ssl=1 3x, https:\/\/i0.wp.com\/www.idolly.art\/wp-content\/uploads\/2024\/02\/img_4403-1-scaled.jpeg?resize=1400%2C800&ssl=1 4x"},"classes":[]},{"id":1440,"url":"https:\/\/www.idolly.art\/cs\/shop\/original-fine-art\/oil-on-canvas\/what-would-you-choose\/","url_meta":{"origin":1498,"position":2},"title":"What Would You Choose?","author":"iDolly","date":"15 \u00fanora 2024","format":false,"excerpt":"Cranach\u016fv obraz: modern\u00ed pojet\u00ed Adama a Evy Tento obraz je modern\u00ed interpretac\u00ed slavn\u00e9ho Cranachova d\u00edla Adam a Eva. Zobrazuje dv\u011b postavy v b\u00edl\u00e9m, kter\u00e9 vynikaj\u00ed na zelen\u00e9m lesn\u00edm pozad\u00ed. V rukou dr\u017e\u00ed \u010derven\u00e9 a modr\u00e9 jablko, kter\u00e9 symbolizuje poku\u0161en\u00ed a pozn\u00e1n\u00ed a rajsk\u00e9 ovoce klidu. Jejich pohledy se k\u0159\u00ed\u017e\u00ed, co\u017e\u2026","rel":"","context":"Podobn\u00fd p\u0159\u00edsp\u011bvek","block_context":{"text":"Podobn\u00fd p\u0159\u00edsp\u011bvek","link":""},"img":{"alt_text":"","src":"https:\/\/i0.wp.com\/www.idolly.art\/wp-content\/uploads\/2024\/02\/img_3949.jpeg?resize=350%2C200&ssl=1","width":350,"height":200,"srcset":"https:\/\/i0.wp.com\/www.idolly.art\/wp-content\/uploads\/2024\/02\/img_3949.jpeg?resize=350%2C200&ssl=1 1x, https:\/\/i0.wp.com\/www.idolly.art\/wp-content\/uploads\/2024\/02\/img_3949.jpeg?resize=525%2C300&ssl=1 1.5x, https:\/\/i0.wp.com\/www.idolly.art\/wp-content\/uploads\/2024\/02\/img_3949.jpeg?resize=700%2C400&ssl=1 2x, https:\/\/i0.wp.com\/www.idolly.art\/wp-content\/uploads\/2024\/02\/img_3949.jpeg?resize=1050%2C600&ssl=1 3x, https:\/\/i0.wp.com\/www.idolly.art\/wp-content\/uploads\/2024\/02\/img_3949.jpeg?resize=1400%2C800&ssl=1 4x"},"classes":[]},{"id":1504,"url":"https:\/\/www.idolly.art\/cs\/shop\/print-reproduction\/postcard\/postcard-circus\/","url_meta":{"origin":1498,"position":3},"title":"Circus &#8211; Postcard","author":"iDolly","date":"20 \u00fanora 2024","format":false,"excerpt":"","rel":"","context":"Podobn\u00fd p\u0159\u00edsp\u011bvek","block_context":{"text":"Podobn\u00fd p\u0159\u00edsp\u011bvek","link":""},"img":{"alt_text":"","src":"https:\/\/i0.wp.com\/www.idolly.art\/wp-content\/uploads\/2024\/02\/img_3484_jpg-scaled.jpeg?resize=350%2C200&ssl=1","width":350,"height":200,"srcset":"https:\/\/i0.wp.com\/www.idolly.art\/wp-content\/uploads\/2024\/02\/img_3484_jpg-scaled.jpeg?resize=350%2C200&ssl=1 1x, https:\/\/i0.wp.com\/www.idolly.art\/wp-content\/uploads\/2024\/02\/img_3484_jpg-scaled.jpeg?resize=525%2C300&ssl=1 1.5x, https:\/\/i0.wp.com\/www.idolly.art\/wp-content\/uploads\/2024\/02\/img_3484_jpg-scaled.jpeg?resize=700%2C400&ssl=1 2x, https:\/\/i0.wp.com\/www.idolly.art\/wp-content\/uploads\/2024\/02\/img_3484_jpg-scaled.jpeg?resize=1050%2C600&ssl=1 3x, https:\/\/i0.wp.com\/www.idolly.art\/wp-content\/uploads\/2024\/02\/img_3484_jpg-scaled.jpeg?resize=1400%2C800&ssl=1 4x"},"classes":[]},{"id":1489,"url":"https:\/\/www.idolly.art\/cs\/shop\/print-reproduction\/postcard\/postcard-trick-or-treat\/","url_meta":{"origin":1498,"position":4},"title":"Trick or treat? &#8211; Postcard","author":"iDolly","date":"20 \u00fanora 2024","format":false,"excerpt":"","rel":"","context":"Podobn\u00fd p\u0159\u00edsp\u011bvek","block_context":{"text":"Podobn\u00fd p\u0159\u00edsp\u011bvek","link":""},"img":{"alt_text":"","src":"https:\/\/i0.wp.com\/www.idolly.art\/wp-content\/uploads\/2024\/02\/img_3470-1-scaled.jpeg?resize=350%2C200&ssl=1","width":350,"height":200,"srcset":"https:\/\/i0.wp.com\/www.idolly.art\/wp-content\/uploads\/2024\/02\/img_3470-1-scaled.jpeg?resize=350%2C200&ssl=1 1x, https:\/\/i0.wp.com\/www.idolly.art\/wp-content\/uploads\/2024\/02\/img_3470-1-scaled.jpeg?resize=525%2C300&ssl=1 1.5x, https:\/\/i0.wp.com\/www.idolly.art\/wp-content\/uploads\/2024\/02\/img_3470-1-scaled.jpeg?resize=700%2C400&ssl=1 2x, https:\/\/i0.wp.com\/www.idolly.art\/wp-content\/uploads\/2024\/02\/img_3470-1-scaled.jpeg?resize=1050%2C600&ssl=1 3x, https:\/\/i0.wp.com\/www.idolly.art\/wp-content\/uploads\/2024\/02\/img_3470-1-scaled.jpeg?resize=1400%2C800&ssl=1 4x"},"classes":[]},{"id":1501,"url":"https:\/\/www.idolly.art\/cs\/shop\/print-reproduction\/postcard\/postcard-where-is-the-place-of-your-power\/","url_meta":{"origin":1498,"position":5},"title":"Where is the place of your power &#8211; Postcard","author":"iDolly","date":"20 \u00fanora 2024","format":false,"excerpt":"","rel":"","context":"Podobn\u00fd p\u0159\u00edsp\u011bvek","block_context":{"text":"Podobn\u00fd p\u0159\u00edsp\u011bvek","link":""},"img":{"alt_text":"","src":"https:\/\/i0.wp.com\/www.idolly.art\/wp-content\/uploads\/2024\/02\/img_2385-scaled.jpeg?resize=350%2C200&ssl=1","width":350,"height":200,"srcset":"https:\/\/i0.wp.com\/www.idolly.art\/wp-content\/uploads\/2024\/02\/img_2385-scaled.jpeg?resize=350%2C200&ssl=1 1x, https:\/\/i0.wp.com\/www.idolly.art\/wp-content\/uploads\/2024\/02\/img_2385-scaled.jpeg?resize=525%2C300&ssl=1 1.5x, https:\/\/i0.wp.com\/www.idolly.art\/wp-content\/uploads\/2024\/02\/img_2385-scaled.jpeg?resize=700%2C400&ssl=1 2x, https:\/\/i0.wp.com\/www.idolly.art\/wp-content\/uploads\/2024\/02\/img_2385-scaled.jpeg?resize=1050%2C600&ssl=1 3x, https:\/\/i0.wp.com\/www.idolly.art\/wp-content\/uploads\/2024\/02\/img_2385-scaled.jpeg?resize=1400%2C800&ssl=1 4x"},"classes":[]}],"_links":{"self":[{"href":"https:\/\/www.idolly.art\/cs\/wp-json\/wp\/v2\/product\/1498","targetHints":{"allow":["GET"]}}],"collection":[{"href":"https:\/\/www.idolly.art\/cs\/wp-json\/wp\/v2\/product"}],"about":[{"href":"https:\/\/www.idolly.art\/cs\/wp-json\/wp\/v2\/types\/product"}],"wp:featuredmedia":[{"embeddable":true,"href":"https:\/\/www.idolly.art\/cs\/wp-json\/wp\/v2\/media\/1496"}],"wp:attachment":[{"href":"https:\/\/www.idolly.art\/cs\/wp-json\/wp\/v2\/media?parent=1498"}],"wp:term":[{"taxonomy":"product_brand","embeddable":true,"href":"https:\/\/www.idolly.art\/cs\/wp-json\/wp\/v2\/product_brand?post=1498"},{"taxonomy":"product_cat","embeddable":true,"href":"https:\/\/www.idolly.art\/cs\/wp-json\/wp\/v2\/product_cat?post=1498"},{"taxonomy":"product_tag","embeddable":true,"href":"https:\/\/www.idolly.art\/cs\/wp-json\/wp\/v2\/product_tag?post=1498"}],"curies":[{"name":"wp","href":"https:\/\/api.w.org\/{rel}","templated":true}]}}