{"id":1480,"date":"2024-02-19T23:56:55","date_gmt":"2024-02-19T22:56:55","guid":{"rendered":"https:\/\/www.idolly.art\/produkt\/poster-a3-trick-or-treat\/"},"modified":"2025-07-25T19:27:54","modified_gmt":"2025-07-25T17:27:54","slug":"poster-a3-trick-or-treat","status":"publish","type":"product","link":"https:\/\/www.idolly.art\/cs\/shop\/print-reproduction\/poster\/poster-a3-trick-or-treat\/","title":{"rendered":"Trick or treat? &#8211; A3 Poster"},"content":{"rendered":"<p>Poster a3, 300g photo paper<\/p>","protected":false},"excerpt":{"rendered":"<p>Poster a3, 300g photo paper<\/p>","protected":false},"featured_media":1477,"template":"","meta":[],"product_brand":[],"product_cat":[64,41],"product_tag":[62,61,51],"class_list":{"0":"post-1480","1":"product","2":"type-product","3":"status-publish","4":"has-post-thumbnail","6":"product_cat-poster","7":"product_cat-print-reproduction","8":"product_tag-contemporary-art","9":"product_tag-figurative","10":"product_tag-whoman","11":"product_shipping_class-poster-a2","13":"first","14":"instock","15":"purchasable","16":"product-type-simple"},"jetpack_sharing_enabled":true,"jetpack_likes_enabled":true,"jetpack-related-posts":[{"id":1826,"url":"https:\/\/www.idolly.art\/cs\/shop\/print-reproduction\/poster\/guardian-of-the-field-poster-a3\/","url_meta":{"origin":1480,"position":0},"title":"Guardian of the field &#8211; A3 Poster","author":"iDolly","date":"2 \u0159\u00edjna 2024","format":false,"excerpt":"Paper matt 250 g\/m2 Signed","rel":"","context":"Podobn\u00fd p\u0159\u00edsp\u011bvek","block_context":{"text":"Podobn\u00fd p\u0159\u00edsp\u011bvek","link":""},"img":{"alt_text":"","src":"https:\/\/www.idolly.art\/wp-content\/uploads\/2024\/10\/img_8964-scaled.avif","width":350,"height":200,"srcset":"https:\/\/www.idolly.art\/wp-content\/uploads\/2024\/10\/img_8964-scaled.avif 1x, https:\/\/www.idolly.art\/wp-content\/uploads\/2024\/10\/img_8964-scaled.avif 1.5x, https:\/\/www.idolly.art\/wp-content\/uploads\/2024\/10\/img_8964-scaled.avif 2x, https:\/\/www.idolly.art\/wp-content\/uploads\/2024\/10\/img_8964-scaled.avif 3x, https:\/\/www.idolly.art\/wp-content\/uploads\/2024\/10\/img_8964-scaled.avif 4x"},"classes":[]},{"id":1835,"url":"https:\/\/www.idolly.art\/cs\/shop\/print-reproduction\/poster\/specter-in-the-henhouse-poster-a3\/","url_meta":{"origin":1480,"position":1},"title":"Specter in the Henhouse \u2013 A3 Poster","author":"iDolly","date":"2 \u0159\u00edjna 2024","format":false,"excerpt":"Paper matt 250 g\/m2 Signed","rel":"","context":"Podobn\u00fd p\u0159\u00edsp\u011bvek","block_context":{"text":"Podobn\u00fd p\u0159\u00edsp\u011bvek","link":""},"img":{"alt_text":"","src":"https:\/\/www.idolly.art\/wp-content\/uploads\/2024\/10\/img_8960-1-scaled.avif","width":350,"height":200,"srcset":"https:\/\/www.idolly.art\/wp-content\/uploads\/2024\/10\/img_8960-1-scaled.avif 1x, https:\/\/www.idolly.art\/wp-content\/uploads\/2024\/10\/img_8960-1-scaled.avif 1.5x, https:\/\/www.idolly.art\/wp-content\/uploads\/2024\/10\/img_8960-1-scaled.avif 2x, https:\/\/www.idolly.art\/wp-content\/uploads\/2024\/10\/img_8960-1-scaled.avif 3x, https:\/\/www.idolly.art\/wp-content\/uploads\/2024\/10\/img_8960-1-scaled.avif 4x"},"classes":[]},{"id":1837,"url":"https:\/\/www.idolly.art\/cs\/shop\/print-reproduction\/poster\/circus-secret-poster-a3\/","url_meta":{"origin":1480,"position":2},"title":"Circus secret \u2013 A3 Poster","author":"iDolly","date":"2 \u0159\u00edjna 2024","format":false,"excerpt":"Paper matt 250 g\/m2 Signed","rel":"","context":"Podobn\u00fd p\u0159\u00edsp\u011bvek","block_context":{"text":"Podobn\u00fd p\u0159\u00edsp\u011bvek","link":""},"img":{"alt_text":"","src":"https:\/\/www.idolly.art\/wp-content\/uploads\/2024\/10\/img_8954-scaled.avif","width":350,"height":200,"srcset":"https:\/\/www.idolly.art\/wp-content\/uploads\/2024\/10\/img_8954-scaled.avif 1x, https:\/\/www.idolly.art\/wp-content\/uploads\/2024\/10\/img_8954-scaled.avif 1.5x, https:\/\/www.idolly.art\/wp-content\/uploads\/2024\/10\/img_8954-scaled.avif 2x, https:\/\/www.idolly.art\/wp-content\/uploads\/2024\/10\/img_8954-scaled.avif 3x, https:\/\/www.idolly.art\/wp-content\/uploads\/2024\/10\/img_8954-scaled.avif 4x"},"classes":[]},{"id":1839,"url":"https:\/\/www.idolly.art\/cs\/shop\/print-reproduction\/poster\/the-contortionists-poise-poster-a3\/","url_meta":{"origin":1480,"position":3},"title":"The Contortionist&#8217;s Poise \u2013 A3 Poster","author":"iDolly","date":"2 \u0159\u00edjna 2024","format":false,"excerpt":"Paper matt 250 g\/m2 Signed","rel":"","context":"Podobn\u00fd p\u0159\u00edsp\u011bvek","block_context":{"text":"Podobn\u00fd p\u0159\u00edsp\u011bvek","link":""},"img":{"alt_text":"","src":"https:\/\/www.idolly.art\/wp-content\/uploads\/2024\/10\/img_8957-scaled.avif","width":350,"height":200,"srcset":"https:\/\/www.idolly.art\/wp-content\/uploads\/2024\/10\/img_8957-scaled.avif 1x, https:\/\/www.idolly.art\/wp-content\/uploads\/2024\/10\/img_8957-scaled.avif 1.5x, https:\/\/www.idolly.art\/wp-content\/uploads\/2024\/10\/img_8957-scaled.avif 2x, https:\/\/www.idolly.art\/wp-content\/uploads\/2024\/10\/img_8957-scaled.avif 3x, https:\/\/www.idolly.art\/wp-content\/uploads\/2024\/10\/img_8957-scaled.avif 4x"},"classes":[]},{"id":1847,"url":"https:\/\/www.idolly.art\/cs\/shop\/print-reproduction\/poster\/the-silent-rider-poster-a3\/","url_meta":{"origin":1480,"position":4},"title":"The Silent Rider \u2013 A3 Poster","author":"iDolly","date":"2 \u0159\u00edjna 2024","format":false,"excerpt":"Paper matt 250 g\/m2 Signed","rel":"","context":"Podobn\u00fd p\u0159\u00edsp\u011bvek","block_context":{"text":"Podobn\u00fd p\u0159\u00edsp\u011bvek","link":""},"img":{"alt_text":"","src":"https:\/\/www.idolly.art\/wp-content\/uploads\/2024\/10\/img_8959-scaled.avif","width":350,"height":200,"srcset":"https:\/\/www.idolly.art\/wp-content\/uploads\/2024\/10\/img_8959-scaled.avif 1x, https:\/\/www.idolly.art\/wp-content\/uploads\/2024\/10\/img_8959-scaled.avif 1.5x, https:\/\/www.idolly.art\/wp-content\/uploads\/2024\/10\/img_8959-scaled.avif 2x, https:\/\/www.idolly.art\/wp-content\/uploads\/2024\/10\/img_8959-scaled.avif 3x, https:\/\/www.idolly.art\/wp-content\/uploads\/2024\/10\/img_8959-scaled.avif 4x"},"classes":[]},{"id":1849,"url":"https:\/\/www.idolly.art\/cs\/shop\/print-reproduction\/poster\/the-canine-conundrum-poster-a3\/","url_meta":{"origin":1480,"position":5},"title":"The Canine Conundrum &#8211; A3 Poster","author":"iDolly","date":"2 \u0159\u00edjna 2024","format":false,"excerpt":"Paper matt 250 g\/m2 Signed","rel":"","context":"Podobn\u00fd p\u0159\u00edsp\u011bvek","block_context":{"text":"Podobn\u00fd p\u0159\u00edsp\u011bvek","link":""},"img":{"alt_text":"","src":"https:\/\/www.idolly.art\/wp-content\/uploads\/2024\/10\/img_8965-scaled.avif","width":350,"height":200,"srcset":"https:\/\/www.idolly.art\/wp-content\/uploads\/2024\/10\/img_8965-scaled.avif 1x, https:\/\/www.idolly.art\/wp-content\/uploads\/2024\/10\/img_8965-scaled.avif 1.5x, https:\/\/www.idolly.art\/wp-content\/uploads\/2024\/10\/img_8965-scaled.avif 2x, https:\/\/www.idolly.art\/wp-content\/uploads\/2024\/10\/img_8965-scaled.avif 3x, https:\/\/www.idolly.art\/wp-content\/uploads\/2024\/10\/img_8965-scaled.avif 4x"},"classes":[]}],"_links":{"self":[{"href":"https:\/\/www.idolly.art\/cs\/wp-json\/wp\/v2\/product\/1480","targetHints":{"allow":["GET"]}}],"collection":[{"href":"https:\/\/www.idolly.art\/cs\/wp-json\/wp\/v2\/product"}],"about":[{"href":"https:\/\/www.idolly.art\/cs\/wp-json\/wp\/v2\/types\/product"}],"wp:featuredmedia":[{"embeddable":true,"href":"https:\/\/www.idolly.art\/cs\/wp-json\/wp\/v2\/media\/1477"}],"wp:attachment":[{"href":"https:\/\/www.idolly.art\/cs\/wp-json\/wp\/v2\/media?parent=1480"}],"wp:term":[{"taxonomy":"product_brand","embeddable":true,"href":"https:\/\/www.idolly.art\/cs\/wp-json\/wp\/v2\/product_brand?post=1480"},{"taxonomy":"product_cat","embeddable":true,"href":"https:\/\/www.idolly.art\/cs\/wp-json\/wp\/v2\/product_cat?post=1480"},{"taxonomy":"product_tag","embeddable":true,"href":"https:\/\/www.idolly.art\/cs\/wp-json\/wp\/v2\/product_tag?post=1480"}],"curies":[{"name":"wp","href":"https:\/\/api.w.org\/{rel}","templated":true}]}}