{"id":1437,"date":"2024-02-15T01:05:11","date_gmt":"2024-02-15T00:05:11","guid":{"rendered":"https:\/\/www.idolly.art\/produkt\/what-does-this-mean\/"},"modified":"2025-12-11T04:24:32","modified_gmt":"2025-12-11T03:24:32","slug":"what-does-this-mean","status":"publish","type":"product","link":"https:\/\/www.idolly.art\/cs\/shop\/original-fine-art\/oil-on-canvas\/what-does-this-mean\/","title":{"rendered":"What Does This Mean?"},"content":{"rendered":"<p>Tento obraz je pozv\u00e1nkou do sv\u011bta d\u011btstv\u00ed, kde je v\u0161echno mo\u017en\u00e9. Zobrazuje ply\u0161ov\u00e9 hra\u010dky, kter\u00e9 o\u017e\u00edvaj\u00ed ve sv\u011btle ohn\u011b a z\u00e1\u0159\u00ed jasn\u00fdmi barvami. Uprost\u0159ed kompozice je r\u016f\u017eov\u00fd WhoMan, nad n\u00edm\u017e ho\u0159\u00ed ohe\u0148. P\u0159ipom\u00edn\u00e1, \u017ee za hranicemi d\u011btsk\u00e9ho pokoje je je\u0161t\u011b mnoho neprozkouman\u00e9ho.<\/p>\n<p>Tento obraz je d\u00edlem um\u011blkyn\u011b Darya Borshch, zn\u00e1m\u00e9 pod pseudonymem idolly.art. K tvorb\u011b \u017eiv\u00fdch a expresivn\u00edch pl\u00e1ten pou\u017e\u00edv\u00e1 olejov\u00e9 barvy. Rozm\u011br obrazu je 95&#215;65 cm<\/p>","protected":false},"excerpt":{"rendered":"<p>Tento obraz je pozv\u00e1nkou do sv\u011bta d\u011btstv\u00ed, kde je v\u0161echno mo\u017en\u00e9. Zobrazuje ply\u0161ov\u00e9 hra\u010dky, kter\u00e9 o\u017e\u00edvaj\u00ed ve sv\u011btle ohn\u011b a z\u00e1\u0159\u00ed jasn\u00fdmi barvami. Uprost\u0159ed kompozice je r\u016f\u017eov\u00fd WhoMan, nad n\u00edm\u017e ho\u0159\u00ed ohe\u0148. P\u0159ipom\u00edn\u00e1, \u017ee za hranicemi d\u011btsk\u00e9ho pokoje je je\u0161t\u011b mnoho neprozkouman\u00e9ho. Tento obraz je d\u00edlem um\u011blkyn\u011b Darya Borshch, zn\u00e1m\u00e9 pod pseudonymem idolly.art. K tvorb\u011b [&hellip;]<\/p>","protected":false},"featured_media":1435,"template":"","meta":[],"product_brand":[],"product_cat":[53,40],"product_tag":[62,61,51],"class_list":{"0":"post-1437","1":"product","2":"type-product","3":"status-publish","4":"has-post-thumbnail","6":"product_cat-oil-on-canvas","7":"product_cat-original-fine-art","8":"product_tag-contemporary-art","9":"product_tag-figurative","10":"product_tag-whoman","11":"product_shipping_class-l-canvas","13":"first","14":"instock","15":"purchasable","16":"product-type-simple"},"jetpack_sharing_enabled":true,"jetpack_likes_enabled":true,"jetpack-related-posts":[{"id":1442,"url":"https:\/\/www.idolly.art\/cs\/shop\/original-fine-art\/oil-on-canvas\/what-you-need-it-for\/","url_meta":{"origin":1437,"position":0},"title":"What you need it for?","author":"iDolly","date":"15 \u00fanora 2024","format":false,"excerpt":"WhoMan painting: fantasy sc\u00e9na s ku\u0159etem a panenkou Tento obraz je fantasy sc\u00e9na vytvo\u0159en\u00e1 olejov\u00fdmi barvami na pl\u00e1tn\u011b o rozm\u011brech 95x65 cm. Zobrazuje r\u016f\u017eov\u00e9ho mu\u017ee jm\u00e9nem WhoMan, kter\u00fd dr\u017e\u00ed v ruce telefon a nat\u00e1\u010d\u00ed video. Vypad\u00e1 p\u0159ekvapen\u011b a zv\u011bdav\u011b, jako by cht\u011bl zachytit neobvykl\u00fd okam\u017eik. V pop\u0159ed\u00ed obrazu je vid\u011bt\u2026","rel":"","context":"Podobn\u00fd p\u0159\u00edsp\u011bvek","block_context":{"text":"Podobn\u00fd p\u0159\u00edsp\u011bvek","link":""},"img":{"alt_text":"","src":"https:\/\/i0.wp.com\/www.idolly.art\/wp-content\/uploads\/2024\/02\/img_4032-scaled.jpeg?resize=350%2C200&ssl=1","width":350,"height":200,"srcset":"https:\/\/i0.wp.com\/www.idolly.art\/wp-content\/uploads\/2024\/02\/img_4032-scaled.jpeg?resize=350%2C200&ssl=1 1x, https:\/\/i0.wp.com\/www.idolly.art\/wp-content\/uploads\/2024\/02\/img_4032-scaled.jpeg?resize=525%2C300&ssl=1 1.5x, https:\/\/i0.wp.com\/www.idolly.art\/wp-content\/uploads\/2024\/02\/img_4032-scaled.jpeg?resize=700%2C400&ssl=1 2x, https:\/\/i0.wp.com\/www.idolly.art\/wp-content\/uploads\/2024\/02\/img_4032-scaled.jpeg?resize=1050%2C600&ssl=1 3x, https:\/\/i0.wp.com\/www.idolly.art\/wp-content\/uploads\/2024\/02\/img_4032-scaled.jpeg?resize=1400%2C800&ssl=1 4x"},"classes":[]},{"id":1440,"url":"https:\/\/www.idolly.art\/cs\/shop\/original-fine-art\/oil-on-canvas\/what-would-you-choose\/","url_meta":{"origin":1437,"position":1},"title":"What Would You Choose?","author":"iDolly","date":"15 \u00fanora 2024","format":false,"excerpt":"Cranach\u016fv obraz: modern\u00ed pojet\u00ed Adama a Evy Tento obraz je modern\u00ed interpretac\u00ed slavn\u00e9ho Cranachova d\u00edla Adam a Eva. Zobrazuje dv\u011b postavy v b\u00edl\u00e9m, kter\u00e9 vynikaj\u00ed na zelen\u00e9m lesn\u00edm pozad\u00ed. V rukou dr\u017e\u00ed \u010derven\u00e9 a modr\u00e9 jablko, kter\u00e9 symbolizuje poku\u0161en\u00ed a pozn\u00e1n\u00ed a rajsk\u00e9 ovoce klidu. Jejich pohledy se k\u0159\u00ed\u017e\u00ed, co\u017e\u2026","rel":"","context":"Podobn\u00fd p\u0159\u00edsp\u011bvek","block_context":{"text":"Podobn\u00fd p\u0159\u00edsp\u011bvek","link":""},"img":{"alt_text":"","src":"https:\/\/i0.wp.com\/www.idolly.art\/wp-content\/uploads\/2024\/02\/img_3949.jpeg?resize=350%2C200&ssl=1","width":350,"height":200,"srcset":"https:\/\/i0.wp.com\/www.idolly.art\/wp-content\/uploads\/2024\/02\/img_3949.jpeg?resize=350%2C200&ssl=1 1x, https:\/\/i0.wp.com\/www.idolly.art\/wp-content\/uploads\/2024\/02\/img_3949.jpeg?resize=525%2C300&ssl=1 1.5x, https:\/\/i0.wp.com\/www.idolly.art\/wp-content\/uploads\/2024\/02\/img_3949.jpeg?resize=700%2C400&ssl=1 2x, https:\/\/i0.wp.com\/www.idolly.art\/wp-content\/uploads\/2024\/02\/img_3949.jpeg?resize=1050%2C600&ssl=1 3x, https:\/\/i0.wp.com\/www.idolly.art\/wp-content\/uploads\/2024\/02\/img_3949.jpeg?resize=1400%2C800&ssl=1 4x"},"classes":[]},{"id":728,"url":"https:\/\/www.idolly.art\/cs\/shop\/original-fine-art\/oil-on-canvas\/superbia\/","url_meta":{"origin":1437,"position":2},"title":"Superbia","author":"iDolly","date":"7 ledna 2022","format":false,"excerpt":"Origin\u00e1ln\u00ed d\u00edlo, akryl a olej na pl\u00e1tn\u011b, r\u00e1m z masivn\u00edho d\u0159eva 77,7 \u00d7 77,7 cm","rel":"","context":"Podobn\u00fd p\u0159\u00edsp\u011bvek","block_context":{"text":"Podobn\u00fd p\u0159\u00edsp\u011bvek","link":""},"img":{"alt_text":"","src":"https:\/\/i0.wp.com\/www.idolly.art\/wp-content\/uploads\/2022\/01\/B4B5C6F1-2C83-46D8-9BD5-75F7C5CB4554-scaled.jpeg?resize=350%2C200&ssl=1","width":350,"height":200,"srcset":"https:\/\/i0.wp.com\/www.idolly.art\/wp-content\/uploads\/2022\/01\/B4B5C6F1-2C83-46D8-9BD5-75F7C5CB4554-scaled.jpeg?resize=350%2C200&ssl=1 1x, https:\/\/i0.wp.com\/www.idolly.art\/wp-content\/uploads\/2022\/01\/B4B5C6F1-2C83-46D8-9BD5-75F7C5CB4554-scaled.jpeg?resize=525%2C300&ssl=1 1.5x, https:\/\/i0.wp.com\/www.idolly.art\/wp-content\/uploads\/2022\/01\/B4B5C6F1-2C83-46D8-9BD5-75F7C5CB4554-scaled.jpeg?resize=700%2C400&ssl=1 2x, https:\/\/i0.wp.com\/www.idolly.art\/wp-content\/uploads\/2022\/01\/B4B5C6F1-2C83-46D8-9BD5-75F7C5CB4554-scaled.jpeg?resize=1050%2C600&ssl=1 3x, https:\/\/i0.wp.com\/www.idolly.art\/wp-content\/uploads\/2022\/01\/B4B5C6F1-2C83-46D8-9BD5-75F7C5CB4554-scaled.jpeg?resize=1400%2C800&ssl=1 4x"},"classes":[]},{"id":1818,"url":"https:\/\/www.idolly.art\/cs\/shop\/original-fine-art\/oil-on-canvas\/circus-secret\/","url_meta":{"origin":1437,"position":3},"title":"Circus secret","author":"iDolly","date":"2 \u0159\u00edjna 2024","format":false,"excerpt":"30\u044540cm This painting, titled \u201cCircus Secret,\u201d captures a moment of intrigue and discovery. A faceless figure delicately lifts the top of a circus-themed box, revealing its hidden contents. The box\u2019s bold, red-and-white stripes evoke the nostalgic imagery of a circus tent, while the absence of the figure\u2019s face invites the\u2026","rel":"","context":"Podobn\u00fd p\u0159\u00edsp\u011bvek","block_context":{"text":"Podobn\u00fd p\u0159\u00edsp\u011bvek","link":""},"img":{"alt_text":"","src":"https:\/\/www.idolly.art\/wp-content\/uploads\/2024\/10\/img_8787-jpeg.avif","width":350,"height":200,"srcset":"https:\/\/www.idolly.art\/wp-content\/uploads\/2024\/10\/img_8787-jpeg.avif 1x, https:\/\/www.idolly.art\/wp-content\/uploads\/2024\/10\/img_8787-jpeg.avif 1.5x, https:\/\/www.idolly.art\/wp-content\/uploads\/2024\/10\/img_8787-jpeg.avif 2x"},"classes":[]},{"id":1416,"url":"https:\/\/www.idolly.art\/cs\/shop\/original-fine-art\/oil-on-canvas\/did-you-found-what-you-were-looking-for\/","url_meta":{"origin":1437,"position":4},"title":"Did You Found What You Were Looking For?","author":"iDolly","date":"12 \u00fanora 2024","format":false,"excerpt":"\"Did You Found What You Were Looking For?\" - toto um\u011bleck\u00e9 d\u00edlo poch\u00e1z\u00ed z nejnov\u011bj\u0161\u00ed s\u00e9rie WhoMan Matrix od mal\u00ed\u0159e Idolly.art. Obraz o\u017eivuje r\u016f\u017eov\u00e9 postavi\u010dky, p\u0159id\u00e1v\u00e1 jim re\u00e1ln\u011bj\u0161\u00ed rysy, jako by \u0161lo o dal\u0161\u00ed etap jejich evoluce. Na pl\u00e1tn\u011b je zobrazen poh\u00e1dkov\u00fd les s stromem, r\u016f\u017eov\u00e1 postavi\u010dka vyleze z kr\u00e1li\u010d\u00ed\u2026","rel":"","context":"Podobn\u00fd p\u0159\u00edsp\u011bvek","block_context":{"text":"Podobn\u00fd p\u0159\u00edsp\u011bvek","link":""},"img":{"alt_text":"","src":"https:\/\/i0.wp.com\/www.idolly.art\/wp-content\/uploads\/2024\/02\/img_3506-scaled.jpeg?resize=350%2C200&ssl=1","width":350,"height":200,"srcset":"https:\/\/i0.wp.com\/www.idolly.art\/wp-content\/uploads\/2024\/02\/img_3506-scaled.jpeg?resize=350%2C200&ssl=1 1x, https:\/\/i0.wp.com\/www.idolly.art\/wp-content\/uploads\/2024\/02\/img_3506-scaled.jpeg?resize=525%2C300&ssl=1 1.5x, https:\/\/i0.wp.com\/www.idolly.art\/wp-content\/uploads\/2024\/02\/img_3506-scaled.jpeg?resize=700%2C400&ssl=1 2x, https:\/\/i0.wp.com\/www.idolly.art\/wp-content\/uploads\/2024\/02\/img_3506-scaled.jpeg?resize=1050%2C600&ssl=1 3x, https:\/\/i0.wp.com\/www.idolly.art\/wp-content\/uploads\/2024\/02\/img_3506-scaled.jpeg?resize=1400%2C800&ssl=1 4x"},"classes":[]},{"id":1808,"url":"https:\/\/www.idolly.art\/cs\/shop\/original-fine-art\/oil-on-canvas\/after-the-applause\/","url_meta":{"origin":1437,"position":5},"title":"After the Applause","author":"iDolly","date":"1 \u0159\u00edjna 2024","format":false,"excerpt":"The painting depicts a circus scene. In the center is a tent with red and white stripes, the entrance to which is lit from within, creating a warm glow. Inside the tent you can see two figures: on the left stands your WhoMan character with indistinct facial and body features,\u2026","rel":"","context":"Podobn\u00fd p\u0159\u00edsp\u011bvek","block_context":{"text":"Podobn\u00fd p\u0159\u00edsp\u011bvek","link":""},"img":{"alt_text":"","src":"https:\/\/www.idolly.art\/wp-content\/uploads\/2024\/10\/img_8678-scaled.avif","width":350,"height":200,"srcset":"https:\/\/www.idolly.art\/wp-content\/uploads\/2024\/10\/img_8678-scaled.avif 1x, https:\/\/www.idolly.art\/wp-content\/uploads\/2024\/10\/img_8678-scaled.avif 1.5x, https:\/\/www.idolly.art\/wp-content\/uploads\/2024\/10\/img_8678-scaled.avif 2x, https:\/\/www.idolly.art\/wp-content\/uploads\/2024\/10\/img_8678-scaled.avif 3x, https:\/\/www.idolly.art\/wp-content\/uploads\/2024\/10\/img_8678-scaled.avif 4x"},"classes":[]}],"_links":{"self":[{"href":"https:\/\/www.idolly.art\/cs\/wp-json\/wp\/v2\/product\/1437","targetHints":{"allow":["GET"]}}],"collection":[{"href":"https:\/\/www.idolly.art\/cs\/wp-json\/wp\/v2\/product"}],"about":[{"href":"https:\/\/www.idolly.art\/cs\/wp-json\/wp\/v2\/types\/product"}],"wp:featuredmedia":[{"embeddable":true,"href":"https:\/\/www.idolly.art\/cs\/wp-json\/wp\/v2\/media\/1435"}],"wp:attachment":[{"href":"https:\/\/www.idolly.art\/cs\/wp-json\/wp\/v2\/media?parent=1437"}],"wp:term":[{"taxonomy":"product_brand","embeddable":true,"href":"https:\/\/www.idolly.art\/cs\/wp-json\/wp\/v2\/product_brand?post=1437"},{"taxonomy":"product_cat","embeddable":true,"href":"https:\/\/www.idolly.art\/cs\/wp-json\/wp\/v2\/product_cat?post=1437"},{"taxonomy":"product_tag","embeddable":true,"href":"https:\/\/www.idolly.art\/cs\/wp-json\/wp\/v2\/product_tag?post=1437"}],"curies":[{"name":"wp","href":"https:\/\/api.w.org\/{rel}","templated":true}]}}