{"id":1416,"date":"2024-02-12T17:53:21","date_gmt":"2024-02-12T16:53:21","guid":{"rendered":"https:\/\/www.idolly.art\/produkt\/did-you-found-what-you-were-looking-for\/"},"modified":"2025-12-11T04:24:32","modified_gmt":"2025-12-11T03:24:32","slug":"did-you-found-what-you-were-looking-for","status":"publish","type":"product","link":"https:\/\/www.idolly.art\/cs\/shop\/original-fine-art\/oil-on-canvas\/did-you-found-what-you-were-looking-for\/","title":{"rendered":"Did You Found What You Were Looking For?"},"content":{"rendered":"<p>&#8220;Did You Found What You Were Looking For?&#8221; &#8211; toto um\u011bleck\u00e9 d\u00edlo poch\u00e1z\u00ed z nejnov\u011bj\u0161\u00ed s\u00e9rie WhoMan Matrix od mal\u00ed\u0159e Idolly.art. Obraz o\u017eivuje r\u016f\u017eov\u00e9 postavi\u010dky, p\u0159id\u00e1v\u00e1 jim re\u00e1ln\u011bj\u0161\u00ed rysy, jako by \u0161lo o dal\u0161\u00ed etap jejich evoluce. Na pl\u00e1tn\u011b je zobrazen poh\u00e1dkov\u00fd les s stromem, r\u016f\u017eov\u00e1 postavi\u010dka vyleze z kr\u00e1li\u010d\u00ed nory a kr\u00e1l\u00edk z &#8220;Alice v \u0159\u00ed\u0161i div\u016f&#8221; nazna\u010duje, \u017ee je \u010das vyj\u00edt ven.<\/p>\n<p>Obraz o rozm\u011brech 95&#215;65 cm<\/p>\n<p>Olejomalba<\/p>","protected":false},"excerpt":{"rendered":"<p>&#8220;Did You Found What You Were Looking For?&#8221; &#8211; toto um\u011bleck\u00e9 d\u00edlo poch\u00e1z\u00ed z nejnov\u011bj\u0161\u00ed s\u00e9rie WhoMan Matrix od mal\u00ed\u0159e Idolly.art. Obraz o\u017eivuje r\u016f\u017eov\u00e9 postavi\u010dky, p\u0159id\u00e1v\u00e1 jim re\u00e1ln\u011bj\u0161\u00ed rysy, jako by \u0161lo o dal\u0161\u00ed etap jejich evoluce. Na pl\u00e1tn\u011b je zobrazen poh\u00e1dkov\u00fd les s stromem, r\u016f\u017eov\u00e1 postavi\u010dka vyleze z kr\u00e1li\u010d\u00ed nory a kr\u00e1l\u00edk z &#8220;Alice [&hellip;]<\/p>","protected":false},"featured_media":1394,"template":"","meta":[],"product_brand":[],"product_cat":[53,40],"product_tag":[62,61,51],"class_list":{"0":"post-1416","1":"product","2":"type-product","3":"status-publish","4":"has-post-thumbnail","6":"product_cat-oil-on-canvas","7":"product_cat-original-fine-art","8":"product_tag-contemporary-art","9":"product_tag-figurative","10":"product_tag-whoman","11":"product_shipping_class-l-canvas","13":"first","14":"instock","15":"purchasable","16":"product-type-simple"},"jetpack_sharing_enabled":true,"jetpack_likes_enabled":true,"jetpack-related-posts":[{"id":728,"url":"https:\/\/www.idolly.art\/cs\/shop\/original-fine-art\/oil-on-canvas\/superbia\/","url_meta":{"origin":1416,"position":0},"title":"Superbia","author":"iDolly","date":"7 ledna 2022","format":false,"excerpt":"Origin\u00e1ln\u00ed d\u00edlo, akryl a olej na pl\u00e1tn\u011b, r\u00e1m z masivn\u00edho d\u0159eva 77,7 \u00d7 77,7 cm","rel":"","context":"Podobn\u00fd p\u0159\u00edsp\u011bvek","block_context":{"text":"Podobn\u00fd p\u0159\u00edsp\u011bvek","link":""},"img":{"alt_text":"","src":"https:\/\/i0.wp.com\/www.idolly.art\/wp-content\/uploads\/2022\/01\/B4B5C6F1-2C83-46D8-9BD5-75F7C5CB4554-scaled.jpeg?resize=350%2C200&ssl=1","width":350,"height":200,"srcset":"https:\/\/i0.wp.com\/www.idolly.art\/wp-content\/uploads\/2022\/01\/B4B5C6F1-2C83-46D8-9BD5-75F7C5CB4554-scaled.jpeg?resize=350%2C200&ssl=1 1x, https:\/\/i0.wp.com\/www.idolly.art\/wp-content\/uploads\/2022\/01\/B4B5C6F1-2C83-46D8-9BD5-75F7C5CB4554-scaled.jpeg?resize=525%2C300&ssl=1 1.5x, https:\/\/i0.wp.com\/www.idolly.art\/wp-content\/uploads\/2022\/01\/B4B5C6F1-2C83-46D8-9BD5-75F7C5CB4554-scaled.jpeg?resize=700%2C400&ssl=1 2x, https:\/\/i0.wp.com\/www.idolly.art\/wp-content\/uploads\/2022\/01\/B4B5C6F1-2C83-46D8-9BD5-75F7C5CB4554-scaled.jpeg?resize=1050%2C600&ssl=1 3x, https:\/\/i0.wp.com\/www.idolly.art\/wp-content\/uploads\/2022\/01\/B4B5C6F1-2C83-46D8-9BD5-75F7C5CB4554-scaled.jpeg?resize=1400%2C800&ssl=1 4x"},"classes":[]},{"id":1442,"url":"https:\/\/www.idolly.art\/cs\/shop\/original-fine-art\/oil-on-canvas\/what-you-need-it-for\/","url_meta":{"origin":1416,"position":1},"title":"What you need it for?","author":"iDolly","date":"15 \u00fanora 2024","format":false,"excerpt":"WhoMan painting: fantasy sc\u00e9na s ku\u0159etem a panenkou Tento obraz je fantasy sc\u00e9na vytvo\u0159en\u00e1 olejov\u00fdmi barvami na pl\u00e1tn\u011b o rozm\u011brech 95x65 cm. Zobrazuje r\u016f\u017eov\u00e9ho mu\u017ee jm\u00e9nem WhoMan, kter\u00fd dr\u017e\u00ed v ruce telefon a nat\u00e1\u010d\u00ed video. Vypad\u00e1 p\u0159ekvapen\u011b a zv\u011bdav\u011b, jako by cht\u011bl zachytit neobvykl\u00fd okam\u017eik. V pop\u0159ed\u00ed obrazu je vid\u011bt\u2026","rel":"","context":"Podobn\u00fd p\u0159\u00edsp\u011bvek","block_context":{"text":"Podobn\u00fd p\u0159\u00edsp\u011bvek","link":""},"img":{"alt_text":"","src":"https:\/\/i0.wp.com\/www.idolly.art\/wp-content\/uploads\/2024\/02\/img_4032-scaled.jpeg?resize=350%2C200&ssl=1","width":350,"height":200,"srcset":"https:\/\/i0.wp.com\/www.idolly.art\/wp-content\/uploads\/2024\/02\/img_4032-scaled.jpeg?resize=350%2C200&ssl=1 1x, https:\/\/i0.wp.com\/www.idolly.art\/wp-content\/uploads\/2024\/02\/img_4032-scaled.jpeg?resize=525%2C300&ssl=1 1.5x, https:\/\/i0.wp.com\/www.idolly.art\/wp-content\/uploads\/2024\/02\/img_4032-scaled.jpeg?resize=700%2C400&ssl=1 2x, https:\/\/i0.wp.com\/www.idolly.art\/wp-content\/uploads\/2024\/02\/img_4032-scaled.jpeg?resize=1050%2C600&ssl=1 3x, https:\/\/i0.wp.com\/www.idolly.art\/wp-content\/uploads\/2024\/02\/img_4032-scaled.jpeg?resize=1400%2C800&ssl=1 4x"},"classes":[]},{"id":1440,"url":"https:\/\/www.idolly.art\/cs\/shop\/original-fine-art\/oil-on-canvas\/what-would-you-choose\/","url_meta":{"origin":1416,"position":2},"title":"What Would You Choose?","author":"iDolly","date":"15 \u00fanora 2024","format":false,"excerpt":"Cranach\u016fv obraz: modern\u00ed pojet\u00ed Adama a Evy Tento obraz je modern\u00ed interpretac\u00ed slavn\u00e9ho Cranachova d\u00edla Adam a Eva. Zobrazuje dv\u011b postavy v b\u00edl\u00e9m, kter\u00e9 vynikaj\u00ed na zelen\u00e9m lesn\u00edm pozad\u00ed. V rukou dr\u017e\u00ed \u010derven\u00e9 a modr\u00e9 jablko, kter\u00e9 symbolizuje poku\u0161en\u00ed a pozn\u00e1n\u00ed a rajsk\u00e9 ovoce klidu. Jejich pohledy se k\u0159\u00ed\u017e\u00ed, co\u017e\u2026","rel":"","context":"Podobn\u00fd p\u0159\u00edsp\u011bvek","block_context":{"text":"Podobn\u00fd p\u0159\u00edsp\u011bvek","link":""},"img":{"alt_text":"","src":"https:\/\/i0.wp.com\/www.idolly.art\/wp-content\/uploads\/2024\/02\/img_3949.jpeg?resize=350%2C200&ssl=1","width":350,"height":200,"srcset":"https:\/\/i0.wp.com\/www.idolly.art\/wp-content\/uploads\/2024\/02\/img_3949.jpeg?resize=350%2C200&ssl=1 1x, https:\/\/i0.wp.com\/www.idolly.art\/wp-content\/uploads\/2024\/02\/img_3949.jpeg?resize=525%2C300&ssl=1 1.5x, https:\/\/i0.wp.com\/www.idolly.art\/wp-content\/uploads\/2024\/02\/img_3949.jpeg?resize=700%2C400&ssl=1 2x, https:\/\/i0.wp.com\/www.idolly.art\/wp-content\/uploads\/2024\/02\/img_3949.jpeg?resize=1050%2C600&ssl=1 3x, https:\/\/i0.wp.com\/www.idolly.art\/wp-content\/uploads\/2024\/02\/img_3949.jpeg?resize=1400%2C800&ssl=1 4x"},"classes":[]},{"id":1437,"url":"https:\/\/www.idolly.art\/cs\/shop\/original-fine-art\/oil-on-canvas\/what-does-this-mean\/","url_meta":{"origin":1416,"position":3},"title":"What Does This Mean?","author":"iDolly","date":"15 \u00fanora 2024","format":false,"excerpt":"Tento obraz je pozv\u00e1nkou do sv\u011bta d\u011btstv\u00ed, kde je v\u0161echno mo\u017en\u00e9. Zobrazuje ply\u0161ov\u00e9 hra\u010dky, kter\u00e9 o\u017e\u00edvaj\u00ed ve sv\u011btle ohn\u011b a z\u00e1\u0159\u00ed jasn\u00fdmi barvami. Uprost\u0159ed kompozice je r\u016f\u017eov\u00fd WhoMan, nad n\u00edm\u017e ho\u0159\u00ed ohe\u0148. P\u0159ipom\u00edn\u00e1, \u017ee za hranicemi d\u011btsk\u00e9ho pokoje je je\u0161t\u011b mnoho neprozkouman\u00e9ho. Tento obraz je d\u00edlem um\u011blkyn\u011b Darya Borshch, zn\u00e1m\u00e9\u2026","rel":"","context":"Podobn\u00fd p\u0159\u00edsp\u011bvek","block_context":{"text":"Podobn\u00fd p\u0159\u00edsp\u011bvek","link":""},"img":{"alt_text":"","src":"https:\/\/i0.wp.com\/www.idolly.art\/wp-content\/uploads\/2024\/02\/img_0882-scaled.jpeg?resize=350%2C200&ssl=1","width":350,"height":200,"srcset":"https:\/\/i0.wp.com\/www.idolly.art\/wp-content\/uploads\/2024\/02\/img_0882-scaled.jpeg?resize=350%2C200&ssl=1 1x, https:\/\/i0.wp.com\/www.idolly.art\/wp-content\/uploads\/2024\/02\/img_0882-scaled.jpeg?resize=525%2C300&ssl=1 1.5x, https:\/\/i0.wp.com\/www.idolly.art\/wp-content\/uploads\/2024\/02\/img_0882-scaled.jpeg?resize=700%2C400&ssl=1 2x, https:\/\/i0.wp.com\/www.idolly.art\/wp-content\/uploads\/2024\/02\/img_0882-scaled.jpeg?resize=1050%2C600&ssl=1 3x, https:\/\/i0.wp.com\/www.idolly.art\/wp-content\/uploads\/2024\/02\/img_0882-scaled.jpeg?resize=1400%2C800&ssl=1 4x"},"classes":[]},{"id":1802,"url":"https:\/\/www.idolly.art\/cs\/shop\/original-fine-art\/oil-on-canvas\/circus-mirage\/","url_meta":{"origin":1416,"position":4},"title":"Circus Mirage","author":"iDolly","date":"1 \u0159\u00edjna 2024","format":false,"excerpt":"Circus Mirage 15\u0441m In this painting, a vibrant circus tent stands alone in a sun-drenched landscape, its red and white stripes contrasting against the bright blue sky. The tent symbolizes a space of wonder, performance, and illusion. For me, the circus represents a place where identities shift, where roles are\u2026","rel":"","context":"Podobn\u00fd p\u0159\u00edsp\u011bvek","block_context":{"text":"Podobn\u00fd p\u0159\u00edsp\u011bvek","link":""},"img":{"alt_text":"","src":"https:\/\/www.idolly.art\/wp-content\/uploads\/2024\/10\/img_8781-jpeg.avif","width":350,"height":200,"srcset":"https:\/\/www.idolly.art\/wp-content\/uploads\/2024\/10\/img_8781-jpeg.avif 1x, https:\/\/www.idolly.art\/wp-content\/uploads\/2024\/10\/img_8781-jpeg.avif 1.5x, https:\/\/www.idolly.art\/wp-content\/uploads\/2024\/10\/img_8781-jpeg.avif 2x, https:\/\/www.idolly.art\/wp-content\/uploads\/2024\/10\/img_8781-jpeg.avif 3x"},"classes":[]},{"id":1804,"url":"https:\/\/www.idolly.art\/cs\/shop\/original-fine-art\/oil-on-canvas\/the-jesters-companion\/","url_meta":{"origin":1416,"position":5},"title":"The Jester&#8217;s Companion","author":"iDolly","date":"1 \u0159\u00edjna 2024","format":false,"excerpt":"The Jester's Companion. 40cm This painting features a dachshund dressed as a circus performer, standing proudly next to a striped ball. The red curtain backdrop hints at a stage set for performance, but the dog's quiet posture contrasts with the expected energy of the scene. For me, the dachshund symbolizes\u2026","rel":"","context":"Podobn\u00fd p\u0159\u00edsp\u011bvek","block_context":{"text":"Podobn\u00fd p\u0159\u00edsp\u011bvek","link":""},"img":{"alt_text":"","src":"https:\/\/www.idolly.art\/wp-content\/uploads\/2024\/10\/img_8782-jpeg.avif","width":350,"height":200,"srcset":"https:\/\/www.idolly.art\/wp-content\/uploads\/2024\/10\/img_8782-jpeg.avif 1x, https:\/\/www.idolly.art\/wp-content\/uploads\/2024\/10\/img_8782-jpeg.avif 1.5x, https:\/\/www.idolly.art\/wp-content\/uploads\/2024\/10\/img_8782-jpeg.avif 2x, https:\/\/www.idolly.art\/wp-content\/uploads\/2024\/10\/img_8782-jpeg.avif 3x"},"classes":[]}],"_links":{"self":[{"href":"https:\/\/www.idolly.art\/cs\/wp-json\/wp\/v2\/product\/1416","targetHints":{"allow":["GET"]}}],"collection":[{"href":"https:\/\/www.idolly.art\/cs\/wp-json\/wp\/v2\/product"}],"about":[{"href":"https:\/\/www.idolly.art\/cs\/wp-json\/wp\/v2\/types\/product"}],"wp:featuredmedia":[{"embeddable":true,"href":"https:\/\/www.idolly.art\/cs\/wp-json\/wp\/v2\/media\/1394"}],"wp:attachment":[{"href":"https:\/\/www.idolly.art\/cs\/wp-json\/wp\/v2\/media?parent=1416"}],"wp:term":[{"taxonomy":"product_brand","embeddable":true,"href":"https:\/\/www.idolly.art\/cs\/wp-json\/wp\/v2\/product_brand?post=1416"},{"taxonomy":"product_cat","embeddable":true,"href":"https:\/\/www.idolly.art\/cs\/wp-json\/wp\/v2\/product_cat?post=1416"},{"taxonomy":"product_tag","embeddable":true,"href":"https:\/\/www.idolly.art\/cs\/wp-json\/wp\/v2\/product_tag?post=1416"}],"curies":[{"name":"wp","href":"https:\/\/api.w.org\/{rel}","templated":true}]}}