{"id":891,"date":"2022-10-27T22:37:06","date_gmt":"2022-10-27T21:37:06","guid":{"rendered":"https:\/\/www.idolly.art\/quote-request\/"},"modified":"2024-02-13T14:26:20","modified_gmt":"2024-02-13T13:26:20","slug":"doprava-a-vraceni","status":"publish","type":"page","link":"https:\/\/www.idolly.art\/cs\/doprava-a-vraceni\/","title":{"rendered":"Doprava a vr\u00e1cen\u00ed"},"content":{"rendered":"<p>V iDolly.art nab\u00edz\u00edme spolehliv\u00e9 p\u0159epravn\u00ed slu\u017eby pro va\u0161e um\u011bleck\u00e1 pl\u00e1tna, desky a ti\u0161t\u011bn\u00e9 um\u011bleck\u00e9 reprodukce.<\/p>\n\n\n\n<h2 class=\"wp-block-heading\">Mo\u017enosti dopravy<\/h2>\n\n\n\n<p>Mo\u017enosti p\u0159epravy a ceny, nezahrnuje 2% poplatek za poji\u0161t\u011bn\u00ed.<\/p>\n\n\n\n<figure class=\"wp-block-table alignwide\"><table><tbody><tr><td>P\u0159epravn\u00ed t\u0159\u00edda podle velikosti<\/td><td>\u010cesko<\/td><td>Worldwide Post<\/td><td>Worldwide FedEx UPS TNT<\/td><\/tr><tr><td>Pohlednice<\/td><td>50,-<\/td><td>\u20ac4<\/td><td>&#8211;<\/td><\/tr><tr><td>Mal\u00e9 pl\u00e1tno do 35cm<\/td><td>\u20ac10<\/td><td>\u20ac25<\/td><td>\u20ac80<\/td><\/tr><tr><td>St\u0159edn\u00ed pl\u00e1tno do 50cm<\/td><td>\u20ac15<\/td><td>\u20ac40<\/td><td>\u20ac100<\/td><\/tr><tr><td>Velk\u00e9 pl\u00e1tno do 100cm<\/td><td>\u20ac100<\/td><td>\u20ac100<\/td><td>\u20ac250<\/td><\/tr><tr><td>Extra velk\u00e9 pl\u00e1tno do 200cm<\/td><td>\u20ac150<\/td><td>&#8211;<\/td><td>\u20ac420 \u2013 1300<\/td><\/tr><tr><td>Extra velk\u00e9 pl\u00e1tno v roli<\/td><td>\u20ac140<\/td><td>&#8211;<\/td><td>\u20ac420<\/td><\/tr><\/tbody><\/table><\/figure>\n\n\n\n<p>Vezm\u011bte pros\u00edm na v\u011bdom\u00ed n\u00e1sleduj\u00edc\u00ed pokyny pro p\u0159epravu:<\/p>\n\n\n\n<h2 class=\"wp-block-heading\">Omezen\u00ed po\u0161tovn\u00edch slu\u017eeb<\/h2>\n\n\n\n<p>Na\u0161e b\u011b\u017en\u00e1 mo\u017enost po\u0161tovn\u00ed p\u0159epravy je k dispozici pro produkty o d\u00e9lce do dvou metr\u016f. Krom\u011b toho by celkov\u00e1 d\u00e9lka plus dvojn\u00e1sobek sou\u010dtu v\u00fd\u0161ky a \u0161\u00ed\u0159ky nem\u011bla p\u0159es\u00e1hnout 300 cm. T\u00edm je zaji\u0161t\u011bna bezpe\u010dn\u00e1 p\u0159eprava va\u0161ich cenn\u00fdch um\u011bleck\u00fdch d\u011bl. V p\u0159\u00edpad\u011b, \u017ee va\u0161e um\u011bleck\u00e9 d\u00edlo p\u0159esahuje uveden\u00e9 po\u017eadavky, zajist\u00edme jeho odesl\u00e1n\u00ed nejvhodn\u011bj\u0161\u00edm zp\u016fsobem pomoc\u00ed dostupn\u00fdch p\u0159epravn\u00edch slu\u017eeb, jako jsou FedEx, UPS nebo TNT.<\/p>\n\n\n\n<h2 class=\"wp-block-heading\">Komplexn\u00ed p\u0159eprava<\/h2>\n\n\n\n<p>Na\u0161e p\u0159epravn\u00ed slu\u017eby zahrnuj\u00ed pe\u010dliv\u00e9 balen\u00ed, kter\u00e9 chr\u00e1n\u00ed va\u0161e um\u011bleck\u00e9 d\u00edlo b\u011bhem p\u0159epravy. Krom\u011b toho se po\u010d\u00edt\u00e1 s 2% poplatkem za poji\u0161t\u011bn\u00ed, kter\u00fd zajist\u00ed v\u011bt\u0161\u00ed klid.<\/p>\n\n\n\n<h2 class=\"wp-block-heading\">Zvl\u00e1\u0161tn\u00ed ohledy na velk\u00e1 pl\u00e1tna<\/h2>\n\n\n\n<p>U velk\u00fdch pl\u00e1ten p\u0159esahuj\u00edc\u00edch d\u00e9lku dvou metr\u016f nab\u00edz\u00edme mo\u017enost srolovat je do tubusu. Upozor\u0148ujeme, \u017ee to vy\u017eaduje, abyste si na m\u00edst\u011b zajistili mont\u00e1\u017e r\u00e1mu obrazu nebo pl\u00e1tno sami napnuli. P\u0159\u00edpadn\u011b se m\u016f\u017eete rozhodnout d\u0159ev\u011bn\u00fd r\u00e1m pl\u00e1tna zcela vylou\u010dit.<\/p>\n\n\n\n<h2 class=\"wp-block-heading\">Rozd\u00edl v cen\u011b dopravy po cel\u00e9m sv\u011bt\u011b<\/h2>\n\n\n\n<p>V p\u0159\u00edpad\u011b pl\u00e1ten o d\u00e9lce od 1 do 2 metr\u016f v\u00e1m bude p\u0159\u00edpadn\u00fd rozd\u00edl v cen\u011b celosv\u011btov\u00e9 dopravy vr\u00e1cen. Sna\u017e\u00edme se na\u0161im v\u00e1\u017een\u00fdm z\u00e1kazn\u00edk\u016fm nab\u00edzet f\u00e9rov\u00e9 a transparentn\u00ed ceny dopravy.<\/p>\n\n\n\n<h2 class=\"wp-block-heading\">Mo\u017en\u00e9 rozd\u00edly v cen\u011b dopravy<\/h2>\n\n\n\n<p>Upozor\u0148ujeme, \u017ee v n\u011bkter\u00fdch p\u0159\u00edpadech mohou b\u00fdt n\u00e1klady na dopravu vzhledem ke specifick\u00fdm okolnostem vy\u0161\u0161\u00ed. Pokud k tomu dojde, n\u00e1\u0161 t\u00fdm v\u00e1s bude kontaktovat, aby v\u00e1m poskytl dal\u0161\u00ed podrobnosti a projednal s v\u00e1mi nejlep\u0161\u00ed mo\u017en\u00e9 varianty.<\/p>\n\n\n\n<h2 class=\"wp-block-heading\">Z\u00e1sady vracen\u00ed a vr\u00e1cen\u00ed pen\u011bz<\/h2>\n\n\n\n<p>Nab\u00edz\u00edme mo\u017enost vr\u00e1cen\u00ed pen\u011bz v pln\u00e9 v\u00fd\u0161i a\u017e do okam\u017eiku odesl\u00e1n\u00ed. Pokud se rozhodnete d\u00edlo vr\u00e1tit, mus\u00ed b\u00fdt v p\u016fvodn\u00ed kvalit\u011b a zasl\u00e1no zp\u011bt k n\u00e1m na va\u0161e n\u00e1klady.<\/p>\n\n\n\n<p>Ve spole\u010dnosti iDolly.art je pro n\u00e1s prioritou bezpe\u010dn\u00e1 a efektivn\u00ed p\u0159eprava va\u0161ich um\u011bleck\u00fdch d\u011bl, kter\u00e1 zajist\u00ed, \u017ee doraz\u00ed ve v\u00fdborn\u00e9m stavu. M\u00e1te-li jak\u00e9koli dotazy nebo pot\u0159ebujete-li dal\u0161\u00ed pomoc ohledn\u011b p\u0159epravy, nev\u00e1hejte se obr\u00e1tit na n\u00e1\u0161 specializovan\u00fd t\u00fdm z\u00e1kaznick\u00e9 podpory.<\/p>\n\n\n\n<ol class=\"wp-block-list\">\n<li><strong>Lh\u016fta pro vr\u00e1cen\u00ed zbo\u017e\u00ed:<\/strong> Spot\u0159ebitel m\u00e1 pr\u00e1vo odstoupit od smlouvy a vr\u00e1tit zbo\u017e\u00ed v pln\u00e9 v\u00fd\u0161i do 14 dn\u016f od doru\u010den\u00ed zbo\u017e\u00ed.<\/li>\n\n\n\n<li><strong>Podm\u00ednky vr\u00e1cen\u00ed zbo\u017e\u00ed:<\/strong> Zbo\u017e\u00ed mus\u00ed b\u00fdt vr\u00e1ceno v p\u016fvodn\u00edm stavu a kvalit\u011b. Prodejce m\u00e1 pr\u00e1vo od spot\u0159ebitele po\u017eadovat n\u00e1hradu za sn\u00ed\u017een\u00ed hodnoty zbo\u017e\u00ed, pokud do\u0161lo k opot\u0159eben\u00ed zbo\u017e\u00ed zp\u016fsoben\u00e9mu spot\u0159ebitelem.<\/li>\n\n\n\n<li><strong>Dopravn\u00e9 p\u0159i vr\u00e1cen\u00ed:<\/strong> Pokud spot\u0159ebitel se rozhodne vr\u00e1tit zbo\u017e\u00ed, nese n\u00e1klady spojen\u00e9 s dopravou zp\u011bt k prodejci. Av\u0161ak, pokud spot\u0159ebitel nebyl dostate\u010dn\u011b informov\u00e1n o t\u011bchto n\u00e1kladech p\u0159ed uzav\u0159en\u00edm smlouvy, m\u016f\u017ee m\u00edt n\u00e1rok na jejich \u00fahradu prodejcem.<\/li>\n\n\n\n<li><strong>Vr\u00e1cen\u00ed kupn\u00ed ceny:<\/strong> Prodejce je povinen vr\u00e1tit kupn\u00ed cenu spot\u0159ebiteli ve stejn\u00e9 form\u011b, jakou byla provedena platba za zbo\u017e\u00ed, do 14 dn\u016f od doru\u010den\u00ed vr\u00e1cen\u00e9ho zbo\u017e\u00ed.<\/li>\n\n\n\n<li><strong>Opot\u0159eben\u00ed a po\u0161kozen\u00ed zbo\u017e\u00ed:<\/strong> Spot\u0159ebitel m\u00e1 pr\u00e1vo na vr\u00e1cen\u00ed kupn\u00ed ceny v pln\u00e9 v\u00fd\u0161i, pokud zbo\u017e\u00ed po vr\u00e1cen\u00ed nenese zn\u00e1mky opot\u0159eben\u00ed nebo po\u0161kozen\u00ed zp\u016fsoben\u00e9ho jeho nedbalost\u00ed. Prodejce nesm\u00ed \u00fa\u010dtovat \u017e\u00e1dn\u00e9 manipula\u010dn\u00ed poplatky za vy\u0159\u00edzen\u00ed vr\u00e1cen\u00ed zbo\u017e\u00ed nebo jeho prohl\u00eddku, pokud zbo\u017e\u00ed bylo vr\u00e1ceno v nepo\u0161kozen\u00e9m stavu.<\/li>\n\n\n\n<li><strong>Kontrola zbo\u017e\u00ed po doru\u010den\u00ed:<\/strong> Spot\u0159ebitel by m\u011bl prov\u00e9st d\u016fkladnou kontrolu zbo\u017e\u00ed ihned po doru\u010den\u00ed a p\u0159\u00edpadn\u00e9 po\u0161kozen\u00ed nebo nedostatky nahl\u00e1sit jak dopravci, tak prodejci co nejd\u0159\u00edve.<\/li>\n<\/ol>\n\n\n\n<p>Tyto z\u00e1sady jsou navr\u017eeny za \u00fa\u010delem zaji\u0161t\u011bn\u00ed transparentn\u00edho a f\u00e9rov\u00e9ho procesu vr\u00e1cen\u00ed a vr\u00e1cen\u00ed pen\u011bz, kter\u00fd respektuje pr\u00e1va jak spot\u0159ebitele, tak prodejce.<\/p>","protected":false},"excerpt":{"rendered":"<p>V iDolly.art nab\u00edz\u00edme spolehliv\u00e9 p\u0159epravn\u00ed slu\u017eby pro va\u0161e um\u011bleck\u00e1 pl\u00e1tna, desky a ti\u0161t\u011bn\u00e9 um\u011bleck\u00e9 reprodukce. Mo\u017enosti dopravy Mo\u017enosti p\u0159epravy a ceny, nezahrnuje 2% poplatek za poji\u0161t\u011bn\u00ed. P\u0159epravn\u00ed t\u0159\u00edda podle velikosti \u010cesko Worldwide Post Worldwide FedEx UPS TNT Pohlednice 50,- \u20ac4 &#8211; Mal\u00e9 pl\u00e1tno do 35cm \u20ac10 \u20ac25 \u20ac80 St\u0159edn\u00ed pl\u00e1tno do 50cm \u20ac15 \u20ac40 \u20ac100 [&hellip;]<\/p>","protected":false},"author":4,"featured_media":0,"parent":0,"menu_order":0,"comment_status":"closed","ping_status":"closed","template":"","meta":{"footnotes":""},"class_list":["post-891","page","type-page","status-publish","hentry"],"jetpack_sharing_enabled":true,"jetpack_likes_enabled":true,"jetpack-related-posts":[{"id":1157,"url":"https:\/\/www.idolly.art\/cs\/shipping-and-return\/","url_meta":{"origin":891,"position":0},"title":"Shipping and Return","author":"iDolly","date":"25 kv\u011btna 2023","format":false,"excerpt":"At iDolly.art, we offer reliable shipping services for your fine art canvases, boards, and printed art reproductions. Shipping Options Shipping options and prices, not including 2% insurance fee. Size Shipping ClassCzechiaWorldwide PostWorldwide FedEx UPS TNTPostcardfreefreenot supportedSmall Canvas up to 35cm\u20ac10\u20ac25\u20ac80Medium Canvas up to 50cm\u20ac15\u20ac40\u20ac100Large Canvas up to 100cm\u20ac100\u20ac100\u20ac250Extra Large Canvas\u2026","rel":"","context":"Podobn\u00fd p\u0159\u00edsp\u011bvek","block_context":{"text":"Podobn\u00fd p\u0159\u00edsp\u011bvek","link":""},"img":{"alt_text":"","src":"","width":0,"height":0},"classes":[]},{"id":3,"url":"https:\/\/www.idolly.art\/cs\/ochrana-osobnich-udaju\/","url_meta":{"origin":891,"position":1},"title":"Z\u00e1sady ochrany osobn\u00edch \u00fadaj\u016f","author":"iDolly","date":"17 ledna 2024","format":false,"excerpt":"Kdo jsmeDoporu\u010den\u00fd text: Na\u0161e webov\u00e1 adresa je: https:\/\/www.idolly.art.Koment\u00e1\u0159eDoporu\u010den\u00fd text: Kdy\u017e n\u00e1v\u0161t\u011bvn\u00edci p\u0159idaj\u00ed koment\u00e1\u0159 na tento web, jsou shroma\u017e\u010fov\u00e1ny \u00fadaje zobrazen\u00e9 ve formul\u00e1\u0159i pro koment\u00e1\u0159, d\u00e1le IP adresa n\u00e1v\u0161t\u011bvn\u00edka a \u0159et\u011bzec user agent definuj\u00edc\u00ed prohl\u00ed\u017ee\u010d, co\u017e pom\u00e1h\u00e1 k detekci spamu.Slu\u017eb\u011b Gravatar m\u016f\u017ee b\u00fdt poskytnut anonymn\u00ed \u0159et\u011bzec vytvo\u0159en\u00fd z va\u0161\u00ed e-mailov\u00e9 adresy\u2026","rel":"","context":"Podobn\u00fd p\u0159\u00edsp\u011bvek","block_context":{"text":"Podobn\u00fd p\u0159\u00edsp\u011bvek","link":""},"img":{"alt_text":"","src":"","width":0,"height":0},"classes":[]},{"id":103,"url":"https:\/\/www.idolly.art\/cs\/refund_returns\/","url_meta":{"origin":891,"position":2},"title":"Refund and Returns Policy","author":"iDolly","date":"1 kv\u011btna 2024","format":false,"excerpt":"This is a public page. Overview Our refund and returns policy lasts 30 days. If 30 days have passed since your purchase, we can\u2019t offer you a full refund or exchange. To be eligible for a return, your item must be unused and in the same condition that you received\u2026","rel":"","context":"Podobn\u00fd p\u0159\u00edsp\u011bvek","block_context":{"text":"Podobn\u00fd p\u0159\u00edsp\u011bvek","link":""},"img":{"alt_text":"","src":"","width":0,"height":0},"classes":[]}],"_links":{"self":[{"href":"https:\/\/www.idolly.art\/cs\/wp-json\/wp\/v2\/pages\/891","targetHints":{"allow":["GET"]}}],"collection":[{"href":"https:\/\/www.idolly.art\/cs\/wp-json\/wp\/v2\/pages"}],"about":[{"href":"https:\/\/www.idolly.art\/cs\/wp-json\/wp\/v2\/types\/page"}],"author":[{"embeddable":true,"href":"https:\/\/www.idolly.art\/cs\/wp-json\/wp\/v2\/users\/4"}],"replies":[{"embeddable":true,"href":"https:\/\/www.idolly.art\/cs\/wp-json\/wp\/v2\/comments?post=891"}],"version-history":[{"count":3,"href":"https:\/\/www.idolly.art\/cs\/wp-json\/wp\/v2\/pages\/891\/revisions"}],"predecessor-version":[{"id":1427,"href":"https:\/\/www.idolly.art\/cs\/wp-json\/wp\/v2\/pages\/891\/revisions\/1427"}],"wp:attachment":[{"href":"https:\/\/www.idolly.art\/cs\/wp-json\/wp\/v2\/media?parent=891"}],"curies":[{"name":"wp","href":"https:\/\/api.w.org\/{rel}","templated":true}]}}