{"id":66,"date":"2020-03-18T12:24:45","date_gmt":"2020-03-18T11:24:45","guid":{"rendered":"https:\/\/www.idolly.art\/?page_id=66"},"modified":"2024-02-12T17:48:50","modified_gmt":"2024-02-12T16:48:50","slug":"projects","status":"publish","type":"page","link":"https:\/\/www.idolly.art\/cs\/hi\/projects\/","title":{"rendered":"Projects"},"content":{"rendered":"<div class=\"wp-block-query is-layout-flow wp-block-query-is-layout-flow\"><ul class=\"is-flex-container columns-3 wp-block-post-template is-layout-flow wp-block-post-template-is-layout-flow\"><li class=\"wp-block-post post-1851 jetpack-portfolio type-jetpack-portfolio status-publish format-standard has-post-thumbnail hentry\">\n<h2 class=\"wp-block-post-title\"><a href=\"https:\/\/www.idolly.art\/cs\/portfolio\/the-audience-is-thrilled-designblok-2024\/\" target=\"_self\" >THE AUDIENCE IS THRILLED, Designblok 2024<\/a><\/h2>\n\n<figure class=\"alignwide wp-block-post-featured-image\"><a href=\"https:\/\/www.idolly.art\/cs\/portfolio\/the-audience-is-thrilled-designblok-2024\/\" target=\"_self\"  ><img loading=\"lazy\" decoding=\"async\" width=\"2560\" height=\"1707\" src=\"https:\/\/www.idolly.art\/wp-content\/uploads\/2024\/10\/img_8705-scaled.avif\" class=\"attachment-post-thumbnail size-post-thumbnail wp-post-image\" alt=\"THE AUDIENCE IS THRILLED, Designblok 2024\" style=\"object-fit:cover;\" srcset=\"https:\/\/www.idolly.art\/wp-content\/uploads\/2024\/10\/img_8705-scaled.avif 2560w, https:\/\/www.idolly.art\/wp-content\/uploads\/2024\/10\/img_8705-300x200.avif 300w, https:\/\/www.idolly.art\/wp-content\/uploads\/2024\/10\/img_8705-1024x683.avif 1024w, https:\/\/www.idolly.art\/wp-content\/uploads\/2024\/10\/img_8705-768x512.avif 768w, https:\/\/www.idolly.art\/wp-content\/uploads\/2024\/10\/img_8705-1536x1024.avif 1536w, https:\/\/www.idolly.art\/wp-content\/uploads\/2024\/10\/img_8705-2048x1365.avif 2048w, https:\/\/www.idolly.art\/wp-content\/uploads\/2024\/10\/img_8705-1320x880.avif 1320w, https:\/\/www.idolly.art\/wp-content\/uploads\/2024\/10\/img_8705-600x400.avif 600w\" sizes=\"auto, (max-width: 2560px) 100vw, 2560px\" data-attachment-id=\"1815\" data-permalink=\"https:\/\/www.idolly.art\/cs\/?attachment_id=1815\" data-orig-file=\"https:\/\/www.idolly.art\/wp-content\/uploads\/2024\/10\/img_8705-scaled.avif\" data-orig-size=\"2560,1707\" data-comments-opened=\"0\" data-image-meta=\"{&quot;aperture&quot;:&quot;4&quot;,&quot;credit&quot;:&quot;&quot;,&quot;camera&quot;:&quot;Canon EOS 5D Mark IV&quot;,&quot;caption&quot;:&quot;&quot;,&quot;created_timestamp&quot;:&quot;1727556804&quot;,&quot;copyright&quot;:&quot;&quot;,&quot;focal_length&quot;:&quot;35&quot;,&quot;iso&quot;:&quot;2000&quot;,&quot;shutter_speed&quot;:&quot;0.008&quot;,&quot;title&quot;:&quot;&quot;,&quot;orientation&quot;:&quot;1&quot;}\" data-image-title=\"img_8705\" data-image-description=\"\" data-image-caption=\"\" data-large-file=\"https:\/\/www.idolly.art\/wp-content\/uploads\/2024\/10\/img_8705-1024x683.avif\" \/><\/a><\/figure>\n\n<div class=\"wp-block-post-excerpt\"><p class=\"wp-block-post-excerpt__excerpt\">The art project &#8220;THE AUDIENCE IS THRILLED&#8221; presents a nostalgic reflection and critique of childhood dreams. As part of the upcoming Designblok 2024 exhibition, two talented artists, MgA Nonna Lorenz (@nonna.post) and MgA Daria Borshch (@www.idolly.art), have joined forces to create a captivating project that explores the transformation of childhood dreams and ideals in contrast&hellip; <\/p><\/div>\n\n\n<hr class=\"wp-block-separator\"\/>\n\n\n<div class=\"wp-block-post-date\"><time datetime=\"2024-10-03T00:53:36+02:00\">3 \u0159\u00edjna 2024<\/time><\/div>\n<\/li><\/ul><\/div>","protected":false},"excerpt":{"rendered":"","protected":false},"author":4,"featured_media":0,"parent":2,"menu_order":0,"comment_status":"closed","ping_status":"closed","template":"","meta":{"footnotes":""},"class_list":["post-66","page","type-page","status-publish","hentry"],"jetpack_sharing_enabled":true,"jetpack_likes_enabled":true,"jetpack-related-posts":[{"id":2,"url":"https:\/\/www.idolly.art\/cs\/hi\/","url_meta":{"origin":66,"position":0},"title":"bonjour","author":"iDolly","date":"29 prosince 2019","format":false,"excerpt":"Ahoj! My name is Daria Borshch. I am master of fine arts(MgA or MFA), abstract expressionism and impressionism painter. Creator of WhoMan Adventures. I live and create original oil and acrylic art on canvas in Prague, Czech Republic. Using bright colours and bizarre shapes, I question reality so that the\u2026","rel":"","context":"Podobn\u00fd p\u0159\u00edsp\u011bvek","block_context":{"text":"Podobn\u00fd p\u0159\u00edsp\u011bvek","link":""},"img":{"alt_text":"","src":"","width":0,"height":0},"classes":[]}],"_links":{"self":[{"href":"https:\/\/www.idolly.art\/cs\/wp-json\/wp\/v2\/pages\/66","targetHints":{"allow":["GET"]}}],"collection":[{"href":"https:\/\/www.idolly.art\/cs\/wp-json\/wp\/v2\/pages"}],"about":[{"href":"https:\/\/www.idolly.art\/cs\/wp-json\/wp\/v2\/types\/page"}],"author":[{"embeddable":true,"href":"https:\/\/www.idolly.art\/cs\/wp-json\/wp\/v2\/users\/4"}],"replies":[{"embeddable":true,"href":"https:\/\/www.idolly.art\/cs\/wp-json\/wp\/v2\/comments?post=66"}],"version-history":[{"count":1,"href":"https:\/\/www.idolly.art\/cs\/wp-json\/wp\/v2\/pages\/66\/revisions"}],"predecessor-version":[{"id":1400,"href":"https:\/\/www.idolly.art\/cs\/wp-json\/wp\/v2\/pages\/66\/revisions\/1400"}],"up":[{"embeddable":true,"href":"https:\/\/www.idolly.art\/cs\/wp-json\/wp\/v2\/pages\/2"}],"wp:attachment":[{"href":"https:\/\/www.idolly.art\/cs\/wp-json\/wp\/v2\/media?parent=66"}],"curies":[{"name":"wp","href":"https:\/\/api.w.org\/{rel}","templated":true}]}}