{"id":62,"date":"2020-03-18T12:15:15","date_gmt":"2020-03-18T11:15:15","guid":{"rendered":"https:\/\/www.idolly.art\/?page_id=62"},"modified":"2025-06-23T15:49:58","modified_gmt":"2025-06-23T13:49:58","slug":"bio","status":"publish","type":"page","link":"https:\/\/www.idolly.art\/cs\/bio\/","title":{"rendered":"About me"},"content":{"rendered":"<div class=\"wp-block-group is-layout-flow wp-block-group-is-layout-flow\">\n<p>I was born in 1996 in Tumen, Western Siberia, a region known for its harsh winters and striking natural beauty, surrounded by vast forests and the winding rivers that tie the land together. Growing up in this rural setting shaped my early experiences, offering a unique blend of cultural traditions and a deep connection to nature that would influence my perspective on life.<\/p>\n\n\n\n<h2 class=\"wp-block-heading\" id=\"zWJNFQiU5yMHI1BU\">Education<\/h2>\n\n\n\n<ul id=\"Xrm0xxmxMVFJlE7C\" class=\"wp-block-list\">\n<li>2004-2012 Art School: A period marked by exploration and experimentation in various artistic disciplines, where foundational skills were developed and creativity flourished, leading to a deeper understanding of the art world and its diverse methods of expression.<\/li>\n\n\n\n<li>2015-2021 Faculty of Design and Art of Ladislav Sutnar (FDULS), University of West Bohemia (Z\u010cU). Under the guidance of Doc. M.F.A. Ale\u0161 Ogoun.\n<ul class=\"wp-block-list\">\n<li>2015-2018 BcA. Bachelor in Fine Arts.<\/li>\n\n\n\n<li>2018-2021 MgA. Master in Fine Arts.<\/li>\n<\/ul>\n<\/li>\n<\/ul>\n\n\n\n<h2 class=\"wp-block-heading\" id=\"KSfMAmU6OulVZVVG\">Galleries and Exhibits<\/h2>\n\n\n\n<ul id=\"kofPDvcByVwLpqYs\" class=\"wp-block-list\">\n<li>2018 Pap\u00edrna Plze\u0148 (Group Exhibition)<\/li>\n\n\n\n<li>2021 Open Art Fest Prague (V\u00fdstavi\u0161t\u011b Hole\u0161ovice)<\/li>\n\n\n\n<li>2022 Orange bar (Ha\u0161talsk\u00e1 755\/15, Praha)<\/li>\n\n\n\n<li>2023 Atelier de Bosco (\u017ditn\u00e1 570\/26, Praha)<\/li>\n\n\n\n<li>2024 1.02 &#8211; 30.02 &#8220;Ye&#8217;s kafe Studio&#8221; &amp; &#8220;Ye&#8217;s kafe Wine&#8221;<\/li>\n\n\n\n<li>2024 9.03 &#8211; 27.04 Dobr\u00e1 trafika na \u00dajezde<\/li>\n\n\n\n<li>2024 27.04 &#8211; 27.07 Orange bar (Ha\u0161talsk\u00e1 755\/15, Praha 1)<\/li>\n\n\n\n<li>2024 2.10 &#8211; 6.10 Designblok Prague (Design Festival)<\/li>\n\n\n\n<li>2024 10.10 &#8211; 10.12 Periferie Cafe <\/li>\n\n\n\n<li>2024 15.11 &#8211; 5.01 My Coffee Story<\/li>\n\n\n\n<li>2024 4.11 14.12 Carpe Diem (Group Exhibition) <\/li>\n\n\n\n<li>2025 21 Coffee (<strong>Ongoing<\/strong> <strong>Exhibition<\/strong>)<\/li>\n\n\n\n<li>2025 15.05 &#8211; 26.06 b:e caf\u00e9\/bar<\/li>\n\n\n\n<li>2025 22.06 Botticelli (<strong>Ongoing<\/strong> <strong>Exhibition<\/strong>)<\/li>\n<\/ul>\n<\/div>\n\n\n\n<p><\/p>","protected":false},"excerpt":{"rendered":"<p>I was born in 1996 in Tumen, Western Siberia, a region known for its harsh winters and striking natural beauty, surrounded by vast forests and the winding rivers that tie the land together. Growing up in this rural setting shaped my early experiences, offering a unique blend of cultural traditions and a deep connection to [&hellip;]<\/p>","protected":false},"author":4,"featured_media":1677,"parent":0,"menu_order":0,"comment_status":"closed","ping_status":"closed","template":"","meta":{"footnotes":""},"class_list":["post-62","page","type-page","status-publish","has-post-thumbnail","hentry"],"jetpack_sharing_enabled":true,"jetpack_likes_enabled":true,"jetpack-related-posts":[{"id":2,"url":"https:\/\/www.idolly.art\/cs\/hi\/","url_meta":{"origin":62,"position":0},"title":"bonjour","author":"iDolly","date":"29 prosince 2019","format":false,"excerpt":"Ahoj! My name is Daria Borshch. I am master of fine arts(MgA or MFA), abstract expressionism and impressionism painter. Creator of WhoMan Adventures. I live and create original oil and acrylic art on canvas in Prague, Czech Republic. Using bright colours and bizarre shapes, I question reality so that the\u2026","rel":"","context":"Podobn\u00fd p\u0159\u00edsp\u011bvek","block_context":{"text":"Podobn\u00fd p\u0159\u00edsp\u011bvek","link":""},"img":{"alt_text":"","src":"","width":0,"height":0},"classes":[]},{"id":7,"url":"https:\/\/www.idolly.art\/cs\/shop\/","url_meta":{"origin":62,"position":1},"title":"Shop","author":"iDolly","date":"17 ledna 2024","format":false,"excerpt":"","rel":"","context":"Podobn\u00fd p\u0159\u00edsp\u011bvek","block_context":{"text":"Podobn\u00fd p\u0159\u00edsp\u011bvek","link":""},"img":{"alt_text":"","src":"","width":0,"height":0},"classes":[]},{"id":100,"url":"https:\/\/www.idolly.art\/cs\/basket\/","url_meta":{"origin":62,"position":2},"title":"Basket","author":"iDolly","date":"8 z\u00e1\u0159\u00ed 2021","format":false,"excerpt":"","rel":"","context":"Podobn\u00fd p\u0159\u00edsp\u011bvek","block_context":{"text":"Podobn\u00fd p\u0159\u00edsp\u011bvek","link":""},"img":{"alt_text":"","src":"","width":0,"height":0},"classes":[]},{"id":101,"url":"https:\/\/www.idolly.art\/cs\/checkout\/","url_meta":{"origin":62,"position":3},"title":"Checkout","author":"iDolly","date":"8 z\u00e1\u0159\u00ed 2021","format":false,"excerpt":"","rel":"","context":"Podobn\u00fd p\u0159\u00edsp\u011bvek","block_context":{"text":"Podobn\u00fd p\u0159\u00edsp\u011bvek","link":""},"img":{"alt_text":"","src":"","width":0,"height":0},"classes":[]},{"id":102,"url":"https:\/\/www.idolly.art\/cs\/myaccount\/","url_meta":{"origin":62,"position":4},"title":"My account","author":"iDolly","date":"8 z\u00e1\u0159\u00ed 2021","format":false,"excerpt":"","rel":"","context":"Podobn\u00fd p\u0159\u00edsp\u011bvek","block_context":{"text":"Podobn\u00fd p\u0159\u00edsp\u011bvek","link":""},"img":{"alt_text":"","src":"","width":0,"height":0},"classes":[]},{"id":741,"url":"https:\/\/www.idolly.art\/cs\/","url_meta":{"origin":62,"position":5},"title":"Atelier","author":"iDolly","date":"22 ledna 2022","format":false,"excerpt":"Hi Human! iDolly is an oil painter living and working IN Prague, Czechia Originals Prints Fresh news About me My fine art invites you to step into a world where identity blurs, and what remains is a shared sense of connection, timeless emotion, and the unspoken stories that unite us.\u2026","rel":"","context":"Podobn\u00fd p\u0159\u00edsp\u011bvek","block_context":{"text":"Podobn\u00fd p\u0159\u00edsp\u011bvek","link":""},"img":{"alt_text":"","src":"https:\/\/www.idolly.art\/wp-content\/uploads\/2024\/10\/iDolly_cover-rotated.avif","width":350,"height":200,"srcset":"https:\/\/www.idolly.art\/wp-content\/uploads\/2024\/10\/iDolly_cover-rotated.avif 1x, https:\/\/www.idolly.art\/wp-content\/uploads\/2024\/10\/iDolly_cover-rotated.avif 1.5x, https:\/\/www.idolly.art\/wp-content\/uploads\/2024\/10\/iDolly_cover-rotated.avif 2x, https:\/\/www.idolly.art\/wp-content\/uploads\/2024\/10\/iDolly_cover-rotated.avif 3x"},"classes":[]}],"_links":{"self":[{"href":"https:\/\/www.idolly.art\/cs\/wp-json\/wp\/v2\/pages\/62","targetHints":{"allow":["GET"]}}],"collection":[{"href":"https:\/\/www.idolly.art\/cs\/wp-json\/wp\/v2\/pages"}],"about":[{"href":"https:\/\/www.idolly.art\/cs\/wp-json\/wp\/v2\/types\/page"}],"author":[{"embeddable":true,"href":"https:\/\/www.idolly.art\/cs\/wp-json\/wp\/v2\/users\/4"}],"replies":[{"embeddable":true,"href":"https:\/\/www.idolly.art\/cs\/wp-json\/wp\/v2\/comments?post=62"}],"version-history":[{"count":7,"href":"https:\/\/www.idolly.art\/cs\/wp-json\/wp\/v2\/pages\/62\/revisions"}],"predecessor-version":[{"id":2021,"href":"https:\/\/www.idolly.art\/cs\/wp-json\/wp\/v2\/pages\/62\/revisions\/2021"}],"wp:featuredmedia":[{"embeddable":true,"href":"https:\/\/www.idolly.art\/cs\/wp-json\/wp\/v2\/media\/1677"}],"wp:attachment":[{"href":"https:\/\/www.idolly.art\/cs\/wp-json\/wp\/v2\/media?parent=62"}],"curies":[{"name":"wp","href":"https:\/\/api.w.org\/{rel}","templated":true}]}}