{"id":10,"date":"2024-01-17T05:25:39","date_gmt":"2024-01-17T04:25:39","guid":{"rendered":"https:\/\/www.idolly.art\/muj-ucet\/"},"modified":"2024-05-01T15:35:39","modified_gmt":"2024-05-01T13:35:39","slug":"my-account","status":"publish","type":"page","link":"https:\/\/www.idolly.art\/cs\/my-account\/","title":{"rendered":"My Account"},"content":{"rendered":"<div class=\"woocommerce\"><\/div>","protected":false},"excerpt":{"rendered":"","protected":false},"author":4,"featured_media":0,"parent":0,"menu_order":0,"comment_status":"closed","ping_status":"closed","template":"","meta":{"footnotes":""},"class_list":["post-10","page","type-page","status-publish","hentry"],"jetpack_sharing_enabled":true,"jetpack_likes_enabled":true,"jetpack-related-posts":[{"id":102,"url":"https:\/\/www.idolly.art\/cs\/myaccount\/","url_meta":{"origin":10,"position":0},"title":"My account","author":"iDolly","date":"8 z\u00e1\u0159\u00ed 2021","format":false,"excerpt":"","rel":"","context":"Podobn\u00fd p\u0159\u00edsp\u011bvek","block_context":{"text":"Podobn\u00fd p\u0159\u00edsp\u011bvek","link":""},"img":{"alt_text":"","src":"","width":0,"height":0},"classes":[]},{"id":741,"url":"https:\/\/www.idolly.art\/cs\/","url_meta":{"origin":10,"position":1},"title":"Atelier","author":"iDolly","date":"22 ledna 2022","format":false,"excerpt":"Hi Human! iDolly is an oil painter living and working IN Prague, Czechia Originals Prints Fresh news About me My fine art invites you to step into a world where identity blurs, and what remains is a shared sense of connection, timeless emotion, and the unspoken stories that unite us.\u2026","rel":"","context":"Podobn\u00fd p\u0159\u00edsp\u011bvek","block_context":{"text":"Podobn\u00fd p\u0159\u00edsp\u011bvek","link":""},"img":{"alt_text":"","src":"https:\/\/www.idolly.art\/wp-content\/uploads\/2024\/10\/iDolly_cover-rotated.avif","width":350,"height":200,"srcset":"https:\/\/www.idolly.art\/wp-content\/uploads\/2024\/10\/iDolly_cover-rotated.avif 1x, https:\/\/www.idolly.art\/wp-content\/uploads\/2024\/10\/iDolly_cover-rotated.avif 1.5x, https:\/\/www.idolly.art\/wp-content\/uploads\/2024\/10\/iDolly_cover-rotated.avif 2x, https:\/\/www.idolly.art\/wp-content\/uploads\/2024\/10\/iDolly_cover-rotated.avif 3x"},"classes":[]},{"id":2,"url":"https:\/\/www.idolly.art\/cs\/hi\/","url_meta":{"origin":10,"position":2},"title":"bonjour","author":"iDolly","date":"29 prosince 2019","format":false,"excerpt":"Ahoj! My name is Daria Borshch. I am master of fine arts(MgA or MFA), abstract expressionism and impressionism painter. Creator of WhoMan Adventures. I live and create original oil and acrylic art on canvas in Prague, Czech Republic. Using bright colours and bizarre shapes, I question reality so that the\u2026","rel":"","context":"Podobn\u00fd p\u0159\u00edsp\u011bvek","block_context":{"text":"Podobn\u00fd p\u0159\u00edsp\u011bvek","link":""},"img":{"alt_text":"","src":"","width":0,"height":0},"classes":[]},{"id":62,"url":"https:\/\/www.idolly.art\/cs\/bio\/","url_meta":{"origin":10,"position":3},"title":"About me","author":"iDolly","date":"18 b\u0159ezna 2020","format":false,"excerpt":"I was born in 1996 in Tumen, Western Siberia, a region known for its harsh winters and striking natural beauty, surrounded by vast forests and the winding rivers that tie the land together. Growing up in this rural setting shaped my early experiences, offering a unique blend of cultural traditions\u2026","rel":"","context":"Podobn\u00fd p\u0159\u00edsp\u011bvek","block_context":{"text":"Podobn\u00fd p\u0159\u00edsp\u011bvek","link":""},"img":{"alt_text":"","src":"https:\/\/i0.wp.com\/www.idolly.art\/wp-content\/uploads\/2024\/04\/0bef45af04a66c97f6eef54b7e466bf3-jpg.webp?resize=350%2C200&ssl=1","width":350,"height":200,"srcset":"https:\/\/i0.wp.com\/www.idolly.art\/wp-content\/uploads\/2024\/04\/0bef45af04a66c97f6eef54b7e466bf3-jpg.webp?resize=350%2C200&ssl=1 1x, https:\/\/i0.wp.com\/www.idolly.art\/wp-content\/uploads\/2024\/04\/0bef45af04a66c97f6eef54b7e466bf3-jpg.webp?resize=525%2C300&ssl=1 1.5x, https:\/\/i0.wp.com\/www.idolly.art\/wp-content\/uploads\/2024\/04\/0bef45af04a66c97f6eef54b7e466bf3-jpg.webp?resize=700%2C400&ssl=1 2x"},"classes":[]},{"id":103,"url":"https:\/\/www.idolly.art\/cs\/refund_returns\/","url_meta":{"origin":10,"position":4},"title":"Refund and Returns Policy","author":"iDolly","date":"1 kv\u011btna 2024","format":false,"excerpt":"This is a public page. Overview Our refund and returns policy lasts 30 days. If 30 days have passed since your purchase, we can\u2019t offer you a full refund or exchange. To be eligible for a return, your item must be unused and in the same condition that you received\u2026","rel":"","context":"Podobn\u00fd p\u0159\u00edsp\u011bvek","block_context":{"text":"Podobn\u00fd p\u0159\u00edsp\u011bvek","link":""},"img":{"alt_text":"","src":"","width":0,"height":0},"classes":[]}],"_links":{"self":[{"href":"https:\/\/www.idolly.art\/cs\/wp-json\/wp\/v2\/pages\/10","targetHints":{"allow":["GET"]}}],"collection":[{"href":"https:\/\/www.idolly.art\/cs\/wp-json\/wp\/v2\/pages"}],"about":[{"href":"https:\/\/www.idolly.art\/cs\/wp-json\/wp\/v2\/types\/page"}],"author":[{"embeddable":true,"href":"https:\/\/www.idolly.art\/cs\/wp-json\/wp\/v2\/users\/4"}],"replies":[{"embeddable":true,"href":"https:\/\/www.idolly.art\/cs\/wp-json\/wp\/v2\/comments?post=10"}],"version-history":[{"count":2,"href":"https:\/\/www.idolly.art\/cs\/wp-json\/wp\/v2\/pages\/10\/revisions"}],"predecessor-version":[{"id":1709,"href":"https:\/\/www.idolly.art\/cs\/wp-json\/wp\/v2\/pages\/10\/revisions\/1709"}],"wp:attachment":[{"href":"https:\/\/www.idolly.art\/cs\/wp-json\/wp\/v2\/media?parent=10"}],"curies":[{"name":"wp","href":"https:\/\/api.w.org\/{rel}","templated":true}]}}